{"id":31772,"date":"2026-03-04T19:04:24","date_gmt":"2026-03-05T01:04:24","guid":{"rendered":"https:\/\/littlevillagechamber.org\/?page_id=31772"},"modified":"2026-03-04T20:39:57","modified_gmt":"2026-03-05T02:39:57","slug":"partners","status":"publish","type":"page","link":"https:\/\/littlevillagechamber.org\/es\/programs\/partners\/","title":{"rendered":"Partners &#038; Allies"},"content":{"rendered":"<h1>Partners &#038; Allies<\/h1>\t\t\t\n\t\t\t<h2>Focused Strength &#038; Support<\/h2>\t\t\t\n\t\t\t\tEn la <strong>La C\u00e1mara de Comercio de La Villita<\/strong>, collaboration is essential to strengthening the local business ecosystem. Through strategic partnerships we work collectively to support and elevate entrepreneurs across the Little Village business corridor in Chicago. These partnerships allow us to connect local businesses with vital resources, technical assistance, financial opportunities, marketing platforms, and community initiatives designed to increase visibility, foot traffic, and long-term economic growth.\nBy aligning public agencies, community organizations, and economic development partners, the Chamber helps create programs, events, and campaigns that empower business owners, strengthen the commercial corridor, and celebrate the vibrant culture that makes Little Village one of the most dynamic Latino business districts in the Midwest.\nTogether, we are building a stronger, more resilient local economy for entrepreneurs and the community they serve.\n\t\t\t<h3>\u00c1rea Especial de Servicio #25 (SSA #25)<\/h3>\t\t\t\n\t<ul>\n\t\t<li>\t\t\t\t\n\t\t<p>Special Service Area #25 (SSA #25) is a taxing district that is an economic development tool. Created by state statute and city ordinance, SSA&#8217;s are an additional real estate property tax levy that funds additional services beyond municipal services in a defined district.<\/p><\/li><li>\t\t\t\t\n\t\t<p>SSA&#8217;s, often known as Business Improvement Districts in other cities, provide a fair and transparent way to finance and manage programs to create, maintain and manage clean, attractive and competitive commercial districts.<\/p><\/li><li>\t\t\t\t\n\t\t<p>Durante los \u00faltimos a\u00f1os, el SSA #25 ha ayudado a las organizaciones comunitarias a ejecutar sus eventos especiales en un esfuerzo por crear tr\u00e1fico en nuestro distrito comercial. El Ayuntamiento de Chicago cre\u00f3 el Little Village SSA #25 el 17 de diciembre de 2003, y sus l\u00edmites se expandieron el 12 de noviembre de 2008.<\/p><\/li>\t<\/ul>\n\t\t\t<h3>Fondo de Oportunidad Vecinal<\/h3>\t\t\t\n\t<ul>\n\t\t<li>\t\t\t\t\n\t\t<p>El Fondo de Oportunidad Vecinal es un\u00a0<a href=\"https:\/\/www.chicago.gov\/city\/en\/depts\/dcd\/supp_info\/neighborhood-opportunity-fund0.html\" target=\"_blank\" rel=\"noopener\" data-processed=\"true\">programa de la ciudad de Chicago<\/a>\u00a0Establecido en 2016 para fomentar el desarrollo econ\u00f3mico en corredores comerciales hist\u00f3ricamente desatendidos del sur, suroeste y oeste.<\/p><\/li><li>\t\t\t\t\n\t\t<p>Proporciona subvenciones de reembolso (hasta $250,000) para proyectos comerciales y culturales, financiados en un 80% con las tarifas pagadas por los desarrolladores del centro de la ciudad por bonificaciones de densidad de zonificaci\u00f3n.<\/p><\/li>\t<\/ul>\n\t\t\t<h3>BACP&#8217;s NBDC Partnership<\/h3>\t\t\t\n\t<ul>\n\t\t<li>\t\t\t\t\n\t\t<p>La C\u00e1mara de Comercio de La Villita se est\u00e1 asociando con la ciudad de Chicago, <strong>con Departamento de Asuntos Comerciales y Protecci\u00f3n del Consumidor (BACP)<\/strong>, para brindar apoyo hiperlocal a propietarios de negocios y emprendedores emergentes a trav\u00e9s de <strong>el programa de Neighborhood Business Development Centers (NBDC)<\/strong> program.<\/p><\/li><li>\t\t\t\t\n\t\t<p>\u00a1La C\u00e1mara de Comercio de Little Village se compromete a ayudarlo a hacer crecer su peque\u00f1a empresa brind\u00e1ndole las herramientas para respaldar su viaje empresarial!<\/p><\/li>\t<\/ul>\n\t\t\t<h3>Fondo para el Crecimiento Empresarial Equitativo (FEBG)<\/h3>\t\t\t\n\t<ul>\n\t\t<li>\t\t\t\t\n\t\t<p>Trabajamos con socios del Fondo para el Crecimiento Empresarial Equitativo (FEBG) para apoyar a emprendedores subrepresentados en Chicago, especialmente a empresarios afroamericanos y latinos. Esta colaboraci\u00f3n se centra en cerrar brechas de oportunidades, proporcionar capital y fomentar el crecimiento econ\u00f3mico local mediante recursos personalizados y apoyo biling\u00fce.<\/p><\/li><li>\t\t\t\t\n\t\t<p>The FEBG&#8217;s Fund Advisory Group adopted a comprehensive strategy to achieve its goals. That included creating five strategic priorities focused on understanding the needs of underrepresented\u00a0entrepreneurs and getting them the money and resources they need to support their long-term success.<\/p><\/li>\t<\/ul>\n\t\t\t<h3>Centro de Oportunidades para Peque\u00f1as Empresas (SBOC)<\/h3>\t\t\t\n\t<ul>\n\t\t<li>\t\t\t\t\n\t\t<p>Los Centros de Desarrollo Empresarial Vecinal (NBDC, por sus siglas en ingl\u00e9s) son entidades sin fines de lucro financiadas por la Ciudad de Chicago que brindan asistencia local gratuita a emprendedores, incluyendo orientaci\u00f3n para la obtenci\u00f3n de licencias, asistencia t\u00e9cnica y apoyo de marketing. Suelen albergar <strong>(SBOCs) Centros de oportunidad para peque\u00f1os negocios<\/strong> to focus on access to capital, loan readiness, and specialized,&#8221;place-based&#8221; or city-wide support for business growth.<\/p><\/li><li>\t\t\t\t\n\t\t<p>Los NBDC ofrecen asesoramiento empresarial personalizado, ayudan con problemas relacionados con la ciudad y fomentan la vitalidad econ\u00f3mica del vecindario. Estos centros se centran espec\u00edficamente en conectar a emprendedores con capital y conectarlos con prestamistas. Atienden a peque\u00f1as empresas de Chicago, ofreciendo asistencia personalizada tanto para empresas nuevas como para las ya existentes.<\/p><\/li>\t<\/ul>\n\t\t\t<h3>Foundation of Little Village (FLV)<\/h3>\t\t\t\n\t<ul>\n\t\t<li>\t\t\t\t\n\t\t<p>Nuestra colaboraci\u00f3n con FLV es una colaboraci\u00f3n que une esfuerzos para apoyar a los emprendedores de la comunidad de Little Village.<\/p><\/li>\t<\/ul>\n\t\t\t<h3>Centro de desarrollo para la peque\u00f1a empresa (SBDC)<\/h3>\t\t\t\n\t<ul>\n\t\t<li>\t\t\t\t\n\t\t<p>Los Centros de Desarrollo de Peque\u00f1as Empresas de Illinois est\u00e1n ubicados en todo el estado y brindan informaci\u00f3n, orientaci\u00f3n comercial confidencial, capacitaci\u00f3n y otros recursos para empresas emergentes y peque\u00f1as empresas existentes.\u00a0<\/p><\/li><li>\t\t\t\t\n\t\t<p>La red SBDC de Illinois trabaja con socios de recursos en todo el estado para brindar programaci\u00f3n y recursos equitativos para aumentar las oportunidades econ\u00f3micas y el desarrollo de la fuerza laboral en \u00e1reas marginadas, incluidas las comunidades urbanas y rurales.<\/p><\/li><li>\t\t\t\t\n\t\t<p>A trav\u00e9s de este ecosistema empresarial, nuestro objetivo es educar a los emprendedores, reducir barreras y brindar orientaci\u00f3n profesional para el \u00e9xito empresarial generando un impacto positivo en nuestra econom\u00eda.<\/p><\/li>\t<\/ul>\n\t\t\t<h3>Chicago Loves Local<\/h3>\t\t\t\n\t<ul>\n\t\t<li>\t\t\t\t\n\t\t<p><strong>Chicago Loves Local<\/strong> Es una campa\u00f1a gratuita de compras locales disponible para las 77 \u00e1reas comunitarias de Chicago que tiene como objetivo realzar y apoyar a los negocios locales que dan forma a los vibrantes vecindarios de nuestra ciudad.<\/p><\/li><li>\t\t\t\t\n\t\t<p>La nueva iniciativa tiene como objetivo lograr que m\u00e1s habitantes de Chicago compren localmente y apoyar a las tiendas desde el lado norte hasta el extremo sureste cerca de Indiana.<\/p><\/li><li>\t\t\t\t\n\t\t<p>A trav\u00e9s de su\u00a0<a href=\"https:\/\/www.instagram.com\/p\/DQmvFCoCUB6\/\" target=\"_blank\" rel=\"noreferrer noopener external\" data-wpel-link=\"external\">cuenta de instagram<\/a>La campa\u00f1a \"Chicago Ama a los Locales\" se centrar\u00e1 en peque\u00f1os negocios y distritos comerciales locales. Se anima a los vecinos a compartir publicaciones en redes sociales sobre compras locales y a dejar rese\u00f1as positivas de peque\u00f1os negocios en Google y Yelp.<\/p><\/li>\t<\/ul>\n\t\t\t<h3>visitlittlevillage.com &#8211; Visitors Promotional Website<\/h3>\t\t\t\n\t<ul>\n\t\t<li>\t\t\t\t\n\t\t<p>LVCC has been developing a &#8220;Visit and Shop Little Village&#8221; website (www.visitlittlevillage.com) and promotional social media pages that would serve as the landing page and aggregator for participating Little Village small businesses.<\/p><\/li><li>\t\t\t\t\n\t\t<p>El sitio web y las p\u00e1ginas tambi\u00e9n servir\u00edan como herramientas para promover empresas individuales de forma rotativa y proporcionar\u00edan enlaces a los sitios web, plataformas de comercio electr\u00f3nico y p\u00e1ginas de redes sociales de las empresas participantes individuales.<\/p><\/li><li>\t\t\t\t\n\t\t<p>LVCC lanzar\u00e1 un programa dirigido a las empresas participantes en el sitio web promocional para brindar a las peque\u00f1as empresas de Little Village apoyo directo en el desarrollo de una presencia en l\u00ednea, incluidos sitios web y p\u00e1ginas de redes sociales.<\/p><\/li><li>\t\t\t\t\n\t\t<p>Esto incluir\u00e1 capacitaci\u00f3n para propietarios, gerentes y\/o empleados clave sobre pr\u00e1cticas para actualizar, mantener y mejorar una presencia activa en l\u00ednea. Se brindar\u00e1 orientaci\u00f3n y asistencia similar a los propietarios de peque\u00f1as empresas de Little Village para explorar y lanzar oportunidades de comercio electr\u00f3nico cuando sea viable y factible.<\/p><\/li>\t<\/ul>\n\t\t\t<h3>C\u00e1mara de Comercio Hispana de Illinois (IHCC)<\/h3>\t\t\t\n\t<ul>\n\t\t<li>\t\t\t\t\n\t\t<p>La <strong>C\u00e1mara de Comercio Hispana de Illinois (IHCC)<\/strong> y la <strong>C\u00e1mara de Comercio de La Villita (LVCC)<\/strong> work together as part of the I<strong>llinois Latino Small Business Partnership.<\/strong> Esta colaboraci\u00f3n, que tambi\u00e9n involucra a otras organizaciones regionales, tiene como objetivo proporcionar recursos, apoyo y defensa para las empresas propiedad de latinos en el noreste de Illinois.\u00a0<\/p><\/li><li>\t\t\t\t\n\t\t<p><strong data-sfc-cb=\"\" data-processed=\"true\">Apoyo a las peque\u00f1as empresas:<\/strong>\u00a0La colaborai\u00f3n se centra en conectar a las empresas locales con recursos financieros, asistencia t\u00e9cnica y programas gubernamentales, especialmente para aquellos en comunidades marginadas.<\/p><\/li><li>\t\t\t\t\n\t\t<p><strong data-sfc-cb=\"\" data-processed=\"true\">Colaboraci\u00f3n regional:<\/strong>\u00a0By utilizing a &#8220;hub and spoke&#8221; model, the partnership connects the larger IHCC network with the local expertise of the LVCC to better serve entrepreneurs.<\/p><\/li><li>\t\t\t\t\n\t\t<p><strong data-sfc-cb=\"\" data-processed=\"true\">Conexi\u00f3n de liderazgo:<\/strong>\u00a0La asociaci\u00f3n se fortalece con objetivos de liderazgo compartidos en la defensa y el desarrollo empresarial para la comunidad latina.<\/p><\/li>\t<\/ul>","protected":false},"excerpt":{"rendered":"<p>Partners &#038; Allies Focused Strength &#038; Support At the Little Village Chamber of Commerce, collaboration is essential to strengthening the local business ecosystem. Through strategic partnerships we work collectively to support and elevate entrepreneurs across the Little Village business corridor in Chicago. These partnerships allow us to connect local businesses with vital resources, technical assistance, [&hellip;]<\/p>\n","protected":false},"author":213,"featured_media":0,"parent":25225,"menu_order":0,"comment_status":"closed","ping_status":"closed","template":"","meta":{"site-sidebar-layout":"no-sidebar","site-content-layout":"page-builder","ast-site-content-layout":"full-width-container","site-content-style":"unboxed","site-sidebar-style":"unboxed","ast-global-header-display":"","ast-banner-title-visibility":"","ast-main-header-display":"","ast-hfb-above-header-display":"","ast-hfb-below-header-display":"","ast-hfb-mobile-header-display":"","site-post-title":"disabled","ast-breadcrumbs-content":"","ast-featured-img":"disabled","footer-sml-layout":"","ast-disable-related-posts":"","theme-transparent-header-meta":"default","adv-header-id-meta":"","stick-header-meta":"default","header-above-stick-meta":"","header-main-stick-meta":"","header-below-stick-meta":"","astra-migrate-meta-layouts":"set","ast-page-background-enabled":"default","ast-page-background-meta":{"desktop":{"background-color":"","background-image":"","background-repeat":"repeat","background-position":"center center","background-size":"auto","background-attachment":"scroll","background-type":"","background-media":"","overlay-type":"","overlay-color":"","overlay-opacity":"","overlay-gradient":""},"tablet":{"background-color":"","background-image":"","background-repeat":"repeat","background-position":"center center","background-size":"auto","background-attachment":"scroll","background-type":"","background-media":"","overlay-type":"","overlay-color":"","overlay-opacity":"","overlay-gradient":""},"mobile":{"background-color":"","background-image":"","background-repeat":"repeat","background-position":"center center","background-size":"auto","background-attachment":"scroll","background-type":"","background-media":"","overlay-type":"","overlay-color":"","overlay-opacity":"","overlay-gradient":""}},"ast-content-background-meta":{"desktop":{"background-color":"var(--ast-global-color-5)","background-image":"","background-repeat":"repeat","background-position":"center center","background-size":"auto","background-attachment":"scroll","background-type":"","background-media":"","overlay-type":"","overlay-color":"","overlay-opacity":"","overlay-gradient":""},"tablet":{"background-color":"var(--ast-global-color-5)","background-image":"","background-repeat":"repeat","background-position":"center center","background-size":"auto","background-attachment":"scroll","background-type":"","background-media":"","overlay-type":"","overlay-color":"","overlay-opacity":"","overlay-gradient":""},"mobile":{"background-color":"var(--ast-global-color-5)","background-image":"","background-repeat":"repeat","background-position":"center center","background-size":"auto","background-attachment":"scroll","background-type":"","background-media":"","overlay-type":"","overlay-color":"","overlay-opacity":"","overlay-gradient":""}},"footnotes":""},"class_list":["post-31772","page","type-page","status-publish","hentry"],"yoast_head":"<!-- This site is optimized with the Yoast SEO plugin v27.4 - https:\/\/yoast.com\/product\/yoast-seo-wordpress\/ -->\n<title>Partners &amp; Allies - Little Village Chamber of Commerce<\/title>\n<meta name=\"robots\" content=\"index, follow, max-snippet:-1, max-image-preview:large, max-video-preview:-1\" \/>\n<link rel=\"canonical\" href=\"https:\/\/littlevillagechamber.org\/es\/programs\/partners\/\" \/>\n<meta property=\"og:locale\" content=\"es_MX\" \/>\n<meta property=\"og:type\" content=\"article\" \/>\n<meta property=\"og:title\" content=\"Partners &amp; Allies - Little Village Chamber of Commerce\" \/>\n<meta property=\"og:description\" content=\"Partners &#038; Allies Focused Strength &#038; Support At the Little Village Chamber of Commerce, collaboration is essential to strengthening the local business ecosystem. Through strategic partnerships we work collectively to support and elevate entrepreneurs across the Little Village business corridor in Chicago. These partnerships allow us to connect local businesses with vital resources, technical assistance, [&hellip;]\" \/>\n<meta property=\"og:url\" content=\"https:\/\/littlevillagechamber.org\/es\/programs\/partners\/\" \/>\n<meta property=\"og:site_name\" content=\"Little Village Chamber of Commerce\" \/>\n<meta property=\"article:modified_time\" content=\"2026-03-05T02:39:57+00:00\" \/>\n<meta name=\"twitter:card\" content=\"summary_large_image\" \/>\n<meta name=\"twitter:label1\" content=\"Tiempo de lectura\" \/>\n\t<meta name=\"twitter:data1\" content=\"5 minutos\" \/>\n<script type=\"application\/ld+json\" class=\"yoast-schema-graph\">{\"@context\":\"https:\\\/\\\/schema.org\",\"@graph\":[{\"@type\":\"WebPage\",\"@id\":\"https:\\\/\\\/littlevillagechamber.org\\\/programs\\\/partners\\\/\",\"url\":\"https:\\\/\\\/littlevillagechamber.org\\\/programs\\\/partners\\\/\",\"name\":\"Partners & Allies - Little Village Chamber of Commerce\",\"isPartOf\":{\"@id\":\"https:\\\/\\\/littlevillagechamber.org\\\/#website\"},\"datePublished\":\"2026-03-05T01:04:24+00:00\",\"dateModified\":\"2026-03-05T02:39:57+00:00\",\"breadcrumb\":{\"@id\":\"https:\\\/\\\/littlevillagechamber.org\\\/programs\\\/partners\\\/#breadcrumb\"},\"inLanguage\":\"es\",\"potentialAction\":[{\"@type\":\"ReadAction\",\"target\":[\"https:\\\/\\\/littlevillagechamber.org\\\/programs\\\/partners\\\/\"]}]},{\"@type\":\"BreadcrumbList\",\"@id\":\"https:\\\/\\\/littlevillagechamber.org\\\/programs\\\/partners\\\/#breadcrumb\",\"itemListElement\":[{\"@type\":\"ListItem\",\"position\":1,\"name\":\"Home\",\"item\":\"https:\\\/\\\/littlevillagechamber.org\\\/\"},{\"@type\":\"ListItem\",\"position\":2,\"name\":\"Programs\",\"item\":\"https:\\\/\\\/littlevillagechamber.org\\\/programs\\\/\"},{\"@type\":\"ListItem\",\"position\":3,\"name\":\"Partners &#038; Allies\"}]},{\"@type\":\"WebSite\",\"@id\":\"https:\\\/\\\/littlevillagechamber.org\\\/#website\",\"url\":\"https:\\\/\\\/littlevillagechamber.org\\\/\",\"name\":\"Little Village Chamber of Commerce\",\"description\":\"Tu Mexico, Tu Chicago!\",\"publisher\":{\"@id\":\"https:\\\/\\\/littlevillagechamber.org\\\/#organization\"},\"potentialAction\":[{\"@type\":\"SearchAction\",\"target\":{\"@type\":\"EntryPoint\",\"urlTemplate\":\"https:\\\/\\\/littlevillagechamber.org\\\/?s={search_term_string}\"},\"query-input\":{\"@type\":\"PropertyValueSpecification\",\"valueRequired\":true,\"valueName\":\"search_term_string\"}}],\"inLanguage\":\"es\"},{\"@type\":\"Organization\",\"@id\":\"https:\\\/\\\/littlevillagechamber.org\\\/#organization\",\"name\":\"Little Village Chamber of Commerce\",\"url\":\"https:\\\/\\\/littlevillagechamber.org\\\/\",\"logo\":{\"@type\":\"ImageObject\",\"inLanguage\":\"es\",\"@id\":\"https:\\\/\\\/littlevillagechamber.org\\\/#\\\/schema\\\/logo\\\/image\\\/\",\"url\":\"https:\\\/\\\/littlevillagechamber.org\\\/wp-content\\\/uploads\\\/LVCC.png\",\"contentUrl\":\"https:\\\/\\\/littlevillagechamber.org\\\/wp-content\\\/uploads\\\/LVCC.png\",\"width\":300,\"height\":257,\"caption\":\"Little Village Chamber of Commerce\"},\"image\":{\"@id\":\"https:\\\/\\\/littlevillagechamber.org\\\/#\\\/schema\\\/logo\\\/image\\\/\"}}]}<\/script>\n<!-- \/ Yoast SEO plugin. -->","yoast_head_json":{"title":"Partners & Allies - Little Village Chamber of Commerce","robots":{"index":"index","follow":"follow","max-snippet":"max-snippet:-1","max-image-preview":"max-image-preview:large","max-video-preview":"max-video-preview:-1"},"canonical":"https:\/\/littlevillagechamber.org\/es\/programs\/partners\/","og_locale":"es_MX","og_type":"article","og_title":"Partners & Allies - Little Village Chamber of Commerce","og_description":"Partners &#038; Allies Focused Strength &#038; Support At the Little Village Chamber of Commerce, collaboration is essential to strengthening the local business ecosystem. Through strategic partnerships we work collectively to support and elevate entrepreneurs across the Little Village business corridor in Chicago. These partnerships allow us to connect local businesses with vital resources, technical assistance, [&hellip;]","og_url":"https:\/\/littlevillagechamber.org\/es\/programs\/partners\/","og_site_name":"Little Village Chamber of Commerce","article_modified_time":"2026-03-05T02:39:57+00:00","twitter_card":"summary_large_image","twitter_misc":{"Tiempo de lectura":"5 minutos"},"schema":{"@context":"https:\/\/schema.org","@graph":[{"@type":"WebPage","@id":"https:\/\/littlevillagechamber.org\/programs\/partners\/","url":"https:\/\/littlevillagechamber.org\/programs\/partners\/","name":"Partners & Allies - Little Village Chamber of Commerce","isPartOf":{"@id":"https:\/\/littlevillagechamber.org\/#website"},"datePublished":"2026-03-05T01:04:24+00:00","dateModified":"2026-03-05T02:39:57+00:00","breadcrumb":{"@id":"https:\/\/littlevillagechamber.org\/programs\/partners\/#breadcrumb"},"inLanguage":"es","potentialAction":[{"@type":"ReadAction","target":["https:\/\/littlevillagechamber.org\/programs\/partners\/"]}]},{"@type":"BreadcrumbList","@id":"https:\/\/littlevillagechamber.org\/programs\/partners\/#breadcrumb","itemListElement":[{"@type":"ListItem","position":1,"name":"Home","item":"https:\/\/littlevillagechamber.org\/"},{"@type":"ListItem","position":2,"name":"Programs","item":"https:\/\/littlevillagechamber.org\/programs\/"},{"@type":"ListItem","position":3,"name":"Partners &#038; Allies"}]},{"@type":"WebSite","@id":"https:\/\/littlevillagechamber.org\/#website","url":"https:\/\/littlevillagechamber.org\/","name":"La C\u00e1mara de Comercio de La Villita","description":"Tu M\u00e9xico, Tu Chicago!","publisher":{"@id":"https:\/\/littlevillagechamber.org\/#organization"},"potentialAction":[{"@type":"SearchAction","target":{"@type":"EntryPoint","urlTemplate":"https:\/\/littlevillagechamber.org\/?s={search_term_string}"},"query-input":{"@type":"PropertyValueSpecification","valueRequired":true,"valueName":"search_term_string"}}],"inLanguage":"es"},{"@type":"Organization","@id":"https:\/\/littlevillagechamber.org\/#organization","name":"La C\u00e1mara de Comercio de La Villita","url":"https:\/\/littlevillagechamber.org\/","logo":{"@type":"ImageObject","inLanguage":"es","@id":"https:\/\/littlevillagechamber.org\/#\/schema\/logo\/image\/","url":"https:\/\/littlevillagechamber.org\/wp-content\/uploads\/LVCC.png","contentUrl":"https:\/\/littlevillagechamber.org\/wp-content\/uploads\/LVCC.png","width":300,"height":257,"caption":"Little Village Chamber of Commerce"},"image":{"@id":"https:\/\/littlevillagechamber.org\/#\/schema\/logo\/image\/"}}]}},"_links":{"self":[{"href":"https:\/\/littlevillagechamber.org\/es\/wp-json\/wp\/v2\/pages\/31772","targetHints":{"allow":["GET"]}}],"collection":[{"href":"https:\/\/littlevillagechamber.org\/es\/wp-json\/wp\/v2\/pages"}],"about":[{"href":"https:\/\/littlevillagechamber.org\/es\/wp-json\/wp\/v2\/types\/page"}],"author":[{"embeddable":true,"href":"https:\/\/littlevillagechamber.org\/es\/wp-json\/wp\/v2\/users\/213"}],"replies":[{"embeddable":true,"href":"https:\/\/littlevillagechamber.org\/es\/wp-json\/wp\/v2\/comments?post=31772"}],"version-history":[{"count":7,"href":"https:\/\/littlevillagechamber.org\/es\/wp-json\/wp\/v2\/pages\/31772\/revisions"}],"predecessor-version":[{"id":31830,"href":"https:\/\/littlevillagechamber.org\/es\/wp-json\/wp\/v2\/pages\/31772\/revisions\/31830"}],"up":[{"embeddable":true,"href":"https:\/\/littlevillagechamber.org\/es\/wp-json\/wp\/v2\/pages\/25225"}],"wp:attachment":[{"href":"https:\/\/littlevillagechamber.org\/es\/wp-json\/wp\/v2\/media?parent=31772"}],"curies":[{"name":"wp","href":"https:\/\/api.w.org\/{rel}","templated":true}]}}