{"id":31771,"date":"2026-03-10T15:47:45","date_gmt":"2026-03-10T20:47:45","guid":{"rendered":"https:\/\/littlevillagechamber.org\/?page_id=31771"},"modified":"2026-03-27T13:33:31","modified_gmt":"2026-03-27T18:33:31","slug":"grants","status":"publish","type":"page","link":"https:\/\/littlevillagechamber.org\/es\/programs\/grants\/","title":{"rendered":"Grants"},"content":{"rendered":"<h1>Grants Portal<\/h1>\t\t\t\n\t\t\t<h2>\u00a1Los propietarios de peque\u00f1as empresas tienen acceso a numerosas subvenciones!<\/h2>\t\t\t\n\t\t\t\t<p><strong>Little Village y el lado sur de Chicago son el hogar de algunos de los emprendedores m\u00e1s resilientes, creativos y arraigados en la comunidad del pa\u00eds.<\/strong> En la <strong>C\u00e1mara de Comercio de La Villita (LVCC)<\/strong>, we believe that capital should follow that energy &#8211; not work against it.<\/p>\n<p>We know that navigating grant programs can feel overwhelming, especially when applications are complex, information is only available in English, or deadlines move fast. That&#8217;s why the LVCC actively coordinates with local, city, and state partners to connect Hispanic business owners with the funding opportunities they deserve &#8211; and to walk with you through the process.<\/p>\n<p>Below you&#8217;ll find an overview of the key grant programs we support and provide guidance on.<\/p>\n<p><strong>Todos los servicios est\u00e1n disponibles en espa\u00f1ol e ingl\u00e9s.<\/strong><\/p>\n\t<ul>\n\t\t<li><h5><a href=\"#nbdc\" target=\"_self\"  aria-label=\"Go to #nbdc\">Neighborhood Business Development Center &#8211; NBDC<\/a><\/h5><\/li><li><h5><a href=\"#nof\" target=\"_blank\" rel=\"noopener\" aria-label=\"Go to #nof\">Neighborhood Opportunity Fund (NOF)<\/a><\/h5><\/li><li><h5><a href=\"#omee\" target=\"_blank\" rel=\"noopener\" aria-label=\"Go to #omee\">Illinois Grants &#8211; OMEE<\/a><\/h5><\/li><li><h5><a href=\"#coc\" target=\"_blank\" rel=\"noopener\" aria-label=\"Go to #coc\">City of Chicago &#8211; Grant Opportunities (COC)<\/a><\/h5><\/li><li><h5><a href=\"#dceo\" target=\"_self\"  aria-label=\"Go to #dceo\">Illinois Department of Commerce and Economic Opportunity (DCEO)<\/a><\/h5><\/li>\t<\/ul>\n\t\t\t<a href=\"https:\/\/littlevillagechamber.org\/wp-content\/uploads\/LVCC_Calendar_2026_1080px-02.jpg\" title=\"Ayuda con subvenciones\" target=\"_self\"   role=\"button\" aria-label=\"Ayuda con subvenciones\">\n\t\t\t\t\t\t\tAyuda con subvenciones\n\t\t<\/a>\n\t\t\t<h2>Sobre estas subvenciones<\/h2>\t\t\t\n\t\t\t\t<p>Los programas de subvenciones y sus plazos cambian con frecuencia. <br \/>El LVCC hace todo lo posible por mantener esta p\u00e1gina actualizada, pero le recomendamos que se ponga en contacto con nosotros directamente para obtener la informaci\u00f3n m\u00e1s reciente.<\/p>\n\t\t\t<h3>NBDC &#8211; Neighborhood Business Development Center<\/h3>\t\t\t\n\t<ul>\n\t\t<li><p><strong>BACP\/Ciudad de Chicago<\/strong><\/p><\/li><li>\t\t\t\t\n\t\t<p>The Little Village Chamber of Commerce is partnering with the City of Chicago&#8217;s Department of Business Affairs and Consumer Protection (BACP) to provide hyper-local support to business owners and start-up entrepreneurs through the Neighborhood Business Development Centers (NBDC) program. <a href=\"https:\/\/littlevillagechamber.org\/es\/programs\/\" target=\"_blank\" rel=\"noopener\">Littlevillagechamber<\/a><\/p><\/li><li>\t\t\t\t\n\t\t<p>Through NBDC, LVCC staff can connect you with grant navigation support, business consulting, licensing assistance, and referrals to funding programs &#8211; all at no cost to you.<\/p><\/li>\t<\/ul>\n\t\t\t<h3>Neighborhood Opportunity Fund (NOF)<\/h3>\t\t\t\n\t<ul>\n\t\t<li><p><strong>City of Chicago &#8211; Department of Planning and Development<\/strong><\/p><\/li><li>\t\t\t\t\n\t\t<p>El Fondo de Oportunidades Vecinales proporciona subvenciones para el desarrollo de capital de hasta 250.000 d\u00f3lares para peque\u00f1as empresas y proyectos culturales ubicados a lo largo de los corredores comerciales del oeste, suroeste y sur de la ciudad. <a href=\"https:\/\/www.chicago.gov\/city\/en\/sites\/neighborhood-opportunity-fund\/home.html\" target=\"_blank\" rel=\"noopener\">Ciudad de chicago<\/a> &#8211; including 26th Street here in Little Village.<\/p><\/li><li>\t\t\t\t\n\t\t<p>Las subvenciones de NOF cubren el 75% de los costes elegibles del proyecto, hasta un m\u00e1ximo de 250.000 d\u00f3lares, y se pueden proporcionar hasta 50.000 d\u00f3lares adicionales para asistencia t\u00e9cnica aprobada. <a href=\"https:\/\/somercor.com\/nof\/\" target=\"_blank\" rel=\"noopener\">SomerCor<\/a> Los fondos pueden utilizarse para la renovaci\u00f3n de fachadas, nuevas construcciones y otras mejoras de capital permanentes.<\/p><\/li><li>\t\t\t\t\n\t\t<p>Las solicitudes se aceptan de forma continua y se eval\u00faan trimestralmente. <a href=\"https:\/\/www.chicago.gov\/city\/en\/sites\/neighborhood-opportunity-fund\/home.html\" target=\"_blank\" rel=\"noopener\">Ciudad de chicago<\/a><\/p><\/li><li>\t\t\t\t\n\t\t<p>LVCC ofrece <strong>Talleres informativos de NOF<\/strong> para ayudarle a comprender los requisitos y preparar su solicitud. Para obtener m\u00e1s informaci\u00f3n o registrarse para el pr\u00f3ximo taller, env\u00ede un correo electr\u00f3nico a <strong><a href=\"https:\/\/littlevillagechamber.org\/wp-content\/uploads\/LVCC_Calendar_2026_1080px-02.jpg\">info@littlevillagechamber.org<\/a><\/strong>.<\/p><\/li>\t<\/ul>\n\t\t\t<h3>Subvenciones OMEE de Illinois<\/h3>\t\t\t\n\t<ul>\n\t\t<li><p><strong>State of Illinois &#8211; Department of Commerce and Economic Opportunity (DCEO)<\/strong><\/p><\/li><li><strong>Programa de subvenciones para capital e infraestructura de peque\u00f1as empresas<\/strong><\/li><li>\t\t\t\t\n\t\t<p>As part of DCEO&#8217;s ongoing commitment to supporting businesses across the state, the department has issued Minority-Owned Business Capital Grants (OMEE Grants), distributed to businesses and business incubators across the state.<\/p><\/li><li>\t\t\t\t\n\t\t<p>The LVCC has a direct track record with OMEE funding &#8211; most recently to support the <strong>Xquina Caf\u00e9 Incubator<\/strong>, un centro de negocios biling\u00fce ubicado en 3525 W. 26th Street que ofrecer\u00e1 espacio de trabajo compartido, asesoramiento y programas comunitarios para emprendedores locales.<\/p><\/li><li>\t\t\t\t\n\t\t<p>Cons\u00faltenos sobre c\u00f3mo las subvenciones de OMEE pueden estar disponibles para su empresa o proyecto.<\/p><\/li>\t<\/ul>\n\t\t\t<h3>Ciudad de chicago<br \/> &#8211; Grant Opportunities<\/h3>\t\t\t\n\t<ul>\n\t\t<li><p><strong>City of Chicago &#8211;<br \/>Departamento de Planificaci\u00f3n y Desarrollo<\/strong><\/p><\/li><li>\t\t\t\t\n\t\t<p><strong><a href=\"https:\/\/www.chicago.gov\/city\/en\/sites\/community-development-grant\/home.html\">Community Development Grants<\/a> <\/strong>&#8211; Community Development Grants help pay for new construction or building renovation projects throughout the city at three funding levels, depending on project scope.<\/p><\/li><li>\t\t\t\t\n\t\t<p><strong><a href=\"https:\/\/www.chicago.gov\/city\/en\/sites\/small-business-improvement-fund\/home.html\">Small Business Improvement Fund (SBIF)<\/a> <\/strong>&#8211; The Small Business Improvement Fund supports permanent building improvements and repairs for properties in Tax Increment Financing districts.<\/p><\/li><li>\t\t\t\t\n\t\t<p><a href=\"https:\/\/www.chicago.gov\/city\/en\/sites\/workforce-solutions\/home.html\"><strong>Workforce Solutions<\/strong><\/a> &#8211; It offers grants up to $250,000 for the training of incumbent workers and new hires.\u00a0<\/p><\/li><li>\t\t\t\t\n\t\t<p><a href=\"https:\/\/www.chicago.gov\/city\/en\/depts\/dcd\/provdrs\/hist\/svcs\/citywide-adopt-a-landmark-fund.html\"><strong>Adopt-A-Landmark Grants<\/strong><\/a> &#8211; Adopt-A-Landmark grants support the restoration of designated landmark buildings and structures throughout Chicago.<\/p><\/li>\t<\/ul>\n\t\t\t<h3>Illinois Department of Commerce &#038; Economic Opportunities<\/h3>\t\t\t\n\t<ul>\n\t\t<li><p><strong>Subvenciones de DCEO<\/strong><\/p><\/li><li>\t\t\t\t\n\t\t<p><a href=\"https:\/\/dceo.illinois.gov\/aboutdceo\/grantopportunities\/grants.html\"><strong>Aplicar para fondos<\/strong> <\/a>&#8211; Search a current listing of DCEO grant opportunities including application links and information, as well as information on Capital Grants.<\/p><\/li><li>\t\t\t\t\n\t\t<p><a href=\"https:\/\/dceo.illinois.gov\/aboutdceo\/grantopportunities\/upcoming-grant-trainings.html\"><strong>Futuras capacitaciones sobre subvenciones<\/strong><\/a> &#8211; Interested in learning more about the grant process? &#8211; See the calendar listing of upcoming grant trainings opportunities and sign-up for upcoming future grant trainings.<\/p><\/li><li>\t\t\t\t\n\t\t<p><a href=\"https:\/\/dceo.illinois.gov\/aboutdceo\/grantopportunities\/learning-library.html\"><strong>Biblioteca de recursos y formaci\u00f3n en v\u00eddeo<\/strong> <\/a>&#8211; a collection of training videos of all process of the Grants Lifecycle. Enjoy short tutorials on how to navigate the grant process.<\/p><\/li><li>\t\t\t\t\n\t\t<p><a href=\"https:\/\/dceo.illinois.gov\/aboutdceo\/grantopportunities\/contactus.html\"><strong>Comun\u00edquese con la mesa de ayuda para subvenciones de DCEO.<\/strong><\/a> &#8211; Need assistance with a grant related question? &#8211; Reach out for help at the complete Grant Help Desk. via Email at <a href=\"mailto:ceo.GrantHelp@illinois.gov\">ceo.GrantHelp@illinois.gov<\/a> o use este formulario <a href=\"https:\/\/app.smartsheet.com\/b\/form\/df9d38efa4e241218ced486c54f3c109\" target=\"_blank\" rel=\"noopener\">de consulta del servicio de asistencia t\u00e9cnica<\/a><\/p><\/li>\t<\/ul>\n\t\t\t<a href=\"https:\/\/littlevillagechamber.org\/wp-content\/uploads\/LVCC_Calendar_2026_1080px-02.jpg\" title=\"De La Mano - Programa de Asesor\u00eda - Programe su cita para recibir asistencia con la subvenci\u00f3n\" target=\"_self\"   role=\"button\" aria-label=\"De La Mano - Programa de Asesor\u00eda - Programe su cita para recibir asistencia con la subvenci\u00f3n\">\n\t\t\t\t\t\t\tDe La Mano &#8211; Advisory Program &#8211; Set up your appointment for grant assistance\n\t\t<\/a>\n\t\t\t<h2>C\u00f3mo LVCC puede ayudarle<\/h2>\t\t\t\n\t\t\t\t<p>Applying for a grant doesn&#8217;t have to be a solo effort. Our team can:<\/p>\n\t\t\t\t<ul>\n<li>Te ayudaremos a identificar las subvenciones para las que puedes optar.<\/li>\n<li>Le explicaremos los requisitos de solicitud en espa\u00f1ol o ingl\u00e9s.<\/li>\n<li>Le ponemos en contacto con consultores y socios para obtener asistencia t\u00e9cnica.<\/li>\n<li>Le avisaremos cuando haya nuevas oportunidades de financiaci\u00f3n disponibles.<\/li>\n<li>Organizar talleres y sesiones informativas con los administradores de subvenciones.<\/li>\n<\/ul>\n\t\t\t\t<p><strong>Don&#8217;t wait for a deadline to find out about a grant. Reach out to us early &#8211; that&#8217;s how we get results together.<\/strong><\/p>\n\t\t\t<a href=\"https:\/\/littlevillagechamber.org\/wp-content\/uploads\/LVCC_Calendar_2026_1080px-02.jpg\" title=\"Cont\u00e1ctenos para obtener ayuda.\" target=\"_self\"   role=\"button\" aria-label=\"Cont\u00e1ctenos para obtener ayuda.\">\n\t\t\t\t\t\t\tCont\u00e1ctenos para obtener ayuda.\n\t\t<\/a>","protected":false},"excerpt":{"rendered":"<p>Grants Portal Small Business Owners have access to many grants! Little Village and the South Side of Chicago are home to some of the most resilient, creative, and community-rooted entrepreneurs in the country. At the Little Village Chamber of Commerce (LVCC), we believe that capital should follow that energy &#8211; not work against it. We [&hellip;]<\/p>\n","protected":false},"author":213,"featured_media":0,"parent":25225,"menu_order":0,"comment_status":"closed","ping_status":"closed","template":"","meta":{"site-sidebar-layout":"no-sidebar","site-content-layout":"page-builder","ast-site-content-layout":"full-width-container","site-content-style":"unboxed","site-sidebar-style":"unboxed","ast-global-header-display":"","ast-banner-title-visibility":"","ast-main-header-display":"","ast-hfb-above-header-display":"","ast-hfb-below-header-display":"","ast-hfb-mobile-header-display":"","site-post-title":"disabled","ast-breadcrumbs-content":"","ast-featured-img":"disabled","footer-sml-layout":"","ast-disable-related-posts":"","theme-transparent-header-meta":"default","adv-header-id-meta":"","stick-header-meta":"default","header-above-stick-meta":"","header-main-stick-meta":"","header-below-stick-meta":"","astra-migrate-meta-layouts":"set","ast-page-background-enabled":"default","ast-page-background-meta":{"desktop":{"background-color":"","background-image":"","background-repeat":"repeat","background-position":"center center","background-size":"auto","background-attachment":"scroll","background-type":"","background-media":"","overlay-type":"","overlay-color":"","overlay-opacity":"","overlay-gradient":""},"tablet":{"background-color":"","background-image":"","background-repeat":"repeat","background-position":"center center","background-size":"auto","background-attachment":"scroll","background-type":"","background-media":"","overlay-type":"","overlay-color":"","overlay-opacity":"","overlay-gradient":""},"mobile":{"background-color":"","background-image":"","background-repeat":"repeat","background-position":"center center","background-size":"auto","background-attachment":"scroll","background-type":"","background-media":"","overlay-type":"","overlay-color":"","overlay-opacity":"","overlay-gradient":""}},"ast-content-background-meta":{"desktop":{"background-color":"var(--ast-global-color-5)","background-image":"","background-repeat":"repeat","background-position":"center center","background-size":"auto","background-attachment":"scroll","background-type":"","background-media":"","overlay-type":"","overlay-color":"","overlay-opacity":"","overlay-gradient":""},"tablet":{"background-color":"var(--ast-global-color-5)","background-image":"","background-repeat":"repeat","background-position":"center center","background-size":"auto","background-attachment":"scroll","background-type":"","background-media":"","overlay-type":"","overlay-color":"","overlay-opacity":"","overlay-gradient":""},"mobile":{"background-color":"var(--ast-global-color-5)","background-image":"","background-repeat":"repeat","background-position":"center center","background-size":"auto","background-attachment":"scroll","background-type":"","background-media":"","overlay-type":"","overlay-color":"","overlay-opacity":"","overlay-gradient":""}},"footnotes":""},"class_list":["post-31771","page","type-page","status-publish","hentry"],"yoast_head":"<!-- This site is optimized with the Yoast SEO plugin v27.4 - https:\/\/yoast.com\/product\/yoast-seo-wordpress\/ -->\n<title>Grants - Little Village Chamber of Commerce<\/title>\n<meta name=\"robots\" content=\"index, follow, max-snippet:-1, max-image-preview:large, max-video-preview:-1\" \/>\n<link rel=\"canonical\" href=\"https:\/\/littlevillagechamber.org\/es\/programs\/grants\/\" \/>\n<meta property=\"og:locale\" content=\"es_MX\" \/>\n<meta property=\"og:type\" content=\"article\" \/>\n<meta property=\"og:title\" content=\"Grants - Little Village Chamber of Commerce\" \/>\n<meta property=\"og:description\" content=\"Grants Portal Small Business Owners have access to many grants! Little Village and the South Side of Chicago are home to some of the most resilient, creative, and community-rooted entrepreneurs in the country. At the Little Village Chamber of Commerce (LVCC), we believe that capital should follow that energy &#8211; not work against it. We [&hellip;]\" \/>\n<meta property=\"og:url\" content=\"https:\/\/littlevillagechamber.org\/es\/programs\/grants\/\" \/>\n<meta property=\"og:site_name\" content=\"Little Village Chamber of Commerce\" \/>\n<meta property=\"article:modified_time\" content=\"2026-03-27T18:33:31+00:00\" \/>\n<meta name=\"twitter:card\" content=\"summary_large_image\" \/>\n<meta name=\"twitter:label1\" content=\"Tiempo de lectura\" \/>\n\t<meta name=\"twitter:data1\" content=\"7 minutos\" \/>\n<script type=\"application\/ld+json\" class=\"yoast-schema-graph\">{\"@context\":\"https:\\\/\\\/schema.org\",\"@graph\":[{\"@type\":\"WebPage\",\"@id\":\"https:\\\/\\\/littlevillagechamber.org\\\/programs\\\/grants\\\/\",\"url\":\"https:\\\/\\\/littlevillagechamber.org\\\/programs\\\/grants\\\/\",\"name\":\"Grants - Little Village Chamber of Commerce\",\"isPartOf\":{\"@id\":\"https:\\\/\\\/littlevillagechamber.org\\\/#website\"},\"datePublished\":\"2026-03-10T20:47:45+00:00\",\"dateModified\":\"2026-03-27T18:33:31+00:00\",\"breadcrumb\":{\"@id\":\"https:\\\/\\\/littlevillagechamber.org\\\/programs\\\/grants\\\/#breadcrumb\"},\"inLanguage\":\"es\",\"potentialAction\":[{\"@type\":\"ReadAction\",\"target\":[\"https:\\\/\\\/littlevillagechamber.org\\\/programs\\\/grants\\\/\"]}]},{\"@type\":\"BreadcrumbList\",\"@id\":\"https:\\\/\\\/littlevillagechamber.org\\\/programs\\\/grants\\\/#breadcrumb\",\"itemListElement\":[{\"@type\":\"ListItem\",\"position\":1,\"name\":\"Home\",\"item\":\"https:\\\/\\\/littlevillagechamber.org\\\/\"},{\"@type\":\"ListItem\",\"position\":2,\"name\":\"Programs\",\"item\":\"https:\\\/\\\/littlevillagechamber.org\\\/programs\\\/\"},{\"@type\":\"ListItem\",\"position\":3,\"name\":\"Grants\"}]},{\"@type\":\"WebSite\",\"@id\":\"https:\\\/\\\/littlevillagechamber.org\\\/#website\",\"url\":\"https:\\\/\\\/littlevillagechamber.org\\\/\",\"name\":\"Little Village Chamber of Commerce\",\"description\":\"Tu Mexico, Tu Chicago!\",\"publisher\":{\"@id\":\"https:\\\/\\\/littlevillagechamber.org\\\/#organization\"},\"potentialAction\":[{\"@type\":\"SearchAction\",\"target\":{\"@type\":\"EntryPoint\",\"urlTemplate\":\"https:\\\/\\\/littlevillagechamber.org\\\/?s={search_term_string}\"},\"query-input\":{\"@type\":\"PropertyValueSpecification\",\"valueRequired\":true,\"valueName\":\"search_term_string\"}}],\"inLanguage\":\"es\"},{\"@type\":\"Organization\",\"@id\":\"https:\\\/\\\/littlevillagechamber.org\\\/#organization\",\"name\":\"Little Village Chamber of Commerce\",\"url\":\"https:\\\/\\\/littlevillagechamber.org\\\/\",\"logo\":{\"@type\":\"ImageObject\",\"inLanguage\":\"es\",\"@id\":\"https:\\\/\\\/littlevillagechamber.org\\\/#\\\/schema\\\/logo\\\/image\\\/\",\"url\":\"https:\\\/\\\/littlevillagechamber.org\\\/wp-content\\\/uploads\\\/LVCC.png\",\"contentUrl\":\"https:\\\/\\\/littlevillagechamber.org\\\/wp-content\\\/uploads\\\/LVCC.png\",\"width\":300,\"height\":257,\"caption\":\"Little Village Chamber of Commerce\"},\"image\":{\"@id\":\"https:\\\/\\\/littlevillagechamber.org\\\/#\\\/schema\\\/logo\\\/image\\\/\"}}]}<\/script>\n<!-- \/ Yoast SEO plugin. -->","yoast_head_json":{"title":"Grants - Little Village Chamber of Commerce","robots":{"index":"index","follow":"follow","max-snippet":"max-snippet:-1","max-image-preview":"max-image-preview:large","max-video-preview":"max-video-preview:-1"},"canonical":"https:\/\/littlevillagechamber.org\/es\/programs\/grants\/","og_locale":"es_MX","og_type":"article","og_title":"Grants - Little Village Chamber of Commerce","og_description":"Grants Portal Small Business Owners have access to many grants! Little Village and the South Side of Chicago are home to some of the most resilient, creative, and community-rooted entrepreneurs in the country. At the Little Village Chamber of Commerce (LVCC), we believe that capital should follow that energy &#8211; not work against it. We [&hellip;]","og_url":"https:\/\/littlevillagechamber.org\/es\/programs\/grants\/","og_site_name":"Little Village Chamber of Commerce","article_modified_time":"2026-03-27T18:33:31+00:00","twitter_card":"summary_large_image","twitter_misc":{"Tiempo de lectura":"7 minutos"},"schema":{"@context":"https:\/\/schema.org","@graph":[{"@type":"WebPage","@id":"https:\/\/littlevillagechamber.org\/programs\/grants\/","url":"https:\/\/littlevillagechamber.org\/programs\/grants\/","name":"Grants - Little Village Chamber of Commerce","isPartOf":{"@id":"https:\/\/littlevillagechamber.org\/#website"},"datePublished":"2026-03-10T20:47:45+00:00","dateModified":"2026-03-27T18:33:31+00:00","breadcrumb":{"@id":"https:\/\/littlevillagechamber.org\/programs\/grants\/#breadcrumb"},"inLanguage":"es","potentialAction":[{"@type":"ReadAction","target":["https:\/\/littlevillagechamber.org\/programs\/grants\/"]}]},{"@type":"BreadcrumbList","@id":"https:\/\/littlevillagechamber.org\/programs\/grants\/#breadcrumb","itemListElement":[{"@type":"ListItem","position":1,"name":"Home","item":"https:\/\/littlevillagechamber.org\/"},{"@type":"ListItem","position":2,"name":"Programs","item":"https:\/\/littlevillagechamber.org\/programs\/"},{"@type":"ListItem","position":3,"name":"Grants"}]},{"@type":"WebSite","@id":"https:\/\/littlevillagechamber.org\/#website","url":"https:\/\/littlevillagechamber.org\/","name":"La C\u00e1mara de Comercio de La Villita","description":"Tu M\u00e9xico, Tu Chicago!","publisher":{"@id":"https:\/\/littlevillagechamber.org\/#organization"},"potentialAction":[{"@type":"SearchAction","target":{"@type":"EntryPoint","urlTemplate":"https:\/\/littlevillagechamber.org\/?s={search_term_string}"},"query-input":{"@type":"PropertyValueSpecification","valueRequired":true,"valueName":"search_term_string"}}],"inLanguage":"es"},{"@type":"Organization","@id":"https:\/\/littlevillagechamber.org\/#organization","name":"La C\u00e1mara de Comercio de La Villita","url":"https:\/\/littlevillagechamber.org\/","logo":{"@type":"ImageObject","inLanguage":"es","@id":"https:\/\/littlevillagechamber.org\/#\/schema\/logo\/image\/","url":"https:\/\/littlevillagechamber.org\/wp-content\/uploads\/LVCC.png","contentUrl":"https:\/\/littlevillagechamber.org\/wp-content\/uploads\/LVCC.png","width":300,"height":257,"caption":"Little Village Chamber of Commerce"},"image":{"@id":"https:\/\/littlevillagechamber.org\/#\/schema\/logo\/image\/"}}]}},"_links":{"self":[{"href":"https:\/\/littlevillagechamber.org\/es\/wp-json\/wp\/v2\/pages\/31771","targetHints":{"allow":["GET"]}}],"collection":[{"href":"https:\/\/littlevillagechamber.org\/es\/wp-json\/wp\/v2\/pages"}],"about":[{"href":"https:\/\/littlevillagechamber.org\/es\/wp-json\/wp\/v2\/types\/page"}],"author":[{"embeddable":true,"href":"https:\/\/littlevillagechamber.org\/es\/wp-json\/wp\/v2\/users\/213"}],"replies":[{"embeddable":true,"href":"https:\/\/littlevillagechamber.org\/es\/wp-json\/wp\/v2\/comments?post=31771"}],"version-history":[{"count":11,"href":"https:\/\/littlevillagechamber.org\/es\/wp-json\/wp\/v2\/pages\/31771\/revisions"}],"predecessor-version":[{"id":31962,"href":"https:\/\/littlevillagechamber.org\/es\/wp-json\/wp\/v2\/pages\/31771\/revisions\/31962"}],"up":[{"embeddable":true,"href":"https:\/\/littlevillagechamber.org\/es\/wp-json\/wp\/v2\/pages\/25225"}],"wp:attachment":[{"href":"https:\/\/littlevillagechamber.org\/es\/wp-json\/wp\/v2\/media?parent=31771"}],"curies":[{"name":"wp","href":"https:\/\/api.w.org\/{rel}","templated":true}]}}