{"id":30201,"date":"2025-04-09T18:04:31","date_gmt":"2025-04-09T23:04:31","guid":{"rendered":"https:\/\/littlevillagechamber.org\/?page_id=30201"},"modified":"2026-03-31T18:08:04","modified_gmt":"2026-03-31T23:08:04","slug":"de-la-mano","status":"publish","type":"page","link":"https:\/\/littlevillagechamber.org\/es\/programs\/de-la-mano\/","title":{"rendered":"De La Mano &#8211; Free Advisory"},"content":{"rendered":"<h1>De La Mano<br \/>Asesor\u00eda empresarial gratuita<\/h1>\t\t\t\n<figure itemscope itemtype=\"https:\/\/schema.org\/ImageObject\">\n\t\t\t\t<img decoding=\"async\" src=\"https:\/\/littlevillagechamber.org\/wp-content\/uploads\/De_La_Mano_Logo.png\" alt=\"De_La_Mano_Logo\" height=\"334\" width=\"610\" title=\"De_La_Mano_Logo\" onerror=\"this.style.display='none'\" loading=\"lazy\" \/>\n\t<\/figure>\n\t\t\t<h2>Nuestra Misi\u00f3n<\/h2>\t\t\t\n\t\t\t\t<p>La misi\u00f3n de <strong>De La Mano<\/strong> Es empoderar a emprendedores y due\u00f1os de negocios en cada etapa de su viaje.<br \/>proporcion\u00e1ndole orientaci\u00f3n y recursos expertos sin costo alguno. <\/p>\n<p>Como programa de la <strong>La C\u00e1mara de Comercio de La Villita<\/strong>, <br \/>Estamos comprometidos a fomentar el crecimiento econ\u00f3mico y el \u00e9xito dentro de nuestra comunidad. <br \/>ofreciendo apoyo personalizado y conocimientos pr\u00e1cticos en diversos campos.<\/p>\n\t\t\t<h2>Pilares program\u00e1ticos<\/h2>\t\t\t\n\t\t\t\t<p>Estos son las <strong>prioridades estrat\u00e9gicas fundamentales<\/strong> that guide our LVCC consulting program&#8217;s delivery and impact. They focus on bridging specific resource gaps while honoring cultural nuances within our business community.<\/p>\n\t<p>&nbsp;<\/p>\n<p>Nuestro objetivo principal es ayudar al mayor n\u00famero posible de nuestras empresas a obtener acceso confiable y duradero a informaci\u00f3n clara y segura.<\/p>\n<figure itemscope itemtype=\"https:\/\/schema.org\/ImageObject\">\n\t\t\t\t<img decoding=\"async\" src=\"https:\/\/littlevillagechamber.org\/wp-content\/uploads\/consultations.jpg\" alt=\"consultations\" height=\"400\" width=\"600\" title=\"consultations\" onerror=\"this.style.display='none'\" loading=\"lazy\" \/>\n\t<\/figure>\n\t<h3><strong>321<br \/>\nConsultas<\/strong><\/h3>\n\t<p>&nbsp;<\/p>\n<p>Esperamos que las empresas que asesoramos operen durante muchos a\u00f1os. Cuando tienen dificultades para mantener sus operaciones, les apoyamos asesorando sobre programas posteriores a la implementaci\u00f3n.<\/p>\n<figure itemscope itemtype=\"https:\/\/schema.org\/ImageObject\">\n\t\t\t\t<img decoding=\"async\" src=\"https:\/\/littlevillagechamber.org\/wp-content\/uploads\/incorporations.jpg\" alt=\"incorporations\" height=\"400\" width=\"600\" title=\"incorporations\" onerror=\"this.style.display='none'\" loading=\"lazy\" \/>\n\t<\/figure>\n\t<h3><strong>10<br \/>\nIncorporaciones<\/strong><\/h3>\n\t<p>&nbsp;<\/p>\n<p>Our partners&#8217; resources and our advisors&#8217; knowledge enhance the benefits of access to real local solutions and effective business behavior changes.<\/p>\n<figure itemscope itemtype=\"https:\/\/schema.org\/ImageObject\">\n\t\t\t\t<img decoding=\"async\" src=\"https:\/\/littlevillagechamber.org\/wp-content\/uploads\/referrals.jpg\" alt=\"referrals\" height=\"400\" width=\"600\" title=\"referrals\" onerror=\"this.style.display='none'\" loading=\"lazy\" \/>\n\t<\/figure>\n\t<h3><strong>78<br \/>\nReferencias<\/strong><\/h3>\n\t<p>&nbsp;<\/p>\n<p>Dise\u00f1ado para apoyar a los empresarios locales ayud\u00e1ndolos a identificar sus fortalezas y debilidades, mejorar la rentabilidad, monitorear el progreso y redirigirlos hacia recursos valiosos.<\/p>\n<figure itemscope itemtype=\"https:\/\/schema.org\/ImageObject\">\n\t\t\t\t<img decoding=\"async\" src=\"https:\/\/littlevillagechamber.org\/wp-content\/uploads\/partners.jpg\" alt=\"partners\" height=\"400\" width=\"600\" title=\"partners\" onerror=\"this.style.display='none'\" loading=\"lazy\" \/>\n\t<\/figure>\n\t<h3><strong>10<br \/>\nSocios<\/strong><\/h3>\n\t\t\t<a href=\"https:\/\/littlevillagechamber.org\/wp-content\/uploads\/LVCC_Calendar_2026_1080px-02.jpg\" title=\"Concierte su cita GRATIS\" target=\"_self\"   role=\"button\" aria-label=\"Concierte su cita GRATIS\">\n\t\t\t\t\t\t\tConcierte su cita GRATIS\n\t\t<\/a>\n\t\t\t<h2>Categor\u00edas y temas de consulta<\/h2>\t\t\t\n<figure itemscope itemtype=\"https:\/\/schema.org\/ImageObject\">\n\t\t\t\t<img decoding=\"async\" src=\"https:\/\/littlevillagechamber.org\/wp-content\/uploads\/DeLaMano-Categories_Chart.png\" alt=\"DeLaMano-Categories_Chart\" height=\"850\" width=\"1080\" title=\"DeLaMano-Categories_Chart\" onerror=\"this.style.display='none'\" loading=\"lazy\" \/>\n\t<\/figure>\n\t\t\t<h3>Registro de negocios<br \/>&#038; Certificates<\/h3>\t\t\t\n\t<ul>\n\t\t<li>\t\t\t\t\n\t\t<p>Elegir una estructura empresarial (por ejemplo, LLC, empresa unipersonal)<\/p><\/li><li>\t\t\t\t\n\t\t<p>Registrar el nombre comercial<\/p><\/li><li>\t\t\t\t\n\t\t<p>C\u00f3mo obtener un EIN (N\u00famero de Identificaci\u00f3n del Empleador)<\/p><\/li><li>\t\t\t\t\n\t\t<p>Obtenci\u00f3n de licencias y permisos comerciales de la ciudad y el estado<\/p><\/li><li>\t\t\t\t\n\t\t<p>Asistencia para abrir una cuenta bancaria comercial<\/p><\/li>\t<\/ul>\n\t\t\t<h3>Planificaci\u00f3n empresarial<br \/>&#038; Strategy<\/h3>\t\t\t\n\t<ul>\n\t\t<li>\t\t\t\t\n\t\t<p>Definici\u00f3n de Visi\u00f3n y Metas<\/p><\/li><li>\t\t\t\t\n\t\t<p>Business situational Assessment (SWOT &amp; 5C&#8217;s)<\/p><\/li><li>\t\t\t\t\n\t\t<p>Determinar iniciativas estrat\u00e9gicas y formulaci\u00f3n<\/p><\/li><li>\t\t\t\t\n\t\t<p>Planificaci\u00f3n de estrategias e implementaci\u00f3n del planificador<\/p><\/li><li>\t\t\t\t\n\t\t<p>Monitoreo y evaluaci\u00f3n<\/p><\/li>\t<\/ul>\n\t\t\t<h3>Cumplimiento normativo<\/h3>\t\t\t\n\t<ul>\n\t\t<li>\t\t\t\t\n\t\t<p>Comprender las leyes de zonificaci\u00f3n y los c\u00f3digos de salud y seguridad<\/p><\/li><li>\t\t\t\t\n\t\t<p>Mantenimiento de licencias comerciales y renovaciones<\/p><\/li><li>\t\t\t\t\n\t\t<p>Navegando por los requisitos y presentaciones fiscales<\/p><\/li><li>\t\t\t\t\n\t\t<p>Navegando por el gobierno municipal y estatal<\/p><\/li>\t<\/ul>\n\t\t\t<h3>Gesti\u00f3n financiera<\/h3>\t\t\t\n\t<ul>\n\t\t<li>\t\t\t\t\n\t\t<p>Fundamentos de contabilidad<\/p><\/li><li>\t\t\t\t\n\t\t<p>Referrals to accountants or CPA&#8217;s<\/p><\/li><li>\t\t\t\t\n\t\t<p>Referencias a programas de pr\u00e9stamos<\/p><\/li><li>\t\t\t\t\n\t\t<p>Apoyo para la solicitud de subvenciones<\/p><\/li><li>\t\t\t\t\n\t\t<p>Referencias a instituciones financieras<\/p><\/li>\t<\/ul>\n\t\t\t<h3>Growth &#038; Expansion<\/h3>\t\t\t\n\t<ul>\n\t\t<li>\t\t\t\t\n\t\t<p>Operaciones de escalado<\/p><\/li><li>\t\t\t\t\n\t\t<p>Estrategias de m\u00faltiples ubicaciones<\/p><\/li><li>\t\t\t\t\n\t\t<p>Gu\u00eda de franquicias<\/p><\/li><li>\t\t\t\t\n\t\t<p>Lanzamientos de nuevos productos\/servicios<\/p><\/li><li>\t\t\t\t\n\t\t<p>Revisiones de contratos de arrendamiento<\/p><\/li><li>\t\t\t\t\n\t\t<p>Revisiones de contratos<\/p><\/li>\t<\/ul>\n\t\t\t<h3>Marketing &#038; Branding<\/h3>\t\t\t\n\t<ul>\n\t\t<li>\t\t\t\t\n\t\t<p>Crear una identidad de marca<\/p><\/li><li>\t\t\t\t\n\t\t<p>Desarrollo de estrategia de marketing<\/p><\/li><li>\t\t\t\t\n\t\t<p>Planificaci\u00f3n de redes sociales<\/p><\/li><li>\t\t\t\t\n\t\t<p>Soporte de material promocional<\/p><\/li><li>\t\t\t\t\n\t\t<p>Gu\u00eda de presencia digital<\/p><\/li>\t<\/ul>\n\t\t\t<h3>Coaching &#038; Connecting<\/h3>\t\t\t\n\t<ul>\n\t\t<li>\t\t\t\t\n\t\t<p>Controles de rendici\u00f3n de cuentas<\/p><\/li><li>\t\t\t\t\n\t\t<p>Desarrollo de habilidades blandas y liderazgo<\/p><\/li><li>\t\t\t\t\n\t\t<p>Referencias a programas de mentor\u00eda<\/p><\/li>\t<\/ul>","protected":false},"excerpt":{"rendered":"<p>De La ManoFree Business Advisory Our Mission The mission of De La Mano is to empower entrepreneurs and business owners at every stage of their journeyby providing no-cost, expert guidance and resources. As a program of the Little Village Chamber of Commerce, we are committed to fostering economic growth and success within our community by [&hellip;]<\/p>\n","protected":false},"author":213,"featured_media":0,"parent":25225,"menu_order":0,"comment_status":"closed","ping_status":"closed","template":"","meta":{"site-sidebar-layout":"no-sidebar","site-content-layout":"page-builder","ast-site-content-layout":"full-width-container","site-content-style":"unboxed","site-sidebar-style":"unboxed","ast-global-header-display":"","ast-banner-title-visibility":"","ast-main-header-display":"","ast-hfb-above-header-display":"","ast-hfb-below-header-display":"","ast-hfb-mobile-header-display":"","site-post-title":"disabled","ast-breadcrumbs-content":"","ast-featured-img":"disabled","footer-sml-layout":"","ast-disable-related-posts":"","theme-transparent-header-meta":"default","adv-header-id-meta":"","stick-header-meta":"default","header-above-stick-meta":"","header-main-stick-meta":"","header-below-stick-meta":"","astra-migrate-meta-layouts":"set","ast-page-background-enabled":"default","ast-page-background-meta":{"desktop":{"background-color":"","background-image":"","background-repeat":"repeat","background-position":"center center","background-size":"auto","background-attachment":"scroll","background-type":"","background-media":"","overlay-type":"","overlay-color":"","overlay-opacity":"","overlay-gradient":""},"tablet":{"background-color":"","background-image":"","background-repeat":"repeat","background-position":"center center","background-size":"auto","background-attachment":"scroll","background-type":"","background-media":"","overlay-type":"","overlay-color":"","overlay-opacity":"","overlay-gradient":""},"mobile":{"background-color":"","background-image":"","background-repeat":"repeat","background-position":"center center","background-size":"auto","background-attachment":"scroll","background-type":"","background-media":"","overlay-type":"","overlay-color":"","overlay-opacity":"","overlay-gradient":""}},"ast-content-background-meta":{"desktop":{"background-color":"var(--ast-global-color-5)","background-image":"","background-repeat":"repeat","background-position":"center center","background-size":"auto","background-attachment":"scroll","background-type":"","background-media":"","overlay-type":"","overlay-color":"","overlay-opacity":"","overlay-gradient":""},"tablet":{"background-color":"var(--ast-global-color-5)","background-image":"","background-repeat":"repeat","background-position":"center center","background-size":"auto","background-attachment":"scroll","background-type":"","background-media":"","overlay-type":"","overlay-color":"","overlay-opacity":"","overlay-gradient":""},"mobile":{"background-color":"var(--ast-global-color-5)","background-image":"","background-repeat":"repeat","background-position":"center center","background-size":"auto","background-attachment":"scroll","background-type":"","background-media":"","overlay-type":"","overlay-color":"","overlay-opacity":"","overlay-gradient":""}},"footnotes":""},"class_list":["post-30201","page","type-page","status-publish","hentry"],"yoast_head":"<!-- This site is optimized with the Yoast SEO plugin v27.4 - https:\/\/yoast.com\/product\/yoast-seo-wordpress\/ -->\n<title>De La Mano - Free Advisory - Little Village Chamber of Commerce<\/title>\n<meta name=\"robots\" content=\"index, follow, max-snippet:-1, max-image-preview:large, max-video-preview:-1\" \/>\n<link rel=\"canonical\" href=\"https:\/\/littlevillagechamber.org\/es\/programs\/de-la-mano\/\" \/>\n<meta property=\"og:locale\" content=\"es_MX\" \/>\n<meta property=\"og:type\" content=\"article\" \/>\n<meta property=\"og:title\" content=\"De La Mano - Free Advisory - Little Village Chamber of Commerce\" \/>\n<meta property=\"og:description\" content=\"De La ManoFree Business Advisory Our Mission The mission of De La Mano is to empower entrepreneurs and business owners at every stage of their journeyby providing no-cost, expert guidance and resources. As a program of the Little Village Chamber of Commerce, we are committed to fostering economic growth and success within our community by [&hellip;]\" \/>\n<meta property=\"og:url\" content=\"https:\/\/littlevillagechamber.org\/es\/programs\/de-la-mano\/\" \/>\n<meta property=\"og:site_name\" content=\"Little Village Chamber of Commerce\" \/>\n<meta property=\"article:modified_time\" content=\"2026-03-31T23:08:04+00:00\" \/>\n<meta property=\"og:image\" content=\"https:\/\/littlevillagechamber.org\/wp-content\/uploads\/De_La_Mano_Logo.png\" \/>\n<meta name=\"twitter:card\" content=\"summary_large_image\" \/>\n<meta name=\"twitter:label1\" content=\"Tiempo de lectura\" \/>\n\t<meta name=\"twitter:data1\" content=\"7 minutos\" \/>\n<script type=\"application\/ld+json\" class=\"yoast-schema-graph\">{\"@context\":\"https:\\\/\\\/schema.org\",\"@graph\":[{\"@type\":\"WebPage\",\"@id\":\"https:\\\/\\\/littlevillagechamber.org\\\/programs\\\/de-la-mano\\\/\",\"url\":\"https:\\\/\\\/littlevillagechamber.org\\\/programs\\\/de-la-mano\\\/\",\"name\":\"De La Mano - Free Advisory - Little Village Chamber of Commerce\",\"isPartOf\":{\"@id\":\"https:\\\/\\\/littlevillagechamber.org\\\/#website\"},\"primaryImageOfPage\":{\"@id\":\"https:\\\/\\\/littlevillagechamber.org\\\/programs\\\/de-la-mano\\\/#primaryimage\"},\"image\":{\"@id\":\"https:\\\/\\\/littlevillagechamber.org\\\/programs\\\/de-la-mano\\\/#primaryimage\"},\"thumbnailUrl\":\"https:\\\/\\\/littlevillagechamber.org\\\/wp-content\\\/uploads\\\/De_La_Mano_Logo.png\",\"datePublished\":\"2025-04-09T23:04:31+00:00\",\"dateModified\":\"2026-03-31T23:08:04+00:00\",\"breadcrumb\":{\"@id\":\"https:\\\/\\\/littlevillagechamber.org\\\/programs\\\/de-la-mano\\\/#breadcrumb\"},\"inLanguage\":\"es\",\"potentialAction\":[{\"@type\":\"ReadAction\",\"target\":[\"https:\\\/\\\/littlevillagechamber.org\\\/programs\\\/de-la-mano\\\/\"]}]},{\"@type\":\"ImageObject\",\"inLanguage\":\"es\",\"@id\":\"https:\\\/\\\/littlevillagechamber.org\\\/programs\\\/de-la-mano\\\/#primaryimage\",\"url\":\"https:\\\/\\\/littlevillagechamber.org\\\/wp-content\\\/uploads\\\/De_La_Mano_Logo.png\",\"contentUrl\":\"https:\\\/\\\/littlevillagechamber.org\\\/wp-content\\\/uploads\\\/De_La_Mano_Logo.png\"},{\"@type\":\"BreadcrumbList\",\"@id\":\"https:\\\/\\\/littlevillagechamber.org\\\/programs\\\/de-la-mano\\\/#breadcrumb\",\"itemListElement\":[{\"@type\":\"ListItem\",\"position\":1,\"name\":\"Home\",\"item\":\"https:\\\/\\\/littlevillagechamber.org\\\/\"},{\"@type\":\"ListItem\",\"position\":2,\"name\":\"Programs\",\"item\":\"https:\\\/\\\/littlevillagechamber.org\\\/programs\\\/\"},{\"@type\":\"ListItem\",\"position\":3,\"name\":\"De La Mano &#8211; Free Advisory\"}]},{\"@type\":\"WebSite\",\"@id\":\"https:\\\/\\\/littlevillagechamber.org\\\/#website\",\"url\":\"https:\\\/\\\/littlevillagechamber.org\\\/\",\"name\":\"Little Village Chamber of Commerce\",\"description\":\"Tu Mexico, Tu Chicago!\",\"publisher\":{\"@id\":\"https:\\\/\\\/littlevillagechamber.org\\\/#organization\"},\"potentialAction\":[{\"@type\":\"SearchAction\",\"target\":{\"@type\":\"EntryPoint\",\"urlTemplate\":\"https:\\\/\\\/littlevillagechamber.org\\\/?s={search_term_string}\"},\"query-input\":{\"@type\":\"PropertyValueSpecification\",\"valueRequired\":true,\"valueName\":\"search_term_string\"}}],\"inLanguage\":\"es\"},{\"@type\":\"Organization\",\"@id\":\"https:\\\/\\\/littlevillagechamber.org\\\/#organization\",\"name\":\"Little Village Chamber of Commerce\",\"url\":\"https:\\\/\\\/littlevillagechamber.org\\\/\",\"logo\":{\"@type\":\"ImageObject\",\"inLanguage\":\"es\",\"@id\":\"https:\\\/\\\/littlevillagechamber.org\\\/#\\\/schema\\\/logo\\\/image\\\/\",\"url\":\"https:\\\/\\\/littlevillagechamber.org\\\/wp-content\\\/uploads\\\/LVCC.png\",\"contentUrl\":\"https:\\\/\\\/littlevillagechamber.org\\\/wp-content\\\/uploads\\\/LVCC.png\",\"width\":300,\"height\":257,\"caption\":\"Little Village Chamber of Commerce\"},\"image\":{\"@id\":\"https:\\\/\\\/littlevillagechamber.org\\\/#\\\/schema\\\/logo\\\/image\\\/\"}}]}<\/script>\n<!-- \/ Yoast SEO plugin. -->","yoast_head_json":{"title":"De La Mano - Free Advisory - Little Village Chamber of Commerce","robots":{"index":"index","follow":"follow","max-snippet":"max-snippet:-1","max-image-preview":"max-image-preview:large","max-video-preview":"max-video-preview:-1"},"canonical":"https:\/\/littlevillagechamber.org\/es\/programs\/de-la-mano\/","og_locale":"es_MX","og_type":"article","og_title":"De La Mano - Free Advisory - Little Village Chamber of Commerce","og_description":"De La ManoFree Business Advisory Our Mission The mission of De La Mano is to empower entrepreneurs and business owners at every stage of their journeyby providing no-cost, expert guidance and resources. As a program of the Little Village Chamber of Commerce, we are committed to fostering economic growth and success within our community by [&hellip;]","og_url":"https:\/\/littlevillagechamber.org\/es\/programs\/de-la-mano\/","og_site_name":"Little Village Chamber of Commerce","article_modified_time":"2026-03-31T23:08:04+00:00","og_image":[{"url":"https:\/\/littlevillagechamber.org\/wp-content\/uploads\/De_La_Mano_Logo.png","type":"","width":"","height":""}],"twitter_card":"summary_large_image","twitter_misc":{"Tiempo de lectura":"7 minutos"},"schema":{"@context":"https:\/\/schema.org","@graph":[{"@type":"WebPage","@id":"https:\/\/littlevillagechamber.org\/programs\/de-la-mano\/","url":"https:\/\/littlevillagechamber.org\/programs\/de-la-mano\/","name":"De La Mano - Free Advisory - Little Village Chamber of Commerce","isPartOf":{"@id":"https:\/\/littlevillagechamber.org\/#website"},"primaryImageOfPage":{"@id":"https:\/\/littlevillagechamber.org\/programs\/de-la-mano\/#primaryimage"},"image":{"@id":"https:\/\/littlevillagechamber.org\/programs\/de-la-mano\/#primaryimage"},"thumbnailUrl":"https:\/\/littlevillagechamber.org\/wp-content\/uploads\/De_La_Mano_Logo.png","datePublished":"2025-04-09T23:04:31+00:00","dateModified":"2026-03-31T23:08:04+00:00","breadcrumb":{"@id":"https:\/\/littlevillagechamber.org\/programs\/de-la-mano\/#breadcrumb"},"inLanguage":"es","potentialAction":[{"@type":"ReadAction","target":["https:\/\/littlevillagechamber.org\/programs\/de-la-mano\/"]}]},{"@type":"ImageObject","inLanguage":"es","@id":"https:\/\/littlevillagechamber.org\/programs\/de-la-mano\/#primaryimage","url":"https:\/\/littlevillagechamber.org\/wp-content\/uploads\/De_La_Mano_Logo.png","contentUrl":"https:\/\/littlevillagechamber.org\/wp-content\/uploads\/De_La_Mano_Logo.png"},{"@type":"BreadcrumbList","@id":"https:\/\/littlevillagechamber.org\/programs\/de-la-mano\/#breadcrumb","itemListElement":[{"@type":"ListItem","position":1,"name":"Home","item":"https:\/\/littlevillagechamber.org\/"},{"@type":"ListItem","position":2,"name":"Programs","item":"https:\/\/littlevillagechamber.org\/programs\/"},{"@type":"ListItem","position":3,"name":"De La Mano &#8211; Free Advisory"}]},{"@type":"WebSite","@id":"https:\/\/littlevillagechamber.org\/#website","url":"https:\/\/littlevillagechamber.org\/","name":"La C\u00e1mara de Comercio de La Villita","description":"Tu M\u00e9xico, Tu Chicago!","publisher":{"@id":"https:\/\/littlevillagechamber.org\/#organization"},"potentialAction":[{"@type":"SearchAction","target":{"@type":"EntryPoint","urlTemplate":"https:\/\/littlevillagechamber.org\/?s={search_term_string}"},"query-input":{"@type":"PropertyValueSpecification","valueRequired":true,"valueName":"search_term_string"}}],"inLanguage":"es"},{"@type":"Organization","@id":"https:\/\/littlevillagechamber.org\/#organization","name":"La C\u00e1mara de Comercio de La Villita","url":"https:\/\/littlevillagechamber.org\/","logo":{"@type":"ImageObject","inLanguage":"es","@id":"https:\/\/littlevillagechamber.org\/#\/schema\/logo\/image\/","url":"https:\/\/littlevillagechamber.org\/wp-content\/uploads\/LVCC.png","contentUrl":"https:\/\/littlevillagechamber.org\/wp-content\/uploads\/LVCC.png","width":300,"height":257,"caption":"Little Village Chamber of Commerce"},"image":{"@id":"https:\/\/littlevillagechamber.org\/#\/schema\/logo\/image\/"}}]}},"_links":{"self":[{"href":"https:\/\/littlevillagechamber.org\/es\/wp-json\/wp\/v2\/pages\/30201","targetHints":{"allow":["GET"]}}],"collection":[{"href":"https:\/\/littlevillagechamber.org\/es\/wp-json\/wp\/v2\/pages"}],"about":[{"href":"https:\/\/littlevillagechamber.org\/es\/wp-json\/wp\/v2\/types\/page"}],"author":[{"embeddable":true,"href":"https:\/\/littlevillagechamber.org\/es\/wp-json\/wp\/v2\/users\/213"}],"replies":[{"embeddable":true,"href":"https:\/\/littlevillagechamber.org\/es\/wp-json\/wp\/v2\/comments?post=30201"}],"version-history":[{"count":11,"href":"https:\/\/littlevillagechamber.org\/es\/wp-json\/wp\/v2\/pages\/30201\/revisions"}],"predecessor-version":[{"id":31975,"href":"https:\/\/littlevillagechamber.org\/es\/wp-json\/wp\/v2\/pages\/30201\/revisions\/31975"}],"up":[{"embeddable":true,"href":"https:\/\/littlevillagechamber.org\/es\/wp-json\/wp\/v2\/pages\/25225"}],"wp:attachment":[{"href":"https:\/\/littlevillagechamber.org\/es\/wp-json\/wp\/v2\/media?parent=30201"}],"curies":[{"name":"wp","href":"https:\/\/api.w.org\/{rel}","templated":true}]}}