{"id":29444,"date":"2024-10-22T19:58:55","date_gmt":"2024-10-23T00:58:55","guid":{"rendered":"https:\/\/littlevillagechamber.org\/?page_id=29444"},"modified":"2025-01-09T13:48:03","modified_gmt":"2025-01-09T19:48:03","slug":"events","status":"publish","type":"page","link":"https:\/\/littlevillagechamber.org\/es\/ssa25\/events\/","title":{"rendered":"Eventos de SSA #25"},"content":{"rendered":"<h1>Eventos de SSA #25<\/h1>\t\t\t\n\t\t\t<h2>Special Service Area #25<br \/>2025 Events<\/h2>\t\t\t\n\t\t\t\t<p>Nos encargamos de gestionar los recursos que se proporcionan a nuestro corredor comercial. Para ello, creamos eventos que nos ayudan a comunicar, promover, ofrecer, educar, otorgar subvenciones y recompensar a las numerosas empresas que lo conforman.<\/p>\n<p>Los proyectos financiados por la SSA generalmente incluyen, entre otros: mantenimiento y embellecimiento de v\u00edas p\u00fablicas, marketing y publicidad de distritos, retenci\u00f3n\/atracci\u00f3n de empresas, eventos especiales y actividades promocionales, tr\u00e1nsito de autom\u00f3viles y bicicletas, seguridad, mejoras de fachadas y otras iniciativas de desarrollo comercial y econ\u00f3mico.<\/p>\n<h5>\n\t\tSSA #25 Commission Meetings &#8211; Calendar 2025\n\t<\/h5>\n\t\t\t\t<img decoding=\"async\" src=\"https:\/\/littlevillagechamber.org\/wp-content\/uploads\/2025_SSA25_Calendar-05.png\" alt=\"2025_SSA25_Calendar-05\" title=\"2025_SSA25_Calendar-05\" itemprop=\"image\"  \/>\n\t\t\t<h4>Listo para unirte a nosotros?<\/h4>\t\t\t\n\t\t\t<a href=\"https:\/\/littlevillagechamber.org\/es\/contact-us\/\" title=\"Haga clic aqu\u00ed\" target=\"_self\"   role=\"button\" aria-label=\"Cont\u00e1ctanos ahora\">\n\t\t\t\t\t\t\tCont\u00e1ctanos ahora\n\t\t<\/a>","protected":false},"excerpt":{"rendered":"<p>SSA #25 Events Special Service Area #252025 Events We are in charge of managing the resources provided to our commercial corridor. To do this, we create events that help us communicate, promote, offer, educate, grant and reward the many businesses that are part of it. SSA-funded projects typically include but are not limited to: public [&hellip;]<\/p>\n","protected":false},"author":213,"featured_media":0,"parent":25783,"menu_order":0,"comment_status":"closed","ping_status":"closed","template":"","meta":{"site-sidebar-layout":"no-sidebar","site-content-layout":"page-builder","ast-site-content-layout":"full-width-container","site-content-style":"unboxed","site-sidebar-style":"unboxed","ast-global-header-display":"","ast-banner-title-visibility":"","ast-main-header-display":"","ast-hfb-above-header-display":"","ast-hfb-below-header-display":"","ast-hfb-mobile-header-display":"","site-post-title":"disabled","ast-breadcrumbs-content":"","ast-featured-img":"disabled","footer-sml-layout":"","ast-disable-related-posts":"","theme-transparent-header-meta":"default","adv-header-id-meta":"","stick-header-meta":"default","header-above-stick-meta":"","header-main-stick-meta":"","header-below-stick-meta":"","astra-migrate-meta-layouts":"set","ast-page-background-enabled":"default","ast-page-background-meta":{"desktop":{"background-color":"","background-image":"","background-repeat":"repeat","background-position":"center center","background-size":"auto","background-attachment":"scroll","background-type":"","background-media":"","overlay-type":"","overlay-color":"","overlay-opacity":"","overlay-gradient":""},"tablet":{"background-color":"","background-image":"","background-repeat":"repeat","background-position":"center center","background-size":"auto","background-attachment":"scroll","background-type":"","background-media":"","overlay-type":"","overlay-color":"","overlay-opacity":"","overlay-gradient":""},"mobile":{"background-color":"","background-image":"","background-repeat":"repeat","background-position":"center center","background-size":"auto","background-attachment":"scroll","background-type":"","background-media":"","overlay-type":"","overlay-color":"","overlay-opacity":"","overlay-gradient":""}},"ast-content-background-meta":{"desktop":{"background-color":"var(--ast-global-color-5)","background-image":"","background-repeat":"repeat","background-position":"center center","background-size":"auto","background-attachment":"scroll","background-type":"","background-media":"","overlay-type":"","overlay-color":"","overlay-opacity":"","overlay-gradient":""},"tablet":{"background-color":"var(--ast-global-color-5)","background-image":"","background-repeat":"repeat","background-position":"center center","background-size":"auto","background-attachment":"scroll","background-type":"","background-media":"","overlay-type":"","overlay-color":"","overlay-opacity":"","overlay-gradient":""},"mobile":{"background-color":"var(--ast-global-color-5)","background-image":"","background-repeat":"repeat","background-position":"center center","background-size":"auto","background-attachment":"scroll","background-type":"","background-media":"","overlay-type":"","overlay-color":"","overlay-opacity":"","overlay-gradient":""}},"footnotes":""},"class_list":["post-29444","page","type-page","status-publish","hentry"],"yoast_head":"<!-- This site is optimized with the Yoast SEO plugin v27.3 - https:\/\/yoast.com\/product\/yoast-seo-wordpress\/ -->\n<title>SSA #25 Events - Little Village Chamber of Commerce<\/title>\n<meta name=\"robots\" content=\"index, follow, max-snippet:-1, max-image-preview:large, max-video-preview:-1\" \/>\n<link rel=\"canonical\" href=\"https:\/\/littlevillagechamber.org\/es\/ssa25\/events\/\" \/>\n<meta property=\"og:locale\" content=\"es_MX\" \/>\n<meta property=\"og:type\" content=\"article\" \/>\n<meta property=\"og:title\" content=\"SSA #25 Events - Little Village Chamber of Commerce\" \/>\n<meta property=\"og:description\" content=\"SSA #25 Events Special Service Area #252025 Events We are in charge of managing the resources provided to our commercial corridor. To do this, we create events that help us communicate, promote, offer, educate, grant and reward the many businesses that are part of it. SSA-funded projects typically include but are not limited to: public [&hellip;]\" \/>\n<meta property=\"og:url\" content=\"https:\/\/littlevillagechamber.org\/es\/ssa25\/events\/\" \/>\n<meta property=\"og:site_name\" content=\"Little Village Chamber of Commerce\" \/>\n<meta property=\"article:modified_time\" content=\"2025-01-09T19:48:03+00:00\" \/>\n<meta property=\"og:image\" content=\"https:\/\/littlevillagechamber.org\/wp-content\/uploads\/2025_SSA25_Calendar-05.png\" \/>\n<meta name=\"twitter:card\" content=\"summary_large_image\" \/>\n<meta name=\"twitter:label1\" content=\"Tiempo de lectura\" \/>\n\t<meta name=\"twitter:data1\" content=\"2 minutos\" \/>\n<script type=\"application\/ld+json\" class=\"yoast-schema-graph\">{\"@context\":\"https:\\\/\\\/schema.org\",\"@graph\":[{\"@type\":\"WebPage\",\"@id\":\"https:\\\/\\\/littlevillagechamber.org\\\/ssa25\\\/events\\\/\",\"url\":\"https:\\\/\\\/littlevillagechamber.org\\\/ssa25\\\/events\\\/\",\"name\":\"SSA #25 Events - Little Village Chamber of Commerce\",\"isPartOf\":{\"@id\":\"https:\\\/\\\/littlevillagechamber.org\\\/#website\"},\"primaryImageOfPage\":{\"@id\":\"https:\\\/\\\/littlevillagechamber.org\\\/ssa25\\\/events\\\/#primaryimage\"},\"image\":{\"@id\":\"https:\\\/\\\/littlevillagechamber.org\\\/ssa25\\\/events\\\/#primaryimage\"},\"thumbnailUrl\":\"https:\\\/\\\/littlevillagechamber.org\\\/wp-content\\\/uploads\\\/2025_SSA25_Calendar-05.png\",\"datePublished\":\"2024-10-23T00:58:55+00:00\",\"dateModified\":\"2025-01-09T19:48:03+00:00\",\"breadcrumb\":{\"@id\":\"https:\\\/\\\/littlevillagechamber.org\\\/ssa25\\\/events\\\/#breadcrumb\"},\"inLanguage\":\"es\",\"potentialAction\":[{\"@type\":\"ReadAction\",\"target\":[\"https:\\\/\\\/littlevillagechamber.org\\\/ssa25\\\/events\\\/\"]}]},{\"@type\":\"ImageObject\",\"inLanguage\":\"es\",\"@id\":\"https:\\\/\\\/littlevillagechamber.org\\\/ssa25\\\/events\\\/#primaryimage\",\"url\":\"https:\\\/\\\/littlevillagechamber.org\\\/wp-content\\\/uploads\\\/2025_SSA25_Calendar-05.png\",\"contentUrl\":\"https:\\\/\\\/littlevillagechamber.org\\\/wp-content\\\/uploads\\\/2025_SSA25_Calendar-05.png\"},{\"@type\":\"BreadcrumbList\",\"@id\":\"https:\\\/\\\/littlevillagechamber.org\\\/ssa25\\\/events\\\/#breadcrumb\",\"itemListElement\":[{\"@type\":\"ListItem\",\"position\":1,\"name\":\"Home\",\"item\":\"https:\\\/\\\/littlevillagechamber.org\\\/\"},{\"@type\":\"ListItem\",\"position\":2,\"name\":\"SSA #25\",\"item\":\"https:\\\/\\\/littlevillagechamber.org\\\/ssa25\\\/\"},{\"@type\":\"ListItem\",\"position\":3,\"name\":\"SSA #25 Events\"}]},{\"@type\":\"WebSite\",\"@id\":\"https:\\\/\\\/littlevillagechamber.org\\\/#website\",\"url\":\"https:\\\/\\\/littlevillagechamber.org\\\/\",\"name\":\"Little Village Chamber of Commerce\",\"description\":\"Tu Mexico, Tu Chicago!\",\"publisher\":{\"@id\":\"https:\\\/\\\/littlevillagechamber.org\\\/#organization\"},\"potentialAction\":[{\"@type\":\"SearchAction\",\"target\":{\"@type\":\"EntryPoint\",\"urlTemplate\":\"https:\\\/\\\/littlevillagechamber.org\\\/?s={search_term_string}\"},\"query-input\":{\"@type\":\"PropertyValueSpecification\",\"valueRequired\":true,\"valueName\":\"search_term_string\"}}],\"inLanguage\":\"es\"},{\"@type\":\"Organization\",\"@id\":\"https:\\\/\\\/littlevillagechamber.org\\\/#organization\",\"name\":\"Little Village Chamber of Commerce\",\"url\":\"https:\\\/\\\/littlevillagechamber.org\\\/\",\"logo\":{\"@type\":\"ImageObject\",\"inLanguage\":\"es\",\"@id\":\"https:\\\/\\\/littlevillagechamber.org\\\/#\\\/schema\\\/logo\\\/image\\\/\",\"url\":\"https:\\\/\\\/littlevillagechamber.org\\\/wp-content\\\/uploads\\\/LVCC.png\",\"contentUrl\":\"https:\\\/\\\/littlevillagechamber.org\\\/wp-content\\\/uploads\\\/LVCC.png\",\"width\":300,\"height\":257,\"caption\":\"Little Village Chamber of Commerce\"},\"image\":{\"@id\":\"https:\\\/\\\/littlevillagechamber.org\\\/#\\\/schema\\\/logo\\\/image\\\/\"}}]}<\/script>\n<!-- \/ Yoast SEO plugin. -->","yoast_head_json":{"title":"SSA #25 Events - Little Village Chamber of Commerce","robots":{"index":"index","follow":"follow","max-snippet":"max-snippet:-1","max-image-preview":"max-image-preview:large","max-video-preview":"max-video-preview:-1"},"canonical":"https:\/\/littlevillagechamber.org\/es\/ssa25\/events\/","og_locale":"es_MX","og_type":"article","og_title":"SSA #25 Events - Little Village Chamber of Commerce","og_description":"SSA #25 Events Special Service Area #252025 Events We are in charge of managing the resources provided to our commercial corridor. To do this, we create events that help us communicate, promote, offer, educate, grant and reward the many businesses that are part of it. SSA-funded projects typically include but are not limited to: public [&hellip;]","og_url":"https:\/\/littlevillagechamber.org\/es\/ssa25\/events\/","og_site_name":"Little Village Chamber of Commerce","article_modified_time":"2025-01-09T19:48:03+00:00","og_image":[{"url":"https:\/\/littlevillagechamber.org\/wp-content\/uploads\/2025_SSA25_Calendar-05.png","type":"","width":"","height":""}],"twitter_card":"summary_large_image","twitter_misc":{"Tiempo de lectura":"2 minutos"},"schema":{"@context":"https:\/\/schema.org","@graph":[{"@type":"WebPage","@id":"https:\/\/littlevillagechamber.org\/ssa25\/events\/","url":"https:\/\/littlevillagechamber.org\/ssa25\/events\/","name":"SSA #25 Events - Little Village Chamber of Commerce","isPartOf":{"@id":"https:\/\/littlevillagechamber.org\/#website"},"primaryImageOfPage":{"@id":"https:\/\/littlevillagechamber.org\/ssa25\/events\/#primaryimage"},"image":{"@id":"https:\/\/littlevillagechamber.org\/ssa25\/events\/#primaryimage"},"thumbnailUrl":"https:\/\/littlevillagechamber.org\/wp-content\/uploads\/2025_SSA25_Calendar-05.png","datePublished":"2024-10-23T00:58:55+00:00","dateModified":"2025-01-09T19:48:03+00:00","breadcrumb":{"@id":"https:\/\/littlevillagechamber.org\/ssa25\/events\/#breadcrumb"},"inLanguage":"es","potentialAction":[{"@type":"ReadAction","target":["https:\/\/littlevillagechamber.org\/ssa25\/events\/"]}]},{"@type":"ImageObject","inLanguage":"es","@id":"https:\/\/littlevillagechamber.org\/ssa25\/events\/#primaryimage","url":"https:\/\/littlevillagechamber.org\/wp-content\/uploads\/2025_SSA25_Calendar-05.png","contentUrl":"https:\/\/littlevillagechamber.org\/wp-content\/uploads\/2025_SSA25_Calendar-05.png"},{"@type":"BreadcrumbList","@id":"https:\/\/littlevillagechamber.org\/ssa25\/events\/#breadcrumb","itemListElement":[{"@type":"ListItem","position":1,"name":"Home","item":"https:\/\/littlevillagechamber.org\/"},{"@type":"ListItem","position":2,"name":"SSA #25","item":"https:\/\/littlevillagechamber.org\/ssa25\/"},{"@type":"ListItem","position":3,"name":"SSA #25 Events"}]},{"@type":"WebSite","@id":"https:\/\/littlevillagechamber.org\/#website","url":"https:\/\/littlevillagechamber.org\/","name":"La C\u00e1mara de Comercio de La Villita","description":"Tu M\u00e9xico, Tu Chicago!","publisher":{"@id":"https:\/\/littlevillagechamber.org\/#organization"},"potentialAction":[{"@type":"SearchAction","target":{"@type":"EntryPoint","urlTemplate":"https:\/\/littlevillagechamber.org\/?s={search_term_string}"},"query-input":{"@type":"PropertyValueSpecification","valueRequired":true,"valueName":"search_term_string"}}],"inLanguage":"es"},{"@type":"Organization","@id":"https:\/\/littlevillagechamber.org\/#organization","name":"La C\u00e1mara de Comercio de La Villita","url":"https:\/\/littlevillagechamber.org\/","logo":{"@type":"ImageObject","inLanguage":"es","@id":"https:\/\/littlevillagechamber.org\/#\/schema\/logo\/image\/","url":"https:\/\/littlevillagechamber.org\/wp-content\/uploads\/LVCC.png","contentUrl":"https:\/\/littlevillagechamber.org\/wp-content\/uploads\/LVCC.png","width":300,"height":257,"caption":"Little Village Chamber of Commerce"},"image":{"@id":"https:\/\/littlevillagechamber.org\/#\/schema\/logo\/image\/"}}]}},"_links":{"self":[{"href":"https:\/\/littlevillagechamber.org\/es\/wp-json\/wp\/v2\/pages\/29444","targetHints":{"allow":["GET"]}}],"collection":[{"href":"https:\/\/littlevillagechamber.org\/es\/wp-json\/wp\/v2\/pages"}],"about":[{"href":"https:\/\/littlevillagechamber.org\/es\/wp-json\/wp\/v2\/types\/page"}],"author":[{"embeddable":true,"href":"https:\/\/littlevillagechamber.org\/es\/wp-json\/wp\/v2\/users\/213"}],"replies":[{"embeddable":true,"href":"https:\/\/littlevillagechamber.org\/es\/wp-json\/wp\/v2\/comments?post=29444"}],"version-history":[{"count":2,"href":"https:\/\/littlevillagechamber.org\/es\/wp-json\/wp\/v2\/pages\/29444\/revisions"}],"predecessor-version":[{"id":29684,"href":"https:\/\/littlevillagechamber.org\/es\/wp-json\/wp\/v2\/pages\/29444\/revisions\/29684"}],"up":[{"embeddable":true,"href":"https:\/\/littlevillagechamber.org\/es\/wp-json\/wp\/v2\/pages\/25783"}],"wp:attachment":[{"href":"https:\/\/littlevillagechamber.org\/es\/wp-json\/wp\/v2\/media?parent=29444"}],"curies":[{"name":"wp","href":"https:\/\/api.w.org\/{rel}","templated":true}]}}