{"id":29242,"date":"2024-09-10T11:34:03","date_gmt":"2024-09-10T16:34:03","guid":{"rendered":"https:\/\/littlevillagechamber.org\/?page_id=29242"},"modified":"2024-09-10T11:34:03","modified_gmt":"2024-09-10T16:34:03","slug":"celebrando","status":"publish","type":"page","link":"https:\/\/littlevillagechamber.org\/es\/membership\/events\/mexicanparade\/celebrando\/","title":{"rendered":"Celebrando Nuestras Tradiciones"},"content":{"rendered":"<h3>Participants are requiredto abide to the theme<\/h3>\t\t\t\n\t\t\t\t<img loading=\"lazy\" decoding=\"async\" src=\"https:\/\/littlevillagechamber.org\/wp-content\/uploads\/Celebrando_Nuestras.png\" alt=\"Celebrando_Nuestras\" itemprop=\"image\" height=\"400\" width=\"1350\" title=\"Celebrando_Nuestras\" onerror=\"this.style.display='none'\"  \/>\n\t<p>Participant floats represent Mexican cultures and traditions. LVCC encourages all parade participants, whether participating with floats or walking in a group, to consider creativity when choosing traditions to represent. For more info and inspiration for participation, check out our Pinterest board:<\/p>\n\t\t\t<a href=\"https:\/\/pin.it\/541XBZffb\" target=\"_self\" role=\"button\" rel=\"noopener\">\n\t\t\t\t\t\t\tPINTEREST\n\t\t\t\t\t<\/a>\n<ol>\t<li>\n\t\t\t<h4> Alebrijes<\/h4>\t\t\n\t<\/li>\n\t\t<li>\n\t\t\t<h4> Carnales de Cuaresma<\/h4>\t\t\n\t<\/li>\n\t\t<li>\n\t\t\t<h4> Catrinas y Catrinos<\/h4>\t\t\n\t<\/li>\n\t\t<li>\n\t\t\t<h4> Cer\u00e1mica Talavera<\/h4>\t\t\n\t<\/li>\n\t\t<li>\n\t\t\t<h4> Danza de los Viejitos<\/h4>\t\t\n\t<\/li>\n\t\t<li>\n\t\t\t<h4> Dia De Los Muertos<\/h4>\t\t\n\t<\/li>\n\t\t<li>\n\t\t\t<h4> Dia de presentaci\u00f3n del ni\u00f1o Jes\u00fas<\/h4>\t\t\n\t<\/li>\n\t\t<li>\n\t\t\t<h4> Escaramuza<\/h4>\t\t\n\t<\/li>\n\t\t<li>\n\t\t\t<h4> Guelaguetza<\/h4>\t\t\n\t<\/li>\n\t\t<li>\n\t\t\t<h4> Independencia Mexicana<\/h4>\t\t\n\t<\/li>\n\t\t<li>\n\t\t\t<h4> La Batalla de Puebla (5 de Mayo)<\/h4>\t\t\n\t<\/li>\n\t\t<li>\n\t\t\t<h4> Las Adelitas<\/h4>\t\t\n\t<\/li>\n\t\t<li>\n\t\t\t<h4> Los Chinelos<\/h4>\t\t\n\t<\/li>\n\t\t<li>\n\t\t\t<h4> Loter\u00eda <\/h4>\t\t\n\t<\/li>\n\t<\/ol><ol>\t<li>\n\t\t\t<h4> Lucha Libre <\/h4>\t\t\n\t<\/li>\n\t\t<li>\n\t\t\t<h4> Mariachi \/ Charriadas<\/h4>\t\t\n\t<\/li>\n\t\t<li>\n\t\t\t<h4> Papel Picado<\/h4>\t\t\n\t<\/li>\n\t\t<li>\n\t\t\t<h4> Pre-Hispanic Cultures<\/h4>\t\t\n\t<\/li>\n\t\t<li>\n\t\t\t<h4> Pre-Hispanic Craftsmanship<\/h4>\t\t\n\t<\/li>\n\t\t<li>\n\t\t\t<h4> Pre-Hispanic Architecture<\/h4>\t\t\n\t<\/li>\n\t\t<li>\n\t\t\t<h4> Pi\u00f1atas<\/h4>\t\t\n\t<\/li>\n\t\t<li>\n\t\t\t<h4> Posadas Navide\u00f1as<\/h4>\t\t\n\t<\/li>\n\t\t<li>\n\t\t\t<h4> Pueblos M\u00e1gicos<\/h4>\t\t\n\t<\/li>\n\t\t<li>\n\t\t\t<h4> Quincea\u00f1eras<\/h4>\t\t\n\t<\/li>\n\t\t<li>\n\t\t\t<h4> Rebozos<\/h4>\t\t\n\t<\/li>\n\t\t<li>\n\t\t\t<h4> Soccer<\/h4>\t\t\n\t<\/li>\n\t\t<li>\n\t\t\t<h4> Mexican Gastronomy<\/h4>\t\t\n\t<\/li>\n\t\t<li>\n\t\t\t<h4> Virgen de Guadalupe<\/h4>\t\t\n\t<\/li>\n\t\t<li>\n\t\t\t<h4> Voladores de Papantla<\/h4>\t\t\n\t<\/li>\n\t<\/ol><h2>\n\t\tInspirational Gallery\n\t<\/h2>","protected":false},"excerpt":{"rendered":"<p>Participants are requiredto abide to the theme Participant floats represent Mexican cultures and traditions. LVCC encourages all parade participants, whether participating with floats or walking in a group, to consider creativity when choosing traditions to represent. For more info and inspiration for participation, check out our Pinterest board: PINTEREST Alebrijes Carnales de Cuaresma Catrinas y [&hellip;]<\/p>\n","protected":false},"author":213,"featured_media":0,"parent":26864,"menu_order":0,"comment_status":"closed","ping_status":"closed","template":"","meta":{"site-sidebar-layout":"no-sidebar","site-content-layout":"page-builder","ast-site-content-layout":"full-width-container","site-content-style":"unboxed","site-sidebar-style":"unboxed","ast-global-header-display":"","ast-banner-title-visibility":"","ast-main-header-display":"","ast-hfb-above-header-display":"","ast-hfb-below-header-display":"","ast-hfb-mobile-header-display":"","site-post-title":"disabled","ast-breadcrumbs-content":"","ast-featured-img":"disabled","footer-sml-layout":"","ast-disable-related-posts":"","theme-transparent-header-meta":"default","adv-header-id-meta":"","stick-header-meta":"default","header-above-stick-meta":"","header-main-stick-meta":"","header-below-stick-meta":"","astra-migrate-meta-layouts":"set","ast-page-background-enabled":"default","ast-page-background-meta":{"desktop":{"background-color":"","background-image":"","background-repeat":"repeat","background-position":"center center","background-size":"auto","background-attachment":"scroll","background-type":"","background-media":"","overlay-type":"","overlay-color":"","overlay-opacity":"","overlay-gradient":""},"tablet":{"background-color":"","background-image":"","background-repeat":"repeat","background-position":"center center","background-size":"auto","background-attachment":"scroll","background-type":"","background-media":"","overlay-type":"","overlay-color":"","overlay-opacity":"","overlay-gradient":""},"mobile":{"background-color":"","background-image":"","background-repeat":"repeat","background-position":"center center","background-size":"auto","background-attachment":"scroll","background-type":"","background-media":"","overlay-type":"","overlay-color":"","overlay-opacity":"","overlay-gradient":""}},"ast-content-background-meta":{"desktop":{"background-color":"var(--ast-global-color-5)","background-image":"","background-repeat":"repeat","background-position":"center center","background-size":"auto","background-attachment":"scroll","background-type":"","background-media":"","overlay-type":"","overlay-color":"","overlay-opacity":"","overlay-gradient":""},"tablet":{"background-color":"var(--ast-global-color-5)","background-image":"","background-repeat":"repeat","background-position":"center center","background-size":"auto","background-attachment":"scroll","background-type":"","background-media":"","overlay-type":"","overlay-color":"","overlay-opacity":"","overlay-gradient":""},"mobile":{"background-color":"var(--ast-global-color-5)","background-image":"","background-repeat":"repeat","background-position":"center center","background-size":"auto","background-attachment":"scroll","background-type":"","background-media":"","overlay-type":"","overlay-color":"","overlay-opacity":"","overlay-gradient":""}},"footnotes":""},"class_list":["post-29242","page","type-page","status-publish","hentry"],"yoast_head":"<!-- This site is optimized with the Yoast SEO plugin v27.4 - https:\/\/yoast.com\/product\/yoast-seo-wordpress\/ -->\n<title>Celebrando Nuestras Tradiciones - Little Village Chamber of Commerce<\/title>\n<meta name=\"robots\" content=\"index, follow, max-snippet:-1, max-image-preview:large, max-video-preview:-1\" \/>\n<link rel=\"canonical\" href=\"https:\/\/littlevillagechamber.org\/es\/membership\/events\/mexicanparade\/celebrando\/\" \/>\n<meta property=\"og:locale\" content=\"es_MX\" \/>\n<meta property=\"og:type\" content=\"article\" \/>\n<meta property=\"og:title\" content=\"Celebrando Nuestras Tradiciones - Little Village Chamber of Commerce\" \/>\n<meta property=\"og:description\" content=\"Participants are requiredto abide to the theme Participant floats represent Mexican cultures and traditions. LVCC encourages all parade participants, whether participating with floats or walking in a group, to consider creativity when choosing traditions to represent. For more info and inspiration for participation, check out our Pinterest board: PINTEREST Alebrijes Carnales de Cuaresma Catrinas y [&hellip;]\" \/>\n<meta property=\"og:url\" content=\"https:\/\/littlevillagechamber.org\/es\/membership\/events\/mexicanparade\/celebrando\/\" \/>\n<meta property=\"og:site_name\" content=\"Little Village Chamber of Commerce\" \/>\n<meta property=\"og:image\" content=\"https:\/\/littlevillagechamber.org\/wp-content\/uploads\/Celebrando_Nuestras.png\" \/>\n<meta name=\"twitter:card\" content=\"summary_large_image\" \/>\n<meta name=\"twitter:label1\" content=\"Tiempo de lectura\" \/>\n\t<meta name=\"twitter:data1\" content=\"10 minutos\" \/>\n<script type=\"application\/ld+json\" class=\"yoast-schema-graph\">{\"@context\":\"https:\\\/\\\/schema.org\",\"@graph\":[{\"@type\":\"WebPage\",\"@id\":\"https:\\\/\\\/littlevillagechamber.org\\\/membership\\\/events\\\/mexicanparade\\\/celebrando\\\/\",\"url\":\"https:\\\/\\\/littlevillagechamber.org\\\/membership\\\/events\\\/mexicanparade\\\/celebrando\\\/\",\"name\":\"Celebrando Nuestras Tradiciones - Little Village Chamber of Commerce\",\"isPartOf\":{\"@id\":\"https:\\\/\\\/littlevillagechamber.org\\\/#website\"},\"primaryImageOfPage\":{\"@id\":\"https:\\\/\\\/littlevillagechamber.org\\\/membership\\\/events\\\/mexicanparade\\\/celebrando\\\/#primaryimage\"},\"image\":{\"@id\":\"https:\\\/\\\/littlevillagechamber.org\\\/membership\\\/events\\\/mexicanparade\\\/celebrando\\\/#primaryimage\"},\"thumbnailUrl\":\"https:\\\/\\\/littlevillagechamber.org\\\/wp-content\\\/uploads\\\/Celebrando_Nuestras.png\",\"datePublished\":\"2024-09-10T16:34:03+00:00\",\"breadcrumb\":{\"@id\":\"https:\\\/\\\/littlevillagechamber.org\\\/membership\\\/events\\\/mexicanparade\\\/celebrando\\\/#breadcrumb\"},\"inLanguage\":\"es\",\"potentialAction\":[{\"@type\":\"ReadAction\",\"target\":[\"https:\\\/\\\/littlevillagechamber.org\\\/membership\\\/events\\\/mexicanparade\\\/celebrando\\\/\"]}]},{\"@type\":\"ImageObject\",\"inLanguage\":\"es\",\"@id\":\"https:\\\/\\\/littlevillagechamber.org\\\/membership\\\/events\\\/mexicanparade\\\/celebrando\\\/#primaryimage\",\"url\":\"https:\\\/\\\/littlevillagechamber.org\\\/wp-content\\\/uploads\\\/Celebrando_Nuestras.png\",\"contentUrl\":\"https:\\\/\\\/littlevillagechamber.org\\\/wp-content\\\/uploads\\\/Celebrando_Nuestras.png\"},{\"@type\":\"BreadcrumbList\",\"@id\":\"https:\\\/\\\/littlevillagechamber.org\\\/membership\\\/events\\\/mexicanparade\\\/celebrando\\\/#breadcrumb\",\"itemListElement\":[{\"@type\":\"ListItem\",\"position\":1,\"name\":\"Home\",\"item\":\"https:\\\/\\\/littlevillagechamber.org\\\/\"},{\"@type\":\"ListItem\",\"position\":2,\"name\":\"Membership\",\"item\":\"https:\\\/\\\/littlevillagechamber.org\\\/membership\\\/\"},{\"@type\":\"ListItem\",\"position\":3,\"name\":\"Events\",\"item\":\"https:\\\/\\\/littlevillagechamber.org\\\/membership\\\/events\\\/\"},{\"@type\":\"ListItem\",\"position\":4,\"name\":\"Annual 26th Street Mexican Independence Day Parade\",\"item\":\"https:\\\/\\\/littlevillagechamber.org\\\/membership\\\/events\\\/mexicanparade\\\/\"},{\"@type\":\"ListItem\",\"position\":5,\"name\":\"Celebrando Nuestras Tradiciones\"}]},{\"@type\":\"WebSite\",\"@id\":\"https:\\\/\\\/littlevillagechamber.org\\\/#website\",\"url\":\"https:\\\/\\\/littlevillagechamber.org\\\/\",\"name\":\"Little Village Chamber of Commerce\",\"description\":\"Tu Mexico, Tu Chicago!\",\"publisher\":{\"@id\":\"https:\\\/\\\/littlevillagechamber.org\\\/#organization\"},\"potentialAction\":[{\"@type\":\"SearchAction\",\"target\":{\"@type\":\"EntryPoint\",\"urlTemplate\":\"https:\\\/\\\/littlevillagechamber.org\\\/?s={search_term_string}\"},\"query-input\":{\"@type\":\"PropertyValueSpecification\",\"valueRequired\":true,\"valueName\":\"search_term_string\"}}],\"inLanguage\":\"es\"},{\"@type\":\"Organization\",\"@id\":\"https:\\\/\\\/littlevillagechamber.org\\\/#organization\",\"name\":\"Little Village Chamber of Commerce\",\"url\":\"https:\\\/\\\/littlevillagechamber.org\\\/\",\"logo\":{\"@type\":\"ImageObject\",\"inLanguage\":\"es\",\"@id\":\"https:\\\/\\\/littlevillagechamber.org\\\/#\\\/schema\\\/logo\\\/image\\\/\",\"url\":\"https:\\\/\\\/littlevillagechamber.org\\\/wp-content\\\/uploads\\\/LVCC.png\",\"contentUrl\":\"https:\\\/\\\/littlevillagechamber.org\\\/wp-content\\\/uploads\\\/LVCC.png\",\"width\":300,\"height\":257,\"caption\":\"Little Village Chamber of Commerce\"},\"image\":{\"@id\":\"https:\\\/\\\/littlevillagechamber.org\\\/#\\\/schema\\\/logo\\\/image\\\/\"}}]}<\/script>\n<!-- \/ Yoast SEO plugin. -->","yoast_head_json":{"title":"Celebrando Nuestras Tradiciones - Little Village Chamber of Commerce","robots":{"index":"index","follow":"follow","max-snippet":"max-snippet:-1","max-image-preview":"max-image-preview:large","max-video-preview":"max-video-preview:-1"},"canonical":"https:\/\/littlevillagechamber.org\/es\/membership\/events\/mexicanparade\/celebrando\/","og_locale":"es_MX","og_type":"article","og_title":"Celebrando Nuestras Tradiciones - Little Village Chamber of Commerce","og_description":"Participants are requiredto abide to the theme Participant floats represent Mexican cultures and traditions. LVCC encourages all parade participants, whether participating with floats or walking in a group, to consider creativity when choosing traditions to represent. For more info and inspiration for participation, check out our Pinterest board: PINTEREST Alebrijes Carnales de Cuaresma Catrinas y [&hellip;]","og_url":"https:\/\/littlevillagechamber.org\/es\/membership\/events\/mexicanparade\/celebrando\/","og_site_name":"Little Village Chamber of Commerce","og_image":[{"url":"https:\/\/littlevillagechamber.org\/wp-content\/uploads\/Celebrando_Nuestras.png","type":"","width":"","height":""}],"twitter_card":"summary_large_image","twitter_misc":{"Tiempo de lectura":"10 minutos"},"schema":{"@context":"https:\/\/schema.org","@graph":[{"@type":"WebPage","@id":"https:\/\/littlevillagechamber.org\/membership\/events\/mexicanparade\/celebrando\/","url":"https:\/\/littlevillagechamber.org\/membership\/events\/mexicanparade\/celebrando\/","name":"Celebrando Nuestras Tradiciones - Little Village Chamber of Commerce","isPartOf":{"@id":"https:\/\/littlevillagechamber.org\/#website"},"primaryImageOfPage":{"@id":"https:\/\/littlevillagechamber.org\/membership\/events\/mexicanparade\/celebrando\/#primaryimage"},"image":{"@id":"https:\/\/littlevillagechamber.org\/membership\/events\/mexicanparade\/celebrando\/#primaryimage"},"thumbnailUrl":"https:\/\/littlevillagechamber.org\/wp-content\/uploads\/Celebrando_Nuestras.png","datePublished":"2024-09-10T16:34:03+00:00","breadcrumb":{"@id":"https:\/\/littlevillagechamber.org\/membership\/events\/mexicanparade\/celebrando\/#breadcrumb"},"inLanguage":"es","potentialAction":[{"@type":"ReadAction","target":["https:\/\/littlevillagechamber.org\/membership\/events\/mexicanparade\/celebrando\/"]}]},{"@type":"ImageObject","inLanguage":"es","@id":"https:\/\/littlevillagechamber.org\/membership\/events\/mexicanparade\/celebrando\/#primaryimage","url":"https:\/\/littlevillagechamber.org\/wp-content\/uploads\/Celebrando_Nuestras.png","contentUrl":"https:\/\/littlevillagechamber.org\/wp-content\/uploads\/Celebrando_Nuestras.png"},{"@type":"BreadcrumbList","@id":"https:\/\/littlevillagechamber.org\/membership\/events\/mexicanparade\/celebrando\/#breadcrumb","itemListElement":[{"@type":"ListItem","position":1,"name":"Home","item":"https:\/\/littlevillagechamber.org\/"},{"@type":"ListItem","position":2,"name":"Membership","item":"https:\/\/littlevillagechamber.org\/membership\/"},{"@type":"ListItem","position":3,"name":"Events","item":"https:\/\/littlevillagechamber.org\/membership\/events\/"},{"@type":"ListItem","position":4,"name":"Annual 26th Street Mexican Independence Day Parade","item":"https:\/\/littlevillagechamber.org\/membership\/events\/mexicanparade\/"},{"@type":"ListItem","position":5,"name":"Celebrando Nuestras Tradiciones"}]},{"@type":"WebSite","@id":"https:\/\/littlevillagechamber.org\/#website","url":"https:\/\/littlevillagechamber.org\/","name":"La C\u00e1mara de Comercio de La Villita","description":"Tu M\u00e9xico, Tu Chicago!","publisher":{"@id":"https:\/\/littlevillagechamber.org\/#organization"},"potentialAction":[{"@type":"SearchAction","target":{"@type":"EntryPoint","urlTemplate":"https:\/\/littlevillagechamber.org\/?s={search_term_string}"},"query-input":{"@type":"PropertyValueSpecification","valueRequired":true,"valueName":"search_term_string"}}],"inLanguage":"es"},{"@type":"Organization","@id":"https:\/\/littlevillagechamber.org\/#organization","name":"La C\u00e1mara de Comercio de La Villita","url":"https:\/\/littlevillagechamber.org\/","logo":{"@type":"ImageObject","inLanguage":"es","@id":"https:\/\/littlevillagechamber.org\/#\/schema\/logo\/image\/","url":"https:\/\/littlevillagechamber.org\/wp-content\/uploads\/LVCC.png","contentUrl":"https:\/\/littlevillagechamber.org\/wp-content\/uploads\/LVCC.png","width":300,"height":257,"caption":"Little Village Chamber of Commerce"},"image":{"@id":"https:\/\/littlevillagechamber.org\/#\/schema\/logo\/image\/"}}]}},"_links":{"self":[{"href":"https:\/\/littlevillagechamber.org\/es\/wp-json\/wp\/v2\/pages\/29242","targetHints":{"allow":["GET"]}}],"collection":[{"href":"https:\/\/littlevillagechamber.org\/es\/wp-json\/wp\/v2\/pages"}],"about":[{"href":"https:\/\/littlevillagechamber.org\/es\/wp-json\/wp\/v2\/types\/page"}],"author":[{"embeddable":true,"href":"https:\/\/littlevillagechamber.org\/es\/wp-json\/wp\/v2\/users\/213"}],"replies":[{"embeddable":true,"href":"https:\/\/littlevillagechamber.org\/es\/wp-json\/wp\/v2\/comments?post=29242"}],"version-history":[{"count":0,"href":"https:\/\/littlevillagechamber.org\/es\/wp-json\/wp\/v2\/pages\/29242\/revisions"}],"up":[{"embeddable":true,"href":"https:\/\/littlevillagechamber.org\/es\/wp-json\/wp\/v2\/pages\/26864"}],"wp:attachment":[{"href":"https:\/\/littlevillagechamber.org\/es\/wp-json\/wp\/v2\/media?parent=29242"}],"curies":[{"name":"wp","href":"https:\/\/api.w.org\/{rel}","templated":true}]}}