{"id":28551,"date":"2024-04-04T12:23:02","date_gmt":"2024-04-04T17:23:02","guid":{"rendered":"https:\/\/littlevillagechamber.org\/?page_id=28551"},"modified":"2024-05-01T12:02:51","modified_gmt":"2024-05-01T17:02:51","slug":"serna-legal-services-commercial-lease-agreement-workshop","status":"publish","type":"page","link":"https:\/\/littlevillagechamber.org\/es\/membership\/events\/small-business-week\/serna-legal-services-commercial-lease-agreement-workshop\/","title":{"rendered":"Serna Legal Services: Taller sobre Contratos de Arrendamiento Comercial"},"content":{"rendered":"<h1>Miercoles de Talleres: Serna Legal Services<\/h1>\t\t\t\n\t\t\t\t<a href=\"https:\/\/www.eventbrite.com\/e\/lvcc-small-business-week-serna-legal-services-commercial-lease-agreements-tickets-868567547917?aff=ebdssbdestsearch\" target=\"_blank\" rel=\"noopener\" itemprop=\"url\">\n\t\t\t\t<img decoding=\"async\" src=\"https:\/\/littlevillagechamber.org\/wp-content\/uploads\/LVCC_SBW_1080x1080_Events_SERNA.jpg\" alt=\"LVCC_SBW_1080x1080_Events_SERNA\" title=\"LVCC_SBW_1080x1080_Events_SERNA\" itemprop=\"image\"  \/>\n\t\t\t\t\t\t<\/a>\n\t\t\t<h3>Wednesday Workshops:Serna Legal Services, Commercial Lease Agreement Workshop Wednesday, May 1, 2024<\/h3>\t\t\t\n\t\t\t\t<p><strong>Fecha:<\/strong> Mi\u00e9rcoles, 1 de Mayo, 2024<br \/><strong>Hora: <\/strong>12:00pm &#8211; 1:00pm\u00a0<br \/><strong>Direcci\u00f3n:<\/strong> 3010 S. Kedzie Ave. Chicago, IL 60623<\/p>\n<p>Noeli Serna de Serna Servicios Legales presentar\u00e1 un taller informativo sobre Contratos de Arrendamiento Comercial. Serna Legal Services se esfuerza por brindar servicios legales corporativos capacitados, diligentes y \u00e9ticos en ingl\u00e9s y espa\u00f1ol a empresas y emprendedores.<\/p>\n\t\t\t<a href=\"https:\/\/www.eventbrite.com\/e\/lvcc-small-business-week-serna-legal-services-commercial-lease-agreements-tickets-868567547917?aff=ebdssbdestsearch\" target=\"_blank\" role=\"button\" rel=\"noopener\">\n\t\t\t\t\t\t\tREGISTRESE AQUI\n\t\t\t\t\t<\/a>","protected":false},"excerpt":{"rendered":"<p>Wednesday Workshops: Serna Legal Services Wednesday Workshops:Serna Legal Services, Commercial Lease Agreement Workshop Wednesday, May 1, 2024 Date: Wednesday, May 1, 2024Time: 12:00pm &#8211; 1:00pm\u00a0Location: 3010 S. Kedzie Ave. Chicago, IL 60623 Join us as Noeli Serna from Serna Legal Services will present an\u00a0 informative workshop on Commercial Lease Agreements. Serna Legal Services strives to [&hellip;]<\/p>\n","protected":false},"author":213,"featured_media":27334,"parent":28342,"menu_order":0,"comment_status":"closed","ping_status":"closed","template":"","meta":{"site-sidebar-layout":"no-sidebar","site-content-layout":"page-builder","ast-site-content-layout":"full-width-container","site-content-style":"unboxed","site-sidebar-style":"unboxed","ast-global-header-display":"","ast-banner-title-visibility":"","ast-main-header-display":"","ast-hfb-above-header-display":"","ast-hfb-below-header-display":"","ast-hfb-mobile-header-display":"","site-post-title":"disabled","ast-breadcrumbs-content":"","ast-featured-img":"disabled","footer-sml-layout":"","ast-disable-related-posts":"","theme-transparent-header-meta":"default","adv-header-id-meta":"","stick-header-meta":"default","header-above-stick-meta":"","header-main-stick-meta":"","header-below-stick-meta":"","astra-migrate-meta-layouts":"set","ast-page-background-enabled":"default","ast-page-background-meta":{"desktop":{"background-color":"","background-image":"","background-repeat":"repeat","background-position":"center center","background-size":"auto","background-attachment":"scroll","background-type":"","background-media":"","overlay-type":"","overlay-color":"","overlay-opacity":"","overlay-gradient":""},"tablet":{"background-color":"","background-image":"","background-repeat":"repeat","background-position":"center center","background-size":"auto","background-attachment":"scroll","background-type":"","background-media":"","overlay-type":"","overlay-color":"","overlay-opacity":"","overlay-gradient":""},"mobile":{"background-color":"","background-image":"","background-repeat":"repeat","background-position":"center center","background-size":"auto","background-attachment":"scroll","background-type":"","background-media":"","overlay-type":"","overlay-color":"","overlay-opacity":"","overlay-gradient":""}},"ast-content-background-meta":{"desktop":{"background-color":"var(--ast-global-color-5)","background-image":"","background-repeat":"repeat","background-position":"center center","background-size":"auto","background-attachment":"scroll","background-type":"","background-media":"","overlay-type":"","overlay-color":"","overlay-opacity":"","overlay-gradient":""},"tablet":{"background-color":"var(--ast-global-color-5)","background-image":"","background-repeat":"repeat","background-position":"center center","background-size":"auto","background-attachment":"scroll","background-type":"","background-media":"","overlay-type":"","overlay-color":"","overlay-opacity":"","overlay-gradient":""},"mobile":{"background-color":"var(--ast-global-color-5)","background-image":"","background-repeat":"repeat","background-position":"center center","background-size":"auto","background-attachment":"scroll","background-type":"","background-media":"","overlay-type":"","overlay-color":"","overlay-opacity":"","overlay-gradient":""}},"footnotes":""},"class_list":["post-28551","page","type-page","status-publish","has-post-thumbnail","hentry"],"yoast_head":"<!-- This site is optimized with the Yoast SEO plugin v27.3 - https:\/\/yoast.com\/product\/yoast-seo-wordpress\/ -->\n<title>Serna Legal Services, Commercial Lease Agreement Workshop - Little Village Chamber of Commerce<\/title>\n<meta name=\"robots\" content=\"index, follow, max-snippet:-1, max-image-preview:large, max-video-preview:-1\" \/>\n<link rel=\"canonical\" href=\"https:\/\/littlevillagechamber.org\/es\/membership\/events\/small-business-week\/serna-legal-services-commercial-lease-agreement-workshop\/\" \/>\n<meta property=\"og:locale\" content=\"es_MX\" \/>\n<meta property=\"og:type\" content=\"article\" \/>\n<meta property=\"og:title\" content=\"Serna Legal Services, Commercial Lease Agreement Workshop - Little Village Chamber of Commerce\" \/>\n<meta property=\"og:description\" content=\"Wednesday Workshops: Serna Legal Services Wednesday Workshops:Serna Legal Services, Commercial Lease Agreement Workshop Wednesday, May 1, 2024 Date: Wednesday, May 1, 2024Time: 12:00pm &#8211; 1:00pm\u00a0Location: 3010 S. Kedzie Ave. Chicago, IL 60623 Join us as Noeli Serna from Serna Legal Services will present an\u00a0 informative workshop on Commercial Lease Agreements. Serna Legal Services strives to [&hellip;]\" \/>\n<meta property=\"og:url\" content=\"https:\/\/littlevillagechamber.org\/es\/membership\/events\/small-business-week\/serna-legal-services-commercial-lease-agreement-workshop\/\" \/>\n<meta property=\"og:site_name\" content=\"Little Village Chamber of Commerce\" \/>\n<meta property=\"article:modified_time\" content=\"2024-05-01T17:02:51+00:00\" \/>\n<meta property=\"og:image\" content=\"https:\/\/littlevillagechamber.org\/wp-content\/uploads\/BBQ-Flyer_July-20-1.png\" \/>\n\t<meta property=\"og:image:width\" content=\"1728\" \/>\n\t<meta property=\"og:image:height\" content=\"2304\" \/>\n\t<meta property=\"og:image:type\" content=\"image\/png\" \/>\n<meta name=\"twitter:card\" content=\"summary_large_image\" \/>\n<meta name=\"twitter:label1\" content=\"Tiempo de lectura\" \/>\n\t<meta name=\"twitter:data1\" content=\"1 minuto\" \/>\n<script type=\"application\/ld+json\" class=\"yoast-schema-graph\">{\"@context\":\"https:\\\/\\\/schema.org\",\"@graph\":[{\"@type\":\"WebPage\",\"@id\":\"https:\\\/\\\/littlevillagechamber.org\\\/membership\\\/events\\\/small-business-week\\\/serna-legal-services-commercial-lease-agreement-workshop\\\/\",\"url\":\"https:\\\/\\\/littlevillagechamber.org\\\/membership\\\/events\\\/small-business-week\\\/serna-legal-services-commercial-lease-agreement-workshop\\\/\",\"name\":\"Serna Legal Services, Commercial Lease Agreement Workshop - Little Village Chamber of Commerce\",\"isPartOf\":{\"@id\":\"https:\\\/\\\/littlevillagechamber.org\\\/#website\"},\"primaryImageOfPage\":{\"@id\":\"https:\\\/\\\/littlevillagechamber.org\\\/membership\\\/events\\\/small-business-week\\\/serna-legal-services-commercial-lease-agreement-workshop\\\/#primaryimage\"},\"image\":{\"@id\":\"https:\\\/\\\/littlevillagechamber.org\\\/membership\\\/events\\\/small-business-week\\\/serna-legal-services-commercial-lease-agreement-workshop\\\/#primaryimage\"},\"thumbnailUrl\":\"https:\\\/\\\/littlevillagechamber.org\\\/wp-content\\\/uploads\\\/BBQ-Flyer_July-20-1.png\",\"datePublished\":\"2024-04-04T17:23:02+00:00\",\"dateModified\":\"2024-05-01T17:02:51+00:00\",\"breadcrumb\":{\"@id\":\"https:\\\/\\\/littlevillagechamber.org\\\/membership\\\/events\\\/small-business-week\\\/serna-legal-services-commercial-lease-agreement-workshop\\\/#breadcrumb\"},\"inLanguage\":\"es\",\"potentialAction\":[{\"@type\":\"ReadAction\",\"target\":[\"https:\\\/\\\/littlevillagechamber.org\\\/membership\\\/events\\\/small-business-week\\\/serna-legal-services-commercial-lease-agreement-workshop\\\/\"]}]},{\"@type\":\"ImageObject\",\"inLanguage\":\"es\",\"@id\":\"https:\\\/\\\/littlevillagechamber.org\\\/membership\\\/events\\\/small-business-week\\\/serna-legal-services-commercial-lease-agreement-workshop\\\/#primaryimage\",\"url\":\"https:\\\/\\\/littlevillagechamber.org\\\/wp-content\\\/uploads\\\/BBQ-Flyer_July-20-1.png\",\"contentUrl\":\"https:\\\/\\\/littlevillagechamber.org\\\/wp-content\\\/uploads\\\/BBQ-Flyer_July-20-1.png\",\"width\":1728,\"height\":2304},{\"@type\":\"BreadcrumbList\",\"@id\":\"https:\\\/\\\/littlevillagechamber.org\\\/membership\\\/events\\\/small-business-week\\\/serna-legal-services-commercial-lease-agreement-workshop\\\/#breadcrumb\",\"itemListElement\":[{\"@type\":\"ListItem\",\"position\":1,\"name\":\"Home\",\"item\":\"https:\\\/\\\/littlevillagechamber.org\\\/\"},{\"@type\":\"ListItem\",\"position\":2,\"name\":\"Membership\",\"item\":\"https:\\\/\\\/littlevillagechamber.org\\\/membership\\\/\"},{\"@type\":\"ListItem\",\"position\":3,\"name\":\"Events\",\"item\":\"https:\\\/\\\/littlevillagechamber.org\\\/membership\\\/events\\\/\"},{\"@type\":\"ListItem\",\"position\":4,\"name\":\"Small Business Week\",\"item\":\"https:\\\/\\\/littlevillagechamber.org\\\/membership\\\/events\\\/small-business-week\\\/\"},{\"@type\":\"ListItem\",\"position\":5,\"name\":\"Serna Legal Services, Commercial Lease Agreement Workshop\"}]},{\"@type\":\"WebSite\",\"@id\":\"https:\\\/\\\/littlevillagechamber.org\\\/#website\",\"url\":\"https:\\\/\\\/littlevillagechamber.org\\\/\",\"name\":\"Little Village Chamber of Commerce\",\"description\":\"Tu Mexico, Tu Chicago!\",\"publisher\":{\"@id\":\"https:\\\/\\\/littlevillagechamber.org\\\/#organization\"},\"potentialAction\":[{\"@type\":\"SearchAction\",\"target\":{\"@type\":\"EntryPoint\",\"urlTemplate\":\"https:\\\/\\\/littlevillagechamber.org\\\/?s={search_term_string}\"},\"query-input\":{\"@type\":\"PropertyValueSpecification\",\"valueRequired\":true,\"valueName\":\"search_term_string\"}}],\"inLanguage\":\"es\"},{\"@type\":\"Organization\",\"@id\":\"https:\\\/\\\/littlevillagechamber.org\\\/#organization\",\"name\":\"Little Village Chamber of Commerce\",\"url\":\"https:\\\/\\\/littlevillagechamber.org\\\/\",\"logo\":{\"@type\":\"ImageObject\",\"inLanguage\":\"es\",\"@id\":\"https:\\\/\\\/littlevillagechamber.org\\\/#\\\/schema\\\/logo\\\/image\\\/\",\"url\":\"https:\\\/\\\/littlevillagechamber.org\\\/wp-content\\\/uploads\\\/LVCC.png\",\"contentUrl\":\"https:\\\/\\\/littlevillagechamber.org\\\/wp-content\\\/uploads\\\/LVCC.png\",\"width\":300,\"height\":257,\"caption\":\"Little Village Chamber of Commerce\"},\"image\":{\"@id\":\"https:\\\/\\\/littlevillagechamber.org\\\/#\\\/schema\\\/logo\\\/image\\\/\"}}]}<\/script>\n<!-- \/ Yoast SEO plugin. -->","yoast_head_json":{"title":"Serna Legal Services, Commercial Lease Agreement Workshop - Little Village Chamber of Commerce","robots":{"index":"index","follow":"follow","max-snippet":"max-snippet:-1","max-image-preview":"max-image-preview:large","max-video-preview":"max-video-preview:-1"},"canonical":"https:\/\/littlevillagechamber.org\/es\/membership\/events\/small-business-week\/serna-legal-services-commercial-lease-agreement-workshop\/","og_locale":"es_MX","og_type":"article","og_title":"Serna Legal Services, Commercial Lease Agreement Workshop - Little Village Chamber of Commerce","og_description":"Wednesday Workshops: Serna Legal Services Wednesday Workshops:Serna Legal Services, Commercial Lease Agreement Workshop Wednesday, May 1, 2024 Date: Wednesday, May 1, 2024Time: 12:00pm &#8211; 1:00pm\u00a0Location: 3010 S. Kedzie Ave. Chicago, IL 60623 Join us as Noeli Serna from Serna Legal Services will present an\u00a0 informative workshop on Commercial Lease Agreements. Serna Legal Services strives to [&hellip;]","og_url":"https:\/\/littlevillagechamber.org\/es\/membership\/events\/small-business-week\/serna-legal-services-commercial-lease-agreement-workshop\/","og_site_name":"Little Village Chamber of Commerce","article_modified_time":"2024-05-01T17:02:51+00:00","og_image":[{"width":1728,"height":2304,"url":"https:\/\/littlevillagechamber.org\/wp-content\/uploads\/BBQ-Flyer_July-20-1.png","type":"image\/png"}],"twitter_card":"summary_large_image","twitter_misc":{"Tiempo de lectura":"1 minuto"},"schema":{"@context":"https:\/\/schema.org","@graph":[{"@type":"WebPage","@id":"https:\/\/littlevillagechamber.org\/membership\/events\/small-business-week\/serna-legal-services-commercial-lease-agreement-workshop\/","url":"https:\/\/littlevillagechamber.org\/membership\/events\/small-business-week\/serna-legal-services-commercial-lease-agreement-workshop\/","name":"Serna Legal Services, Commercial Lease Agreement Workshop - Little Village Chamber of Commerce","isPartOf":{"@id":"https:\/\/littlevillagechamber.org\/#website"},"primaryImageOfPage":{"@id":"https:\/\/littlevillagechamber.org\/membership\/events\/small-business-week\/serna-legal-services-commercial-lease-agreement-workshop\/#primaryimage"},"image":{"@id":"https:\/\/littlevillagechamber.org\/membership\/events\/small-business-week\/serna-legal-services-commercial-lease-agreement-workshop\/#primaryimage"},"thumbnailUrl":"https:\/\/littlevillagechamber.org\/wp-content\/uploads\/BBQ-Flyer_July-20-1.png","datePublished":"2024-04-04T17:23:02+00:00","dateModified":"2024-05-01T17:02:51+00:00","breadcrumb":{"@id":"https:\/\/littlevillagechamber.org\/membership\/events\/small-business-week\/serna-legal-services-commercial-lease-agreement-workshop\/#breadcrumb"},"inLanguage":"es","potentialAction":[{"@type":"ReadAction","target":["https:\/\/littlevillagechamber.org\/membership\/events\/small-business-week\/serna-legal-services-commercial-lease-agreement-workshop\/"]}]},{"@type":"ImageObject","inLanguage":"es","@id":"https:\/\/littlevillagechamber.org\/membership\/events\/small-business-week\/serna-legal-services-commercial-lease-agreement-workshop\/#primaryimage","url":"https:\/\/littlevillagechamber.org\/wp-content\/uploads\/BBQ-Flyer_July-20-1.png","contentUrl":"https:\/\/littlevillagechamber.org\/wp-content\/uploads\/BBQ-Flyer_July-20-1.png","width":1728,"height":2304},{"@type":"BreadcrumbList","@id":"https:\/\/littlevillagechamber.org\/membership\/events\/small-business-week\/serna-legal-services-commercial-lease-agreement-workshop\/#breadcrumb","itemListElement":[{"@type":"ListItem","position":1,"name":"Home","item":"https:\/\/littlevillagechamber.org\/"},{"@type":"ListItem","position":2,"name":"Membership","item":"https:\/\/littlevillagechamber.org\/membership\/"},{"@type":"ListItem","position":3,"name":"Events","item":"https:\/\/littlevillagechamber.org\/membership\/events\/"},{"@type":"ListItem","position":4,"name":"Small Business Week","item":"https:\/\/littlevillagechamber.org\/membership\/events\/small-business-week\/"},{"@type":"ListItem","position":5,"name":"Serna Legal Services, Commercial Lease Agreement Workshop"}]},{"@type":"WebSite","@id":"https:\/\/littlevillagechamber.org\/#website","url":"https:\/\/littlevillagechamber.org\/","name":"La C\u00e1mara de Comercio de La Villita","description":"Tu M\u00e9xico, Tu Chicago!","publisher":{"@id":"https:\/\/littlevillagechamber.org\/#organization"},"potentialAction":[{"@type":"SearchAction","target":{"@type":"EntryPoint","urlTemplate":"https:\/\/littlevillagechamber.org\/?s={search_term_string}"},"query-input":{"@type":"PropertyValueSpecification","valueRequired":true,"valueName":"search_term_string"}}],"inLanguage":"es"},{"@type":"Organization","@id":"https:\/\/littlevillagechamber.org\/#organization","name":"La C\u00e1mara de Comercio de La Villita","url":"https:\/\/littlevillagechamber.org\/","logo":{"@type":"ImageObject","inLanguage":"es","@id":"https:\/\/littlevillagechamber.org\/#\/schema\/logo\/image\/","url":"https:\/\/littlevillagechamber.org\/wp-content\/uploads\/LVCC.png","contentUrl":"https:\/\/littlevillagechamber.org\/wp-content\/uploads\/LVCC.png","width":300,"height":257,"caption":"Little Village Chamber of Commerce"},"image":{"@id":"https:\/\/littlevillagechamber.org\/#\/schema\/logo\/image\/"}}]}},"_links":{"self":[{"href":"https:\/\/littlevillagechamber.org\/es\/wp-json\/wp\/v2\/pages\/28551","targetHints":{"allow":["GET"]}}],"collection":[{"href":"https:\/\/littlevillagechamber.org\/es\/wp-json\/wp\/v2\/pages"}],"about":[{"href":"https:\/\/littlevillagechamber.org\/es\/wp-json\/wp\/v2\/types\/page"}],"author":[{"embeddable":true,"href":"https:\/\/littlevillagechamber.org\/es\/wp-json\/wp\/v2\/users\/213"}],"replies":[{"embeddable":true,"href":"https:\/\/littlevillagechamber.org\/es\/wp-json\/wp\/v2\/comments?post=28551"}],"version-history":[{"count":0,"href":"https:\/\/littlevillagechamber.org\/es\/wp-json\/wp\/v2\/pages\/28551\/revisions"}],"up":[{"embeddable":true,"href":"https:\/\/littlevillagechamber.org\/es\/wp-json\/wp\/v2\/pages\/28342"}],"wp:featuredmedia":[{"embeddable":true,"href":"https:\/\/littlevillagechamber.org\/es\/wp-json\/wp\/v2\/media\/27334"}],"wp:attachment":[{"href":"https:\/\/littlevillagechamber.org\/es\/wp-json\/wp\/v2\/media?parent=28551"}],"curies":[{"name":"wp","href":"https:\/\/api.w.org\/{rel}","templated":true}]}}