{"id":28342,"date":"2024-03-22T16:16:44","date_gmt":"2024-03-22T21:16:44","guid":{"rendered":"https:\/\/littlevillagechamber.org\/?page_id=28342"},"modified":"2026-03-31T23:59:46","modified_gmt":"2026-04-01T04:59:46","slug":"small-business-week","status":"publish","type":"page","link":"https:\/\/littlevillagechamber.org\/es\/membership\/events\/small-business-week\/","title":{"rendered":"Semana para Peque\u00f1os Empresarios LVCC"},"content":{"rendered":"<h3>Acerca de la Semana de la Peque\u00f1a Empresa de LVCC<\/h3>\t\t\t\n\t\t\t\tThe Little Village Chamber of Commerce is excited to host LVCC Small Business Week.\nSmall Business Week is an initiative in honor of National Small Business Week.\n\u00a0\nThe goal is to connect with local business owners and provide insightful information and resources.\nFor any questions or for sponsorship opportunities please reach out to <a href=\"mailto:sarai@littlevillagechamber.org\"><em>alfredo@littlevillagechamber.org<\/em><\/a>\u00a0\n<figure itemscope itemtype=\"https:\/\/schema.org\/ImageObject\">\n\t\t\t\t<img decoding=\"async\" src=\"https:\/\/littlevillagechamber.org\/wp-content\/uploads\/LVCC_SBW_1396x1080_JoinUs-1.jpg\" alt=\"LVCC_SBW_1396x1080_JoinUs\" height=\"1080\" width=\"1396\" title=\"LVCC_SBW_1396x1080_JoinUs\" onerror=\"this.style.display='none'\" loading=\"lazy\" \/>\n\t<\/figure>\n\t\t\t<h3>Join us &#8211; Monday, May 12 to Friday, May 16!<\/h3>\t\t\t\n<p><strong>Little Village Chamber of Commerce &#8211; 2024 Small Business Week &#8211; <\/strong>A lo largo de la semana, organizaremos una serie de interesantes talleres, encuentros y oportunidades de networking dise\u00f1ados para apoyar y promover a nuestras peque\u00f1as empresas socias en el \u00e1rea metropolitana de Chicago. El evento, que comenzar\u00e1 el lunes 12 de mayo, incluir\u00e1 cuatro d\u00edas de talleres informativos destinados a educar, empoderar y defender a las peque\u00f1as empresas locales. La semana culminar\u00e1 con un \u00faltimo d\u00eda de eventos el viernes 16 de mayo. Invitamos a todos los miembros a participar en estas valiosas oportunidades de crecimiento y conexi\u00f3n.<\/p>\n<p>LVCC Small Business or La &#8220;Villita&#8217;s&#8221; Small Business Week begins with the purpose to offer an annual event that matches the National Small Business Week offered by the SBA but more accesible to our members and allies.<\/p>\n<p>Nuestro personal y miembros est\u00e1n encantados de organizar y crear una semana impactante de eventos memorables.<\/p>\n\t\t\t<a href=\"https:\/\/littlevillagechamber.org\/es\/membership\/events\/small-business-week\/#sbwcalendar\" title=\"LITTLE VILLAGE CHAMBER OF COMMERCE2026 SMALL BUSINESS WEEK CALENDAR\" target=\"_self\"   role=\"button\" aria-label=\"LITTLE VILLAGE CHAMBER OF COMMERCE&lt;\/BR&gt;2026 SMALL BUSINESS WEEK CALENDAR\">\n\t\t\t\t\t\t\tLITTLE VILLAGE CHAMBER OF COMMERCE2026 SMALL BUSINESS WEEK CALENDAR\n\t\t<\/a>\n\t\t\t<a href=\"#sbwmonday\" title=\"LUNES\" target=\"_self\"   role=\"button\" aria-label=\"LUNES\">\n\t\t\t\t\t\t\tLUNES\n\t\t<\/a>\n\t\t\t<a href=\"#sbwtuesday\" title=\"MARTES\" target=\"_self\"   role=\"button\" aria-label=\"MARTES\">\n\t\t\t\t\t\t\tMARTES\n\t\t<\/a>\n\t\t\t<a href=\"#sbwwednesday\" title=\"MIERCOLES\" target=\"_self\"   role=\"button\" aria-label=\"MIERCOLES\">\n\t\t\t\t\t\t\tMIERCOLES\n\t\t<\/a>\n\t\t\t<a href=\"#sbwthursday\" title=\"JUEVES\" target=\"_self\"   role=\"button\" aria-label=\"JUEVES\">\n\t\t\t\t\t\t\tJUEVES\n\t\t<\/a>\n\t\t\t<a href=\"#sbwfriday\" title=\"VIERNES\" target=\"_self\"   role=\"button\" aria-label=\"VIERNES\">\n\t\t\t\t\t\t\tVIERNES\n\t\t<\/a>\n\t\t\t<a href=\"https:\/\/littlevillagechamber.org\/es\/membership\/events\/small-business-week\/#sbwmonday\" title=\"LUNES\" target=\"_self\"   role=\"button\" aria-label=\"LUNES\">\n\t\t\t\t\t\t\tLUNES\n\t\t<\/a>\n\t\t\t<a href=\"https:\/\/littlevillagechamber.org\/es\/membership\/events\/small-business-week\/#sbw#sbwtuesday\" title=\"MARTES\" target=\"_self\"   role=\"button\" aria-label=\"MARTES\">\n\t\t\t\t\t\t\tMARTES\n\t\t<\/a>\n\t\t\t<a href=\"https:\/\/littlevillagechamber.org\/es\/membership\/events\/small-business-week\/#sbwwednesday\" title=\"MIERCOLES\" target=\"_self\"   role=\"button\" aria-label=\"MIERCOLES\">\n\t\t\t\t\t\t\tMIERCOLES\n\t\t<\/a>\n\t\t\t<a href=\"https:\/\/littlevillagechamber.org\/es\/membership\/events\/small-business-week\/#sbwthursday\" title=\"JUEVES\" target=\"_self\"   role=\"button\" aria-label=\"JUEVES\">\n\t\t\t\t\t\t\tJUEVES\n\t\t<\/a>\n\t\t\t<a href=\"https:\/\/littlevillagechamber.org\/es\/membership\/events\/small-business-week\/#sbwfriday\" title=\"VIERNES\" target=\"_self\"   role=\"button\" aria-label=\"VIERNES\">\n\t\t\t\t\t\t\tVIERNES\n\t\t<\/a>","protected":false},"excerpt":{"rendered":"<p>About LVCC Small Business Week The Little Village Chamber of Commerce is excited to host LVCC Small Business Week. Small Business Week is an initiative in honor of National Small Business Week. \u00a0 The goal is to connect with local business owners and provide insightful information and resources. For any questions or for sponsorship opportunities [&hellip;]<\/p>\n","protected":false},"author":213,"featured_media":0,"parent":26080,"menu_order":0,"comment_status":"closed","ping_status":"closed","template":"","meta":{"site-sidebar-layout":"no-sidebar","site-content-layout":"page-builder","ast-site-content-layout":"full-width-container","site-content-style":"unboxed","site-sidebar-style":"unboxed","ast-global-header-display":"","ast-banner-title-visibility":"","ast-main-header-display":"","ast-hfb-above-header-display":"","ast-hfb-below-header-display":"","ast-hfb-mobile-header-display":"","site-post-title":"disabled","ast-breadcrumbs-content":"","ast-featured-img":"disabled","footer-sml-layout":"","ast-disable-related-posts":"","theme-transparent-header-meta":"default","adv-header-id-meta":"","stick-header-meta":"default","header-above-stick-meta":"","header-main-stick-meta":"","header-below-stick-meta":"","astra-migrate-meta-layouts":"set","ast-page-background-enabled":"default","ast-page-background-meta":{"desktop":{"background-color":"","background-image":"","background-repeat":"repeat","background-position":"center center","background-size":"auto","background-attachment":"scroll","background-type":"","background-media":"","overlay-type":"","overlay-color":"","overlay-opacity":"","overlay-gradient":""},"tablet":{"background-color":"","background-image":"","background-repeat":"repeat","background-position":"center center","background-size":"auto","background-attachment":"scroll","background-type":"","background-media":"","overlay-type":"","overlay-color":"","overlay-opacity":"","overlay-gradient":""},"mobile":{"background-color":"","background-image":"","background-repeat":"repeat","background-position":"center center","background-size":"auto","background-attachment":"scroll","background-type":"","background-media":"","overlay-type":"","overlay-color":"","overlay-opacity":"","overlay-gradient":""}},"ast-content-background-meta":{"desktop":{"background-color":"var(--ast-global-color-5)","background-image":"","background-repeat":"repeat","background-position":"center center","background-size":"auto","background-attachment":"scroll","background-type":"","background-media":"","overlay-type":"","overlay-color":"","overlay-opacity":"","overlay-gradient":""},"tablet":{"background-color":"var(--ast-global-color-5)","background-image":"","background-repeat":"repeat","background-position":"center center","background-size":"auto","background-attachment":"scroll","background-type":"","background-media":"","overlay-type":"","overlay-color":"","overlay-opacity":"","overlay-gradient":""},"mobile":{"background-color":"var(--ast-global-color-5)","background-image":"","background-repeat":"repeat","background-position":"center center","background-size":"auto","background-attachment":"scroll","background-type":"","background-media":"","overlay-type":"","overlay-color":"","overlay-opacity":"","overlay-gradient":""}},"footnotes":""},"class_list":["post-28342","page","type-page","status-publish","hentry"],"yoast_head":"<!-- This site is optimized with the Yoast SEO plugin v27.4 - https:\/\/yoast.com\/product\/yoast-seo-wordpress\/ -->\n<title>Small Business Week - Little Village Chamber of Commerce<\/title>\n<meta name=\"robots\" content=\"index, follow, max-snippet:-1, max-image-preview:large, max-video-preview:-1\" \/>\n<link rel=\"canonical\" href=\"https:\/\/littlevillagechamber.org\/es\/membership\/events\/small-business-week\/\" \/>\n<meta property=\"og:locale\" content=\"es_MX\" \/>\n<meta property=\"og:type\" content=\"article\" \/>\n<meta property=\"og:title\" content=\"Small Business Week - Little Village Chamber of Commerce\" \/>\n<meta property=\"og:description\" content=\"About LVCC Small Business Week The Little Village Chamber of Commerce is excited to host LVCC Small Business Week. Small Business Week is an initiative in honor of National Small Business Week. \u00a0 The goal is to connect with local business owners and provide insightful information and resources. For any questions or for sponsorship opportunities [&hellip;]\" \/>\n<meta property=\"og:url\" content=\"https:\/\/littlevillagechamber.org\/es\/membership\/events\/small-business-week\/\" \/>\n<meta property=\"og:site_name\" content=\"Little Village Chamber of Commerce\" \/>\n<meta property=\"article:modified_time\" content=\"2026-04-01T04:59:46+00:00\" \/>\n<meta property=\"og:image\" content=\"https:\/\/littlevillagechamber.org\/wp-content\/uploads\/LVCC_SBW_1396x1080_JoinUs-1.jpg\" \/>\n<meta name=\"twitter:card\" content=\"summary_large_image\" \/>\n<meta name=\"twitter:label1\" content=\"Tiempo de lectura\" \/>\n\t<meta name=\"twitter:data1\" content=\"3 minutos\" \/>\n<script type=\"application\/ld+json\" class=\"yoast-schema-graph\">{\"@context\":\"https:\\\/\\\/schema.org\",\"@graph\":[{\"@type\":\"WebPage\",\"@id\":\"https:\\\/\\\/littlevillagechamber.org\\\/membership\\\/events\\\/small-business-week\\\/\",\"url\":\"https:\\\/\\\/littlevillagechamber.org\\\/membership\\\/events\\\/small-business-week\\\/\",\"name\":\"Small Business Week - Little Village Chamber of Commerce\",\"isPartOf\":{\"@id\":\"https:\\\/\\\/littlevillagechamber.org\\\/#website\"},\"primaryImageOfPage\":{\"@id\":\"https:\\\/\\\/littlevillagechamber.org\\\/membership\\\/events\\\/small-business-week\\\/#primaryimage\"},\"image\":{\"@id\":\"https:\\\/\\\/littlevillagechamber.org\\\/membership\\\/events\\\/small-business-week\\\/#primaryimage\"},\"thumbnailUrl\":\"https:\\\/\\\/littlevillagechamber.org\\\/wp-content\\\/uploads\\\/LVCC_SBW_1396x1080_JoinUs-1.jpg\",\"datePublished\":\"2024-03-22T21:16:44+00:00\",\"dateModified\":\"2026-04-01T04:59:46+00:00\",\"breadcrumb\":{\"@id\":\"https:\\\/\\\/littlevillagechamber.org\\\/membership\\\/events\\\/small-business-week\\\/#breadcrumb\"},\"inLanguage\":\"es\",\"potentialAction\":[{\"@type\":\"ReadAction\",\"target\":[\"https:\\\/\\\/littlevillagechamber.org\\\/membership\\\/events\\\/small-business-week\\\/\"]}]},{\"@type\":\"ImageObject\",\"inLanguage\":\"es\",\"@id\":\"https:\\\/\\\/littlevillagechamber.org\\\/membership\\\/events\\\/small-business-week\\\/#primaryimage\",\"url\":\"https:\\\/\\\/littlevillagechamber.org\\\/wp-content\\\/uploads\\\/LVCC_SBW_1396x1080_JoinUs-1.jpg\",\"contentUrl\":\"https:\\\/\\\/littlevillagechamber.org\\\/wp-content\\\/uploads\\\/LVCC_SBW_1396x1080_JoinUs-1.jpg\"},{\"@type\":\"BreadcrumbList\",\"@id\":\"https:\\\/\\\/littlevillagechamber.org\\\/membership\\\/events\\\/small-business-week\\\/#breadcrumb\",\"itemListElement\":[{\"@type\":\"ListItem\",\"position\":1,\"name\":\"Home\",\"item\":\"https:\\\/\\\/littlevillagechamber.org\\\/\"},{\"@type\":\"ListItem\",\"position\":2,\"name\":\"Membership\",\"item\":\"https:\\\/\\\/littlevillagechamber.org\\\/membership\\\/\"},{\"@type\":\"ListItem\",\"position\":3,\"name\":\"Events\",\"item\":\"https:\\\/\\\/littlevillagechamber.org\\\/membership\\\/events\\\/\"},{\"@type\":\"ListItem\",\"position\":4,\"name\":\"Small Business Week\"}]},{\"@type\":\"WebSite\",\"@id\":\"https:\\\/\\\/littlevillagechamber.org\\\/#website\",\"url\":\"https:\\\/\\\/littlevillagechamber.org\\\/\",\"name\":\"Little Village Chamber of Commerce\",\"description\":\"Tu Mexico, Tu Chicago!\",\"publisher\":{\"@id\":\"https:\\\/\\\/littlevillagechamber.org\\\/#organization\"},\"potentialAction\":[{\"@type\":\"SearchAction\",\"target\":{\"@type\":\"EntryPoint\",\"urlTemplate\":\"https:\\\/\\\/littlevillagechamber.org\\\/?s={search_term_string}\"},\"query-input\":{\"@type\":\"PropertyValueSpecification\",\"valueRequired\":true,\"valueName\":\"search_term_string\"}}],\"inLanguage\":\"es\"},{\"@type\":\"Organization\",\"@id\":\"https:\\\/\\\/littlevillagechamber.org\\\/#organization\",\"name\":\"Little Village Chamber of Commerce\",\"url\":\"https:\\\/\\\/littlevillagechamber.org\\\/\",\"logo\":{\"@type\":\"ImageObject\",\"inLanguage\":\"es\",\"@id\":\"https:\\\/\\\/littlevillagechamber.org\\\/#\\\/schema\\\/logo\\\/image\\\/\",\"url\":\"https:\\\/\\\/littlevillagechamber.org\\\/wp-content\\\/uploads\\\/LVCC.png\",\"contentUrl\":\"https:\\\/\\\/littlevillagechamber.org\\\/wp-content\\\/uploads\\\/LVCC.png\",\"width\":300,\"height\":257,\"caption\":\"Little Village Chamber of Commerce\"},\"image\":{\"@id\":\"https:\\\/\\\/littlevillagechamber.org\\\/#\\\/schema\\\/logo\\\/image\\\/\"}}]}<\/script>\n<!-- \/ Yoast SEO plugin. -->","yoast_head_json":{"title":"Small Business Week - Little Village Chamber of Commerce","robots":{"index":"index","follow":"follow","max-snippet":"max-snippet:-1","max-image-preview":"max-image-preview:large","max-video-preview":"max-video-preview:-1"},"canonical":"https:\/\/littlevillagechamber.org\/es\/membership\/events\/small-business-week\/","og_locale":"es_MX","og_type":"article","og_title":"Small Business Week - Little Village Chamber of Commerce","og_description":"About LVCC Small Business Week The Little Village Chamber of Commerce is excited to host LVCC Small Business Week. Small Business Week is an initiative in honor of National Small Business Week. \u00a0 The goal is to connect with local business owners and provide insightful information and resources. For any questions or for sponsorship opportunities [&hellip;]","og_url":"https:\/\/littlevillagechamber.org\/es\/membership\/events\/small-business-week\/","og_site_name":"Little Village Chamber of Commerce","article_modified_time":"2026-04-01T04:59:46+00:00","og_image":[{"url":"https:\/\/littlevillagechamber.org\/wp-content\/uploads\/LVCC_SBW_1396x1080_JoinUs-1.jpg","type":"","width":"","height":""}],"twitter_card":"summary_large_image","twitter_misc":{"Tiempo de lectura":"3 minutos"},"schema":{"@context":"https:\/\/schema.org","@graph":[{"@type":"WebPage","@id":"https:\/\/littlevillagechamber.org\/membership\/events\/small-business-week\/","url":"https:\/\/littlevillagechamber.org\/membership\/events\/small-business-week\/","name":"Small Business Week - Little Village Chamber of Commerce","isPartOf":{"@id":"https:\/\/littlevillagechamber.org\/#website"},"primaryImageOfPage":{"@id":"https:\/\/littlevillagechamber.org\/membership\/events\/small-business-week\/#primaryimage"},"image":{"@id":"https:\/\/littlevillagechamber.org\/membership\/events\/small-business-week\/#primaryimage"},"thumbnailUrl":"https:\/\/littlevillagechamber.org\/wp-content\/uploads\/LVCC_SBW_1396x1080_JoinUs-1.jpg","datePublished":"2024-03-22T21:16:44+00:00","dateModified":"2026-04-01T04:59:46+00:00","breadcrumb":{"@id":"https:\/\/littlevillagechamber.org\/membership\/events\/small-business-week\/#breadcrumb"},"inLanguage":"es","potentialAction":[{"@type":"ReadAction","target":["https:\/\/littlevillagechamber.org\/membership\/events\/small-business-week\/"]}]},{"@type":"ImageObject","inLanguage":"es","@id":"https:\/\/littlevillagechamber.org\/membership\/events\/small-business-week\/#primaryimage","url":"https:\/\/littlevillagechamber.org\/wp-content\/uploads\/LVCC_SBW_1396x1080_JoinUs-1.jpg","contentUrl":"https:\/\/littlevillagechamber.org\/wp-content\/uploads\/LVCC_SBW_1396x1080_JoinUs-1.jpg"},{"@type":"BreadcrumbList","@id":"https:\/\/littlevillagechamber.org\/membership\/events\/small-business-week\/#breadcrumb","itemListElement":[{"@type":"ListItem","position":1,"name":"Home","item":"https:\/\/littlevillagechamber.org\/"},{"@type":"ListItem","position":2,"name":"Membership","item":"https:\/\/littlevillagechamber.org\/membership\/"},{"@type":"ListItem","position":3,"name":"Events","item":"https:\/\/littlevillagechamber.org\/membership\/events\/"},{"@type":"ListItem","position":4,"name":"Small Business Week"}]},{"@type":"WebSite","@id":"https:\/\/littlevillagechamber.org\/#website","url":"https:\/\/littlevillagechamber.org\/","name":"La C\u00e1mara de Comercio de La Villita","description":"Tu M\u00e9xico, Tu Chicago!","publisher":{"@id":"https:\/\/littlevillagechamber.org\/#organization"},"potentialAction":[{"@type":"SearchAction","target":{"@type":"EntryPoint","urlTemplate":"https:\/\/littlevillagechamber.org\/?s={search_term_string}"},"query-input":{"@type":"PropertyValueSpecification","valueRequired":true,"valueName":"search_term_string"}}],"inLanguage":"es"},{"@type":"Organization","@id":"https:\/\/littlevillagechamber.org\/#organization","name":"La C\u00e1mara de Comercio de La Villita","url":"https:\/\/littlevillagechamber.org\/","logo":{"@type":"ImageObject","inLanguage":"es","@id":"https:\/\/littlevillagechamber.org\/#\/schema\/logo\/image\/","url":"https:\/\/littlevillagechamber.org\/wp-content\/uploads\/LVCC.png","contentUrl":"https:\/\/littlevillagechamber.org\/wp-content\/uploads\/LVCC.png","width":300,"height":257,"caption":"Little Village Chamber of Commerce"},"image":{"@id":"https:\/\/littlevillagechamber.org\/#\/schema\/logo\/image\/"}}]}},"_links":{"self":[{"href":"https:\/\/littlevillagechamber.org\/es\/wp-json\/wp\/v2\/pages\/28342","targetHints":{"allow":["GET"]}}],"collection":[{"href":"https:\/\/littlevillagechamber.org\/es\/wp-json\/wp\/v2\/pages"}],"about":[{"href":"https:\/\/littlevillagechamber.org\/es\/wp-json\/wp\/v2\/types\/page"}],"author":[{"embeddable":true,"href":"https:\/\/littlevillagechamber.org\/es\/wp-json\/wp\/v2\/users\/213"}],"replies":[{"embeddable":true,"href":"https:\/\/littlevillagechamber.org\/es\/wp-json\/wp\/v2\/comments?post=28342"}],"version-history":[{"count":9,"href":"https:\/\/littlevillagechamber.org\/es\/wp-json\/wp\/v2\/pages\/28342\/revisions"}],"predecessor-version":[{"id":31994,"href":"https:\/\/littlevillagechamber.org\/es\/wp-json\/wp\/v2\/pages\/28342\/revisions\/31994"}],"up":[{"embeddable":true,"href":"https:\/\/littlevillagechamber.org\/es\/wp-json\/wp\/v2\/pages\/26080"}],"wp:attachment":[{"href":"https:\/\/littlevillagechamber.org\/es\/wp-json\/wp\/v2\/media?parent=28342"}],"curies":[{"name":"wp","href":"https:\/\/api.w.org\/{rel}","templated":true}]}}