{"id":27782,"date":"2024-02-24T18:47:31","date_gmt":"2024-02-25T00:47:31","guid":{"rendered":"https:\/\/littlevillagechamber.org\/?page_id=27782"},"modified":"2025-12-03T21:54:24","modified_gmt":"2025-12-04T03:54:24","slug":"holiday_party","status":"publish","type":"page","link":"https:\/\/littlevillagechamber.org\/es\/membership\/events\/holiday_party\/","title":{"rendered":"Fiesta de f\u00edn de a\u00f1o"},"content":{"rendered":"<h1>Fiesta Anual de F\u00edn de A\u00f1o<\/h1>\t\t\t\n\t\t\t\t<img decoding=\"async\" src=\"https:\/\/littlevillagechamber.org\/wp-content\/uploads\/LVCC_Holiday_Party_Promo.jpg\" alt=\"LVCC_Holiday_Party_Promo\" title=\"LVCC_Holiday_Party_Promo\" itemprop=\"image\"  \/>\n\t\t\t<h3>Let&#8217;s celebrate the Holidays!Join us for our2025 Holiday Party<\/h3>\t\t\t\n\t\t\t\t<p>Our Holiday Party is a time to gather at the end of the year to celebrate our <strong>2025 Business of the Month nominees!<\/strong> &#8211; Don&#8217;t miss out on dancing, food, and fun.<\/p>\n<p>We will announce our 2024 Business of the Year and award our <strong>2024 Corporate Champion, 2024 Community Champion, and our 2024 Generous Partner Awards.<\/strong>\u00a0<\/p>\n<p>\u00a1La celebraci\u00f3n navide\u00f1a es gratuita para los miembros de LVCC! <br \/>Los no miembros interesados \u200b\u200ben asistir al evento pueden comprar entradas para el evento por $25.00<\/p>\n<p><strong>Tuesday, December 9 2025, 6:30pm &#8211; 9pm<\/strong><\/p>\n<p>For more information please contact us at <a href=\"https:\/\/littlevillagechamber.org\/wp-content\/uploads\/LVCC_Calendar_2026_1080px-02.jpg\">Info@littlevillagechamber.org<\/a><\/p>\n\t\t\t\t<img decoding=\"async\" src=\"https:\/\/littlevillagechamber.org\/wp-content\/plugins\/bb-plugin\/img\/pixel.png\" alt=\"\" itemprop=\"image\" onerror=\"this.style.display='none'\"  \/>","protected":false},"excerpt":{"rendered":"<p>Annual Holiday Party Let&#8217;s celebrate the Holidays!Join us for our2025 Holiday Party Our Holiday Party is a time to gather at the end of the year to celebrate our 2025 Business of the Month nominees! &#8211; Don&#8217;t miss out on dancing, food, and fun. We will announce our 2024 Business of the Year and award [&hellip;]<\/p>\n","protected":false},"author":213,"featured_media":27334,"parent":26080,"menu_order":0,"comment_status":"closed","ping_status":"closed","template":"","meta":{"site-sidebar-layout":"no-sidebar","site-content-layout":"page-builder","ast-site-content-layout":"full-width-container","site-content-style":"unboxed","site-sidebar-style":"unboxed","ast-global-header-display":"","ast-banner-title-visibility":"","ast-main-header-display":"","ast-hfb-above-header-display":"","ast-hfb-below-header-display":"","ast-hfb-mobile-header-display":"","site-post-title":"disabled","ast-breadcrumbs-content":"","ast-featured-img":"disabled","footer-sml-layout":"","ast-disable-related-posts":"","theme-transparent-header-meta":"default","adv-header-id-meta":"","stick-header-meta":"default","header-above-stick-meta":"","header-main-stick-meta":"","header-below-stick-meta":"","astra-migrate-meta-layouts":"set","ast-page-background-enabled":"default","ast-page-background-meta":{"desktop":{"background-color":"","background-image":"","background-repeat":"repeat","background-position":"center center","background-size":"auto","background-attachment":"scroll","background-type":"","background-media":"","overlay-type":"","overlay-color":"","overlay-opacity":"","overlay-gradient":""},"tablet":{"background-color":"","background-image":"","background-repeat":"repeat","background-position":"center center","background-size":"auto","background-attachment":"scroll","background-type":"","background-media":"","overlay-type":"","overlay-color":"","overlay-opacity":"","overlay-gradient":""},"mobile":{"background-color":"","background-image":"","background-repeat":"repeat","background-position":"center center","background-size":"auto","background-attachment":"scroll","background-type":"","background-media":"","overlay-type":"","overlay-color":"","overlay-opacity":"","overlay-gradient":""}},"ast-content-background-meta":{"desktop":{"background-color":"var(--ast-global-color-5)","background-image":"","background-repeat":"repeat","background-position":"center center","background-size":"auto","background-attachment":"scroll","background-type":"","background-media":"","overlay-type":"","overlay-color":"","overlay-opacity":"","overlay-gradient":""},"tablet":{"background-color":"var(--ast-global-color-5)","background-image":"","background-repeat":"repeat","background-position":"center center","background-size":"auto","background-attachment":"scroll","background-type":"","background-media":"","overlay-type":"","overlay-color":"","overlay-opacity":"","overlay-gradient":""},"mobile":{"background-color":"var(--ast-global-color-5)","background-image":"","background-repeat":"repeat","background-position":"center center","background-size":"auto","background-attachment":"scroll","background-type":"","background-media":"","overlay-type":"","overlay-color":"","overlay-opacity":"","overlay-gradient":""}},"footnotes":""},"class_list":["post-27782","page","type-page","status-publish","has-post-thumbnail","hentry"],"yoast_head":"<!-- This site is optimized with the Yoast SEO plugin v27.5 - https:\/\/yoast.com\/product\/yoast-seo-wordpress\/ -->\n<title>Holiday Party - Little Village Chamber of Commerce<\/title>\n<meta name=\"robots\" content=\"index, follow, max-snippet:-1, max-image-preview:large, max-video-preview:-1\" \/>\n<link rel=\"canonical\" href=\"https:\/\/littlevillagechamber.org\/es\/membership\/events\/holiday_party\/\" \/>\n<meta property=\"og:locale\" content=\"es_MX\" \/>\n<meta property=\"og:type\" content=\"article\" \/>\n<meta property=\"og:title\" content=\"Holiday Party - Little Village Chamber of Commerce\" \/>\n<meta property=\"og:description\" content=\"Annual Holiday Party Let&#8217;s celebrate the Holidays!Join us for our2025 Holiday Party Our Holiday Party is a time to gather at the end of the year to celebrate our 2025 Business of the Month nominees! &#8211; Don&#8217;t miss out on dancing, food, and fun. We will announce our 2024 Business of the Year and award [&hellip;]\" \/>\n<meta property=\"og:url\" content=\"https:\/\/littlevillagechamber.org\/es\/membership\/events\/holiday_party\/\" \/>\n<meta property=\"og:site_name\" content=\"Little Village Chamber of Commerce\" \/>\n<meta property=\"article:modified_time\" content=\"2025-12-04T03:54:24+00:00\" \/>\n<meta property=\"og:image\" content=\"https:\/\/littlevillagechamber.org\/wp-content\/uploads\/BBQ-Flyer_July-20-1.png\" \/>\n\t<meta property=\"og:image:width\" content=\"1728\" \/>\n\t<meta property=\"og:image:height\" content=\"2304\" \/>\n\t<meta property=\"og:image:type\" content=\"image\/png\" \/>\n<meta name=\"twitter:card\" content=\"summary_large_image\" \/>\n<meta name=\"twitter:label1\" content=\"Tiempo de lectura\" \/>\n\t<meta name=\"twitter:data1\" content=\"1 minuto\" \/>\n<script type=\"application\/ld+json\" class=\"yoast-schema-graph\">{\"@context\":\"https:\\\/\\\/schema.org\",\"@graph\":[{\"@type\":\"WebPage\",\"@id\":\"https:\\\/\\\/littlevillagechamber.org\\\/membership\\\/events\\\/holiday_party\\\/\",\"url\":\"https:\\\/\\\/littlevillagechamber.org\\\/membership\\\/events\\\/holiday_party\\\/\",\"name\":\"Holiday Party - Little Village Chamber of Commerce\",\"isPartOf\":{\"@id\":\"https:\\\/\\\/littlevillagechamber.org\\\/#website\"},\"primaryImageOfPage\":{\"@id\":\"https:\\\/\\\/littlevillagechamber.org\\\/membership\\\/events\\\/holiday_party\\\/#primaryimage\"},\"image\":{\"@id\":\"https:\\\/\\\/littlevillagechamber.org\\\/membership\\\/events\\\/holiday_party\\\/#primaryimage\"},\"thumbnailUrl\":\"https:\\\/\\\/littlevillagechamber.org\\\/wp-content\\\/uploads\\\/BBQ-Flyer_July-20-1.png\",\"datePublished\":\"2024-02-25T00:47:31+00:00\",\"dateModified\":\"2025-12-04T03:54:24+00:00\",\"breadcrumb\":{\"@id\":\"https:\\\/\\\/littlevillagechamber.org\\\/membership\\\/events\\\/holiday_party\\\/#breadcrumb\"},\"inLanguage\":\"es\",\"potentialAction\":[{\"@type\":\"ReadAction\",\"target\":[\"https:\\\/\\\/littlevillagechamber.org\\\/membership\\\/events\\\/holiday_party\\\/\"]}]},{\"@type\":\"ImageObject\",\"inLanguage\":\"es\",\"@id\":\"https:\\\/\\\/littlevillagechamber.org\\\/membership\\\/events\\\/holiday_party\\\/#primaryimage\",\"url\":\"https:\\\/\\\/littlevillagechamber.org\\\/wp-content\\\/uploads\\\/BBQ-Flyer_July-20-1.png\",\"contentUrl\":\"https:\\\/\\\/littlevillagechamber.org\\\/wp-content\\\/uploads\\\/BBQ-Flyer_July-20-1.png\",\"width\":1728,\"height\":2304},{\"@type\":\"BreadcrumbList\",\"@id\":\"https:\\\/\\\/littlevillagechamber.org\\\/membership\\\/events\\\/holiday_party\\\/#breadcrumb\",\"itemListElement\":[{\"@type\":\"ListItem\",\"position\":1,\"name\":\"Home\",\"item\":\"https:\\\/\\\/littlevillagechamber.org\\\/\"},{\"@type\":\"ListItem\",\"position\":2,\"name\":\"Membership\",\"item\":\"https:\\\/\\\/littlevillagechamber.org\\\/membership\\\/\"},{\"@type\":\"ListItem\",\"position\":3,\"name\":\"Events\",\"item\":\"https:\\\/\\\/littlevillagechamber.org\\\/membership\\\/events\\\/\"},{\"@type\":\"ListItem\",\"position\":4,\"name\":\"Holiday Party\"}]},{\"@type\":\"WebSite\",\"@id\":\"https:\\\/\\\/littlevillagechamber.org\\\/#website\",\"url\":\"https:\\\/\\\/littlevillagechamber.org\\\/\",\"name\":\"Little Village Chamber of Commerce\",\"description\":\"Tu Mexico, Tu Chicago!\",\"publisher\":{\"@id\":\"https:\\\/\\\/littlevillagechamber.org\\\/#organization\"},\"potentialAction\":[{\"@type\":\"SearchAction\",\"target\":{\"@type\":\"EntryPoint\",\"urlTemplate\":\"https:\\\/\\\/littlevillagechamber.org\\\/?s={search_term_string}\"},\"query-input\":{\"@type\":\"PropertyValueSpecification\",\"valueRequired\":true,\"valueName\":\"search_term_string\"}}],\"inLanguage\":\"es\"},{\"@type\":\"Organization\",\"@id\":\"https:\\\/\\\/littlevillagechamber.org\\\/#organization\",\"name\":\"Little Village Chamber of Commerce\",\"url\":\"https:\\\/\\\/littlevillagechamber.org\\\/\",\"logo\":{\"@type\":\"ImageObject\",\"inLanguage\":\"es\",\"@id\":\"https:\\\/\\\/littlevillagechamber.org\\\/#\\\/schema\\\/logo\\\/image\\\/\",\"url\":\"https:\\\/\\\/littlevillagechamber.org\\\/wp-content\\\/uploads\\\/LVCC.png\",\"contentUrl\":\"https:\\\/\\\/littlevillagechamber.org\\\/wp-content\\\/uploads\\\/LVCC.png\",\"width\":300,\"height\":257,\"caption\":\"Little Village Chamber of Commerce\"},\"image\":{\"@id\":\"https:\\\/\\\/littlevillagechamber.org\\\/#\\\/schema\\\/logo\\\/image\\\/\"}}]}<\/script>\n<!-- \/ Yoast SEO plugin. -->","yoast_head_json":{"title":"Holiday Party - Little Village Chamber of Commerce","robots":{"index":"index","follow":"follow","max-snippet":"max-snippet:-1","max-image-preview":"max-image-preview:large","max-video-preview":"max-video-preview:-1"},"canonical":"https:\/\/littlevillagechamber.org\/es\/membership\/events\/holiday_party\/","og_locale":"es_MX","og_type":"article","og_title":"Holiday Party - Little Village Chamber of Commerce","og_description":"Annual Holiday Party Let&#8217;s celebrate the Holidays!Join us for our2025 Holiday Party Our Holiday Party is a time to gather at the end of the year to celebrate our 2025 Business of the Month nominees! &#8211; Don&#8217;t miss out on dancing, food, and fun. We will announce our 2024 Business of the Year and award [&hellip;]","og_url":"https:\/\/littlevillagechamber.org\/es\/membership\/events\/holiday_party\/","og_site_name":"Little Village Chamber of Commerce","article_modified_time":"2025-12-04T03:54:24+00:00","og_image":[{"width":1728,"height":2304,"url":"https:\/\/littlevillagechamber.org\/wp-content\/uploads\/BBQ-Flyer_July-20-1.png","type":"image\/png"}],"twitter_card":"summary_large_image","twitter_misc":{"Tiempo de lectura":"1 minuto"},"schema":{"@context":"https:\/\/schema.org","@graph":[{"@type":"WebPage","@id":"https:\/\/littlevillagechamber.org\/membership\/events\/holiday_party\/","url":"https:\/\/littlevillagechamber.org\/membership\/events\/holiday_party\/","name":"Holiday Party - Little Village Chamber of Commerce","isPartOf":{"@id":"https:\/\/littlevillagechamber.org\/#website"},"primaryImageOfPage":{"@id":"https:\/\/littlevillagechamber.org\/membership\/events\/holiday_party\/#primaryimage"},"image":{"@id":"https:\/\/littlevillagechamber.org\/membership\/events\/holiday_party\/#primaryimage"},"thumbnailUrl":"https:\/\/littlevillagechamber.org\/wp-content\/uploads\/BBQ-Flyer_July-20-1.png","datePublished":"2024-02-25T00:47:31+00:00","dateModified":"2025-12-04T03:54:24+00:00","breadcrumb":{"@id":"https:\/\/littlevillagechamber.org\/membership\/events\/holiday_party\/#breadcrumb"},"inLanguage":"es","potentialAction":[{"@type":"ReadAction","target":["https:\/\/littlevillagechamber.org\/membership\/events\/holiday_party\/"]}]},{"@type":"ImageObject","inLanguage":"es","@id":"https:\/\/littlevillagechamber.org\/membership\/events\/holiday_party\/#primaryimage","url":"https:\/\/littlevillagechamber.org\/wp-content\/uploads\/BBQ-Flyer_July-20-1.png","contentUrl":"https:\/\/littlevillagechamber.org\/wp-content\/uploads\/BBQ-Flyer_July-20-1.png","width":1728,"height":2304},{"@type":"BreadcrumbList","@id":"https:\/\/littlevillagechamber.org\/membership\/events\/holiday_party\/#breadcrumb","itemListElement":[{"@type":"ListItem","position":1,"name":"Home","item":"https:\/\/littlevillagechamber.org\/"},{"@type":"ListItem","position":2,"name":"Membership","item":"https:\/\/littlevillagechamber.org\/membership\/"},{"@type":"ListItem","position":3,"name":"Events","item":"https:\/\/littlevillagechamber.org\/membership\/events\/"},{"@type":"ListItem","position":4,"name":"Holiday Party"}]},{"@type":"WebSite","@id":"https:\/\/littlevillagechamber.org\/#website","url":"https:\/\/littlevillagechamber.org\/","name":"La C\u00e1mara de Comercio de La Villita","description":"Tu M\u00e9xico, Tu Chicago!","publisher":{"@id":"https:\/\/littlevillagechamber.org\/#organization"},"potentialAction":[{"@type":"SearchAction","target":{"@type":"EntryPoint","urlTemplate":"https:\/\/littlevillagechamber.org\/?s={search_term_string}"},"query-input":{"@type":"PropertyValueSpecification","valueRequired":true,"valueName":"search_term_string"}}],"inLanguage":"es"},{"@type":"Organization","@id":"https:\/\/littlevillagechamber.org\/#organization","name":"La C\u00e1mara de Comercio de La Villita","url":"https:\/\/littlevillagechamber.org\/","logo":{"@type":"ImageObject","inLanguage":"es","@id":"https:\/\/littlevillagechamber.org\/#\/schema\/logo\/image\/","url":"https:\/\/littlevillagechamber.org\/wp-content\/uploads\/LVCC.png","contentUrl":"https:\/\/littlevillagechamber.org\/wp-content\/uploads\/LVCC.png","width":300,"height":257,"caption":"Little Village Chamber of Commerce"},"image":{"@id":"https:\/\/littlevillagechamber.org\/#\/schema\/logo\/image\/"}}]}},"_links":{"self":[{"href":"https:\/\/littlevillagechamber.org\/es\/wp-json\/wp\/v2\/pages\/27782","targetHints":{"allow":["GET"]}}],"collection":[{"href":"https:\/\/littlevillagechamber.org\/es\/wp-json\/wp\/v2\/pages"}],"about":[{"href":"https:\/\/littlevillagechamber.org\/es\/wp-json\/wp\/v2\/types\/page"}],"author":[{"embeddable":true,"href":"https:\/\/littlevillagechamber.org\/es\/wp-json\/wp\/v2\/users\/213"}],"replies":[{"embeddable":true,"href":"https:\/\/littlevillagechamber.org\/es\/wp-json\/wp\/v2\/comments?post=27782"}],"version-history":[{"count":8,"href":"https:\/\/littlevillagechamber.org\/es\/wp-json\/wp\/v2\/pages\/27782\/revisions"}],"predecessor-version":[{"id":31453,"href":"https:\/\/littlevillagechamber.org\/es\/wp-json\/wp\/v2\/pages\/27782\/revisions\/31453"}],"up":[{"embeddable":true,"href":"https:\/\/littlevillagechamber.org\/es\/wp-json\/wp\/v2\/pages\/26080"}],"wp:featuredmedia":[{"embeddable":true,"href":"https:\/\/littlevillagechamber.org\/es\/wp-json\/wp\/v2\/media\/27334"}],"wp:attachment":[{"href":"https:\/\/littlevillagechamber.org\/es\/wp-json\/wp\/v2\/media?parent=27782"}],"curies":[{"name":"wp","href":"https:\/\/api.w.org\/{rel}","templated":true}]}}