{"id":27765,"date":"2024-02-24T17:54:59","date_gmt":"2024-02-24T23:54:59","guid":{"rendered":"https:\/\/littlevillagechamber.org\/?page_id=27765"},"modified":"2026-03-31T23:52:49","modified_gmt":"2026-04-01T04:52:49","slug":"la-villita-navidena","status":"publish","type":"page","link":"https:\/\/littlevillagechamber.org\/es\/membership\/events\/la-villita-navidena\/","title":{"rendered":"La Villita Navide\u00f1a"},"content":{"rendered":"<h1>La Villita Navide\u00f1a<\/h1>\t\t\t\n\t\t\t\t<img decoding=\"async\" src=\"https:\/\/littlevillagechamber.org\/wp-content\/uploads\/2025_La_Villita_Navidena_1080x1920.jpg\" alt=\"2025_La_Villita_Navidena_1080x1920\" title=\"2025_La_Villita_Navidena_1080x1920\" itemprop=\"image\"  \/>\n\t\t\t<h3>December 4, 2026<br \/> LVCC Annual<br \/>La Villita Navide\u00f1a<br \/>Es momento de compartir felicidad<\/h3>\t\t\t\n\t\t\t\t<p><strong>Friday, December 54h, 2026 3:00 PM ~ 6:00 PM<\/strong><\/p>\n<p>\u00a1Las fiestas se tratan de dar a otros!<\/p>\n<p>La C\u00e1mara de Comercio de Little Village se asocia con patrocinadores, l\u00edderes comunitarios, funcionarios electos y empresas para celebrar <strong>&#8220;La Villita Navide\u00f1a&#8221;,<\/strong> Una noche especial para celebrar las fiestas y retribuir a las familias del barrio.<\/p>\n<p>La <strong>2025 La Villita Navide\u00f1a<\/strong> will once again take place at the <strong>Manuel Perez Jr. Plaza, 4345 W. 26th St Chicago, IL 60623<\/strong>. Our favorite sports mascots will join us for music, pi\u00f1atas, gifts, food, and a special appearance from Santa.<\/p>\n<p>Con el apoyo de nuestros patrocinadores, las familias se van con juguetes nuevos, canastas de comida, abrigos y m\u00e1s.<\/p>\n<p>For more information contact us at <a href=\"mailto:alfredo@littlevllagechamber.org\">alfredo@littlevllagechamber.org<\/a><\/p>\n\t<h1>Nuestros Patrocinadores del 2025<\/h1>\n\t\t\t\t<a href=\"https:\/\/littlevillagechamber.org\/wp-content\/uploads\/LVCC_Calendar_2026_1080px-02.jpg\" target=\"_self\"  itemprop=\"url\">\n\t\t\t\t<img decoding=\"async\" src=\"https:\/\/littlevillagechamber.org\/wp-content\/uploads\/LVCC_LaVillita_Sponsors_Poster_Small-01-1024x1536.jpg\" alt=\"LVCC_LaVillita_Sponsors_Poster_Small-01\" title=\"LVCC_LaVillita_Sponsors_Poster_Small-01\" itemprop=\"image\"  \/>\n\t\t\t\t\t\t<\/a>\n\t\t\t<h3><center>Diamond Sponsor<\/center><\/h3>\t\t\t\n<figure itemscope itemtype=\"https:\/\/schema.org\/ImageObject\">\n\t\t\t\t<img decoding=\"async\" src=\"https:\/\/littlevillagechamber.org\/wp-content\/uploads\/suenos_500px.png\" alt=\"suenos_500px\" height=\"500\" width=\"500\" title=\"suenos_500px\" onerror=\"this.style.display='none'\" loading=\"lazy\" \/>\n\t<\/figure>\n\t\t\t<h3><center>Patrocinadores - Presentadores<\/center><\/h3>\t\t\t\n\t\t\t<h3><center>Patrocinadores - Padrino<\/center><\/h3>\t\t\t\n\t\t\t<h3><center>Patrocinadores - Compadre<\/center><\/h3>\t\t\t\n\t\t\t<h3><center>Patrocinadores - Amigo<\/center><\/h3>","protected":false},"excerpt":{"rendered":"<p>La Villita Navide\u00f1a December 4, 2026 LVCC AnnualLa Villita Navide\u00f1aA time to share happiness Friday, December 54h, 2026 3:00 PM ~ 6:00 PM The holidays are all about giving! The Little Village Chamber of Commerce partners with sponsors, community leaders, elected officials and business to celebrate &#8220;La Villita Navide\u00f1a&#8221;, a special night to celebrate the [&hellip;]<\/p>\n","protected":false},"author":213,"featured_media":0,"parent":26080,"menu_order":0,"comment_status":"closed","ping_status":"closed","template":"","meta":{"site-sidebar-layout":"no-sidebar","site-content-layout":"page-builder","ast-site-content-layout":"full-width-container","site-content-style":"unboxed","site-sidebar-style":"unboxed","ast-global-header-display":"","ast-banner-title-visibility":"","ast-main-header-display":"","ast-hfb-above-header-display":"","ast-hfb-below-header-display":"","ast-hfb-mobile-header-display":"","site-post-title":"disabled","ast-breadcrumbs-content":"","ast-featured-img":"disabled","footer-sml-layout":"","ast-disable-related-posts":"","theme-transparent-header-meta":"default","adv-header-id-meta":"","stick-header-meta":"default","header-above-stick-meta":"","header-main-stick-meta":"","header-below-stick-meta":"","astra-migrate-meta-layouts":"set","ast-page-background-enabled":"default","ast-page-background-meta":{"desktop":{"background-color":"","background-image":"","background-repeat":"repeat","background-position":"center center","background-size":"auto","background-attachment":"scroll","background-type":"","background-media":"","overlay-type":"","overlay-color":"","overlay-opacity":"","overlay-gradient":""},"tablet":{"background-color":"","background-image":"","background-repeat":"repeat","background-position":"center center","background-size":"auto","background-attachment":"scroll","background-type":"","background-media":"","overlay-type":"","overlay-color":"","overlay-opacity":"","overlay-gradient":""},"mobile":{"background-color":"","background-image":"","background-repeat":"repeat","background-position":"center center","background-size":"auto","background-attachment":"scroll","background-type":"","background-media":"","overlay-type":"","overlay-color":"","overlay-opacity":"","overlay-gradient":""}},"ast-content-background-meta":{"desktop":{"background-color":"var(--ast-global-color-5)","background-image":"","background-repeat":"repeat","background-position":"center center","background-size":"auto","background-attachment":"scroll","background-type":"","background-media":"","overlay-type":"","overlay-color":"","overlay-opacity":"","overlay-gradient":""},"tablet":{"background-color":"var(--ast-global-color-5)","background-image":"","background-repeat":"repeat","background-position":"center center","background-size":"auto","background-attachment":"scroll","background-type":"","background-media":"","overlay-type":"","overlay-color":"","overlay-opacity":"","overlay-gradient":""},"mobile":{"background-color":"var(--ast-global-color-5)","background-image":"","background-repeat":"repeat","background-position":"center center","background-size":"auto","background-attachment":"scroll","background-type":"","background-media":"","overlay-type":"","overlay-color":"","overlay-opacity":"","overlay-gradient":""}},"footnotes":""},"class_list":["post-27765","page","type-page","status-publish","hentry"],"yoast_head":"<!-- This site is optimized with the Yoast SEO plugin v27.3 - https:\/\/yoast.com\/product\/yoast-seo-wordpress\/ -->\n<title>La Villita Navide\u00f1a - Little Village Chamber of Commerce<\/title>\n<meta name=\"robots\" content=\"index, follow, max-snippet:-1, max-image-preview:large, max-video-preview:-1\" \/>\n<link rel=\"canonical\" href=\"https:\/\/littlevillagechamber.org\/es\/membership\/events\/la-villita-navidena\/\" \/>\n<meta property=\"og:locale\" content=\"es_MX\" \/>\n<meta property=\"og:type\" content=\"article\" \/>\n<meta property=\"og:title\" content=\"La Villita Navide\u00f1a - Little Village Chamber of Commerce\" \/>\n<meta property=\"og:description\" content=\"La Villita Navide\u00f1a December 4, 2026 LVCC AnnualLa Villita Navide\u00f1aA time to share happiness Friday, December 54h, 2026 3:00 PM ~ 6:00 PM The holidays are all about giving! The Little Village Chamber of Commerce partners with sponsors, community leaders, elected officials and business to celebrate &#8220;La Villita Navide\u00f1a&#8221;, a special night to celebrate the [&hellip;]\" \/>\n<meta property=\"og:url\" content=\"https:\/\/littlevillagechamber.org\/es\/membership\/events\/la-villita-navidena\/\" \/>\n<meta property=\"og:site_name\" content=\"Little Village Chamber of Commerce\" \/>\n<meta property=\"article:modified_time\" content=\"2026-04-01T04:52:49+00:00\" \/>\n<meta property=\"og:image\" content=\"https:\/\/littlevillagechamber.org\/wp-content\/uploads\/2025_La_Villita_Navidena_1080x1920.jpg\" \/>\n<meta name=\"twitter:card\" content=\"summary_large_image\" \/>\n<meta name=\"twitter:label1\" content=\"Tiempo de lectura\" \/>\n\t<meta name=\"twitter:data1\" content=\"1 minuto\" \/>\n<script type=\"application\/ld+json\" class=\"yoast-schema-graph\">{\"@context\":\"https:\\\/\\\/schema.org\",\"@graph\":[{\"@type\":\"WebPage\",\"@id\":\"https:\\\/\\\/littlevillagechamber.org\\\/membership\\\/events\\\/la-villita-navidena\\\/\",\"url\":\"https:\\\/\\\/littlevillagechamber.org\\\/membership\\\/events\\\/la-villita-navidena\\\/\",\"name\":\"La Villita Navide\u00f1a - Little Village Chamber of Commerce\",\"isPartOf\":{\"@id\":\"https:\\\/\\\/littlevillagechamber.org\\\/#website\"},\"primaryImageOfPage\":{\"@id\":\"https:\\\/\\\/littlevillagechamber.org\\\/membership\\\/events\\\/la-villita-navidena\\\/#primaryimage\"},\"image\":{\"@id\":\"https:\\\/\\\/littlevillagechamber.org\\\/membership\\\/events\\\/la-villita-navidena\\\/#primaryimage\"},\"thumbnailUrl\":\"https:\\\/\\\/littlevillagechamber.org\\\/wp-content\\\/uploads\\\/2025_La_Villita_Navidena_1080x1920.jpg\",\"datePublished\":\"2024-02-24T23:54:59+00:00\",\"dateModified\":\"2026-04-01T04:52:49+00:00\",\"breadcrumb\":{\"@id\":\"https:\\\/\\\/littlevillagechamber.org\\\/membership\\\/events\\\/la-villita-navidena\\\/#breadcrumb\"},\"inLanguage\":\"es\",\"potentialAction\":[{\"@type\":\"ReadAction\",\"target\":[\"https:\\\/\\\/littlevillagechamber.org\\\/membership\\\/events\\\/la-villita-navidena\\\/\"]}]},{\"@type\":\"ImageObject\",\"inLanguage\":\"es\",\"@id\":\"https:\\\/\\\/littlevillagechamber.org\\\/membership\\\/events\\\/la-villita-navidena\\\/#primaryimage\",\"url\":\"https:\\\/\\\/littlevillagechamber.org\\\/wp-content\\\/uploads\\\/2025_La_Villita_Navidena_1080x1920.jpg\",\"contentUrl\":\"https:\\\/\\\/littlevillagechamber.org\\\/wp-content\\\/uploads\\\/2025_La_Villita_Navidena_1080x1920.jpg\"},{\"@type\":\"BreadcrumbList\",\"@id\":\"https:\\\/\\\/littlevillagechamber.org\\\/membership\\\/events\\\/la-villita-navidena\\\/#breadcrumb\",\"itemListElement\":[{\"@type\":\"ListItem\",\"position\":1,\"name\":\"Home\",\"item\":\"https:\\\/\\\/littlevillagechamber.org\\\/\"},{\"@type\":\"ListItem\",\"position\":2,\"name\":\"Membership\",\"item\":\"https:\\\/\\\/littlevillagechamber.org\\\/membership\\\/\"},{\"@type\":\"ListItem\",\"position\":3,\"name\":\"Events\",\"item\":\"https:\\\/\\\/littlevillagechamber.org\\\/membership\\\/events\\\/\"},{\"@type\":\"ListItem\",\"position\":4,\"name\":\"La Villita Navide\u00f1a\"}]},{\"@type\":\"WebSite\",\"@id\":\"https:\\\/\\\/littlevillagechamber.org\\\/#website\",\"url\":\"https:\\\/\\\/littlevillagechamber.org\\\/\",\"name\":\"Little Village Chamber of Commerce\",\"description\":\"Tu Mexico, Tu Chicago!\",\"publisher\":{\"@id\":\"https:\\\/\\\/littlevillagechamber.org\\\/#organization\"},\"potentialAction\":[{\"@type\":\"SearchAction\",\"target\":{\"@type\":\"EntryPoint\",\"urlTemplate\":\"https:\\\/\\\/littlevillagechamber.org\\\/?s={search_term_string}\"},\"query-input\":{\"@type\":\"PropertyValueSpecification\",\"valueRequired\":true,\"valueName\":\"search_term_string\"}}],\"inLanguage\":\"es\"},{\"@type\":\"Organization\",\"@id\":\"https:\\\/\\\/littlevillagechamber.org\\\/#organization\",\"name\":\"Little Village Chamber of Commerce\",\"url\":\"https:\\\/\\\/littlevillagechamber.org\\\/\",\"logo\":{\"@type\":\"ImageObject\",\"inLanguage\":\"es\",\"@id\":\"https:\\\/\\\/littlevillagechamber.org\\\/#\\\/schema\\\/logo\\\/image\\\/\",\"url\":\"https:\\\/\\\/littlevillagechamber.org\\\/wp-content\\\/uploads\\\/LVCC.png\",\"contentUrl\":\"https:\\\/\\\/littlevillagechamber.org\\\/wp-content\\\/uploads\\\/LVCC.png\",\"width\":300,\"height\":257,\"caption\":\"Little Village Chamber of Commerce\"},\"image\":{\"@id\":\"https:\\\/\\\/littlevillagechamber.org\\\/#\\\/schema\\\/logo\\\/image\\\/\"}}]}<\/script>\n<!-- \/ Yoast SEO plugin. -->","yoast_head_json":{"title":"La Villita Navide\u00f1a - Little Village Chamber of Commerce","robots":{"index":"index","follow":"follow","max-snippet":"max-snippet:-1","max-image-preview":"max-image-preview:large","max-video-preview":"max-video-preview:-1"},"canonical":"https:\/\/littlevillagechamber.org\/es\/membership\/events\/la-villita-navidena\/","og_locale":"es_MX","og_type":"article","og_title":"La Villita Navide\u00f1a - Little Village Chamber of Commerce","og_description":"La Villita Navide\u00f1a December 4, 2026 LVCC AnnualLa Villita Navide\u00f1aA time to share happiness Friday, December 54h, 2026 3:00 PM ~ 6:00 PM The holidays are all about giving! The Little Village Chamber of Commerce partners with sponsors, community leaders, elected officials and business to celebrate &#8220;La Villita Navide\u00f1a&#8221;, a special night to celebrate the [&hellip;]","og_url":"https:\/\/littlevillagechamber.org\/es\/membership\/events\/la-villita-navidena\/","og_site_name":"Little Village Chamber of Commerce","article_modified_time":"2026-04-01T04:52:49+00:00","og_image":[{"url":"https:\/\/littlevillagechamber.org\/wp-content\/uploads\/2025_La_Villita_Navidena_1080x1920.jpg","type":"","width":"","height":""}],"twitter_card":"summary_large_image","twitter_misc":{"Tiempo de lectura":"1 minuto"},"schema":{"@context":"https:\/\/schema.org","@graph":[{"@type":"WebPage","@id":"https:\/\/littlevillagechamber.org\/membership\/events\/la-villita-navidena\/","url":"https:\/\/littlevillagechamber.org\/membership\/events\/la-villita-navidena\/","name":"La Villita Navide\u00f1a - Little Village Chamber of Commerce","isPartOf":{"@id":"https:\/\/littlevillagechamber.org\/#website"},"primaryImageOfPage":{"@id":"https:\/\/littlevillagechamber.org\/membership\/events\/la-villita-navidena\/#primaryimage"},"image":{"@id":"https:\/\/littlevillagechamber.org\/membership\/events\/la-villita-navidena\/#primaryimage"},"thumbnailUrl":"https:\/\/littlevillagechamber.org\/wp-content\/uploads\/2025_La_Villita_Navidena_1080x1920.jpg","datePublished":"2024-02-24T23:54:59+00:00","dateModified":"2026-04-01T04:52:49+00:00","breadcrumb":{"@id":"https:\/\/littlevillagechamber.org\/membership\/events\/la-villita-navidena\/#breadcrumb"},"inLanguage":"es","potentialAction":[{"@type":"ReadAction","target":["https:\/\/littlevillagechamber.org\/membership\/events\/la-villita-navidena\/"]}]},{"@type":"ImageObject","inLanguage":"es","@id":"https:\/\/littlevillagechamber.org\/membership\/events\/la-villita-navidena\/#primaryimage","url":"https:\/\/littlevillagechamber.org\/wp-content\/uploads\/2025_La_Villita_Navidena_1080x1920.jpg","contentUrl":"https:\/\/littlevillagechamber.org\/wp-content\/uploads\/2025_La_Villita_Navidena_1080x1920.jpg"},{"@type":"BreadcrumbList","@id":"https:\/\/littlevillagechamber.org\/membership\/events\/la-villita-navidena\/#breadcrumb","itemListElement":[{"@type":"ListItem","position":1,"name":"Home","item":"https:\/\/littlevillagechamber.org\/"},{"@type":"ListItem","position":2,"name":"Membership","item":"https:\/\/littlevillagechamber.org\/membership\/"},{"@type":"ListItem","position":3,"name":"Events","item":"https:\/\/littlevillagechamber.org\/membership\/events\/"},{"@type":"ListItem","position":4,"name":"La Villita Navide\u00f1a"}]},{"@type":"WebSite","@id":"https:\/\/littlevillagechamber.org\/#website","url":"https:\/\/littlevillagechamber.org\/","name":"La C\u00e1mara de Comercio de La Villita","description":"Tu M\u00e9xico, Tu Chicago!","publisher":{"@id":"https:\/\/littlevillagechamber.org\/#organization"},"potentialAction":[{"@type":"SearchAction","target":{"@type":"EntryPoint","urlTemplate":"https:\/\/littlevillagechamber.org\/?s={search_term_string}"},"query-input":{"@type":"PropertyValueSpecification","valueRequired":true,"valueName":"search_term_string"}}],"inLanguage":"es"},{"@type":"Organization","@id":"https:\/\/littlevillagechamber.org\/#organization","name":"La C\u00e1mara de Comercio de La Villita","url":"https:\/\/littlevillagechamber.org\/","logo":{"@type":"ImageObject","inLanguage":"es","@id":"https:\/\/littlevillagechamber.org\/#\/schema\/logo\/image\/","url":"https:\/\/littlevillagechamber.org\/wp-content\/uploads\/LVCC.png","contentUrl":"https:\/\/littlevillagechamber.org\/wp-content\/uploads\/LVCC.png","width":300,"height":257,"caption":"Little Village Chamber of Commerce"},"image":{"@id":"https:\/\/littlevillagechamber.org\/#\/schema\/logo\/image\/"}}]}},"_links":{"self":[{"href":"https:\/\/littlevillagechamber.org\/es\/wp-json\/wp\/v2\/pages\/27765","targetHints":{"allow":["GET"]}}],"collection":[{"href":"https:\/\/littlevillagechamber.org\/es\/wp-json\/wp\/v2\/pages"}],"about":[{"href":"https:\/\/littlevillagechamber.org\/es\/wp-json\/wp\/v2\/types\/page"}],"author":[{"embeddable":true,"href":"https:\/\/littlevillagechamber.org\/es\/wp-json\/wp\/v2\/users\/213"}],"replies":[{"embeddable":true,"href":"https:\/\/littlevillagechamber.org\/es\/wp-json\/wp\/v2\/comments?post=27765"}],"version-history":[{"count":11,"href":"https:\/\/littlevillagechamber.org\/es\/wp-json\/wp\/v2\/pages\/27765\/revisions"}],"predecessor-version":[{"id":31991,"href":"https:\/\/littlevillagechamber.org\/es\/wp-json\/wp\/v2\/pages\/27765\/revisions\/31991"}],"up":[{"embeddable":true,"href":"https:\/\/littlevillagechamber.org\/es\/wp-json\/wp\/v2\/pages\/26080"}],"wp:attachment":[{"href":"https:\/\/littlevillagechamber.org\/es\/wp-json\/wp\/v2\/media?parent=27765"}],"curies":[{"name":"wp","href":"https:\/\/api.w.org\/{rel}","templated":true}]}}