{"id":26654,"date":"2021-08-14T16:38:03","date_gmt":"2021-08-14T21:38:03","guid":{"rendered":"https:\/\/littlevillagechamber.org\/?page_id=26654"},"modified":"2024-02-26T12:08:00","modified_gmt":"2024-02-26T18:08:00","slug":"careers","status":"publish","type":"page","link":"https:\/\/littlevillagechamber.org\/es\/about\/careers\/","title":{"rendered":"Careers"},"content":{"rendered":"<h1>Careers<\/h1>\t\t\t\n\t\t\t\t<p>Thank You for your interest from Little Village Chamber of Commerce.\u00a0<\/p>\n\t\t\t<a href=\"mailto:juancarlos@littlevillagechamber.org\" target=\"_self\" role=\"button\" aria-label=\"Voluntario como Mentor Empresarial\" rel=\"noopener\">\n\t\t\t\t\t\t\tVoluntario como Mentor Empresarial\n\t\t<\/a>\n\t\t\t<h3>Oportunidades profesionales<\/h3>\t\t\t\n\t\t\t\t<p>La C\u00e1mara de Comercio de La Villita recibe ocasionalmente ofertas de trabajo de muchos de sus miembros. Si es miembro o residente local, estaremos encantados de publicar su oferta laboral. \n\nNo somos un sitio de b\u00fasqueda de empleo, pero siempre estaremos felices de ayudar a nuestra comunidad empresarial a mejorar sus servicios.<\/p>\n\t\t\t<h3><b>Sea un voluntario<\/b> Como Consultor Especialista en Negocios<\/h3>\t\t\t\n\t\t\t\t<p>Since 1989 the Little Village Chamber of Commerce has represented the interests of local businesses and the larger bilingual business community of Chicago. Its mission is to support, promote and enhance the growth and success of our local businesses &#8211; and to leverage the community&#8217;s assets, contributions and unique Mexican and cultural identity to generate new business opportunities. Our residents and business owners are recognized for their entrepreneurial spirit, strong work ethic and commitment to family and community.<\/p>\n<p>La <strong>Mentor Empresarial<\/strong>\u00a0esta posici\u00f3n implica un alto nivel de interacci\u00f3n con el cliente y construcci\u00f3n de relaciones con diferentes partes interesadas.<\/p>\n<p>Requiere una persona orientada a los detalles, biling\u00fce (ingl\u00e9s\/espa\u00f1ol) y capaz de gestionar m\u00faltiples tareas para cumplir con las expectativas de desempe\u00f1o.<\/p>\n<p>LVCC busca espec\u00edficamente un asesor que tenga experiencia en contabilidad y\/o finanzas que pueda ayudar a los clientes a crear y comprender estados financieros b\u00e1sicos y desarrollar una mayor educaci\u00f3n financiera para informar mejor sus decisiones comerciales.<\/p>\n<p><strong>Este es un programa de voluntariado de 2 a 4 horas a la semana.<\/strong>. Es una oportunidad para retribuir a su comunidad y darnos a conocer a aquellas empresas locales que buscan un profesional experimentado.<\/p>\n<p>Para m\u00e1s informaci\u00f3n p\u00f3ngase en contacto con <a href=\"\/es\/_wp_link_placeholder\/\" data-wplink-edit=\"true\">juancarlos@littlevillagechamber.org<\/a> o llama al (708) 9988 944<\/p>","protected":false},"excerpt":{"rendered":"<p>Careers Thank You for your interest from Little Village Chamber of Commerce.\u00a0 Volunteer as a Business Mentor Career Opportunities Little Village Chamber of Commerce receives occasionally job post from many of its members. If you are a member or a local resident, we will be more than glad to post your job.\u00a0 We are not [&hellip;]<\/p>\n","protected":false},"author":3,"featured_media":0,"parent":368,"menu_order":0,"comment_status":"closed","ping_status":"closed","template":"","meta":{"site-sidebar-layout":"no-sidebar","site-content-layout":"page-builder","ast-site-content-layout":"default","site-content-style":"default","site-sidebar-style":"default","ast-global-header-display":"","ast-banner-title-visibility":"","ast-main-header-display":"","ast-hfb-above-header-display":"","ast-hfb-below-header-display":"","ast-hfb-mobile-header-display":"","site-post-title":"disabled","ast-breadcrumbs-content":"","ast-featured-img":"disabled","footer-sml-layout":"","ast-disable-related-posts":"","theme-transparent-header-meta":"default","adv-header-id-meta":"","stick-header-meta":"default","header-above-stick-meta":"","header-main-stick-meta":"","header-below-stick-meta":"","astra-migrate-meta-layouts":"default","ast-page-background-enabled":"default","ast-page-background-meta":{"desktop":{"background-color":"","background-image":"","background-repeat":"repeat","background-position":"center center","background-size":"auto","background-attachment":"scroll","background-type":"","background-media":"","overlay-type":"","overlay-color":"","overlay-opacity":"","overlay-gradient":""},"tablet":{"background-color":"","background-image":"","background-repeat":"repeat","background-position":"center center","background-size":"auto","background-attachment":"scroll","background-type":"","background-media":"","overlay-type":"","overlay-color":"","overlay-opacity":"","overlay-gradient":""},"mobile":{"background-color":"","background-image":"","background-repeat":"repeat","background-position":"center center","background-size":"auto","background-attachment":"scroll","background-type":"","background-media":"","overlay-type":"","overlay-color":"","overlay-opacity":"","overlay-gradient":""}},"ast-content-background-meta":{"desktop":{"background-color":"var(--ast-global-color-5)","background-image":"","background-repeat":"repeat","background-position":"center center","background-size":"auto","background-attachment":"scroll","background-type":"","background-media":"","overlay-type":"","overlay-color":"","overlay-opacity":"","overlay-gradient":""},"tablet":{"background-color":"var(--ast-global-color-5)","background-image":"","background-repeat":"repeat","background-position":"center center","background-size":"auto","background-attachment":"scroll","background-type":"","background-media":"","overlay-type":"","overlay-color":"","overlay-opacity":"","overlay-gradient":""},"mobile":{"background-color":"var(--ast-global-color-5)","background-image":"","background-repeat":"repeat","background-position":"center center","background-size":"auto","background-attachment":"scroll","background-type":"","background-media":"","overlay-type":"","overlay-color":"","overlay-opacity":"","overlay-gradient":""}},"footnotes":""},"class_list":["post-26654","page","type-page","status-publish","hentry"],"yoast_head":"<!-- This site is optimized with the Yoast SEO plugin v27.4 - https:\/\/yoast.com\/product\/yoast-seo-wordpress\/ -->\n<title>Careers - Little Village Chamber of Commerce<\/title>\n<meta name=\"robots\" content=\"index, follow, max-snippet:-1, max-image-preview:large, max-video-preview:-1\" \/>\n<link rel=\"canonical\" href=\"https:\/\/littlevillagechamber.org\/es\/about\/careers\/\" \/>\n<meta property=\"og:locale\" content=\"es_MX\" \/>\n<meta property=\"og:type\" content=\"article\" \/>\n<meta property=\"og:title\" content=\"Careers - Little Village Chamber of Commerce\" \/>\n<meta property=\"og:description\" content=\"Careers Thank You for your interest from Little Village Chamber of Commerce.\u00a0 Volunteer as a Business Mentor Career Opportunities Little Village Chamber of Commerce receives occasionally job post from many of its members. If you are a member or a local resident, we will be more than glad to post your job.\u00a0 We are not [&hellip;]\" \/>\n<meta property=\"og:url\" content=\"https:\/\/littlevillagechamber.org\/es\/about\/careers\/\" \/>\n<meta property=\"og:site_name\" content=\"Little Village Chamber of Commerce\" \/>\n<meta property=\"article:modified_time\" content=\"2024-02-26T18:08:00+00:00\" \/>\n<meta name=\"twitter:card\" content=\"summary_large_image\" \/>\n<meta name=\"twitter:label1\" content=\"Tiempo de lectura\" \/>\n\t<meta name=\"twitter:data1\" content=\"1 minuto\" \/>\n<script type=\"application\/ld+json\" class=\"yoast-schema-graph\">{\"@context\":\"https:\\\/\\\/schema.org\",\"@graph\":[{\"@type\":\"WebPage\",\"@id\":\"https:\\\/\\\/littlevillagechamber.org\\\/about\\\/careers\\\/\",\"url\":\"https:\\\/\\\/littlevillagechamber.org\\\/about\\\/careers\\\/\",\"name\":\"Careers - Little Village Chamber of Commerce\",\"isPartOf\":{\"@id\":\"https:\\\/\\\/littlevillagechamber.org\\\/#website\"},\"datePublished\":\"2021-08-14T21:38:03+00:00\",\"dateModified\":\"2024-02-26T18:08:00+00:00\",\"breadcrumb\":{\"@id\":\"https:\\\/\\\/littlevillagechamber.org\\\/about\\\/careers\\\/#breadcrumb\"},\"inLanguage\":\"es\",\"potentialAction\":[{\"@type\":\"ReadAction\",\"target\":[\"https:\\\/\\\/littlevillagechamber.org\\\/about\\\/careers\\\/\"]}]},{\"@type\":\"BreadcrumbList\",\"@id\":\"https:\\\/\\\/littlevillagechamber.org\\\/about\\\/careers\\\/#breadcrumb\",\"itemListElement\":[{\"@type\":\"ListItem\",\"position\":1,\"name\":\"Home\",\"item\":\"https:\\\/\\\/littlevillagechamber.org\\\/\"},{\"@type\":\"ListItem\",\"position\":2,\"name\":\"About Us\",\"item\":\"https:\\\/\\\/littlevillagechamber.org\\\/about\\\/\"},{\"@type\":\"ListItem\",\"position\":3,\"name\":\"Careers\"}]},{\"@type\":\"WebSite\",\"@id\":\"https:\\\/\\\/littlevillagechamber.org\\\/#website\",\"url\":\"https:\\\/\\\/littlevillagechamber.org\\\/\",\"name\":\"Little Village Chamber of Commerce\",\"description\":\"Tu Mexico, Tu Chicago!\",\"publisher\":{\"@id\":\"https:\\\/\\\/littlevillagechamber.org\\\/#organization\"},\"potentialAction\":[{\"@type\":\"SearchAction\",\"target\":{\"@type\":\"EntryPoint\",\"urlTemplate\":\"https:\\\/\\\/littlevillagechamber.org\\\/?s={search_term_string}\"},\"query-input\":{\"@type\":\"PropertyValueSpecification\",\"valueRequired\":true,\"valueName\":\"search_term_string\"}}],\"inLanguage\":\"es\"},{\"@type\":\"Organization\",\"@id\":\"https:\\\/\\\/littlevillagechamber.org\\\/#organization\",\"name\":\"Little Village Chamber of Commerce\",\"url\":\"https:\\\/\\\/littlevillagechamber.org\\\/\",\"logo\":{\"@type\":\"ImageObject\",\"inLanguage\":\"es\",\"@id\":\"https:\\\/\\\/littlevillagechamber.org\\\/#\\\/schema\\\/logo\\\/image\\\/\",\"url\":\"https:\\\/\\\/littlevillagechamber.org\\\/wp-content\\\/uploads\\\/LVCC.png\",\"contentUrl\":\"https:\\\/\\\/littlevillagechamber.org\\\/wp-content\\\/uploads\\\/LVCC.png\",\"width\":300,\"height\":257,\"caption\":\"Little Village Chamber of Commerce\"},\"image\":{\"@id\":\"https:\\\/\\\/littlevillagechamber.org\\\/#\\\/schema\\\/logo\\\/image\\\/\"}}]}<\/script>\n<!-- \/ Yoast SEO plugin. -->","yoast_head_json":{"title":"Careers - Little Village Chamber of Commerce","robots":{"index":"index","follow":"follow","max-snippet":"max-snippet:-1","max-image-preview":"max-image-preview:large","max-video-preview":"max-video-preview:-1"},"canonical":"https:\/\/littlevillagechamber.org\/es\/about\/careers\/","og_locale":"es_MX","og_type":"article","og_title":"Careers - Little Village Chamber of Commerce","og_description":"Careers Thank You for your interest from Little Village Chamber of Commerce.\u00a0 Volunteer as a Business Mentor Career Opportunities Little Village Chamber of Commerce receives occasionally job post from many of its members. If you are a member or a local resident, we will be more than glad to post your job.\u00a0 We are not [&hellip;]","og_url":"https:\/\/littlevillagechamber.org\/es\/about\/careers\/","og_site_name":"Little Village Chamber of Commerce","article_modified_time":"2024-02-26T18:08:00+00:00","twitter_card":"summary_large_image","twitter_misc":{"Tiempo de lectura":"1 minuto"},"schema":{"@context":"https:\/\/schema.org","@graph":[{"@type":"WebPage","@id":"https:\/\/littlevillagechamber.org\/about\/careers\/","url":"https:\/\/littlevillagechamber.org\/about\/careers\/","name":"Careers - Little Village Chamber of Commerce","isPartOf":{"@id":"https:\/\/littlevillagechamber.org\/#website"},"datePublished":"2021-08-14T21:38:03+00:00","dateModified":"2024-02-26T18:08:00+00:00","breadcrumb":{"@id":"https:\/\/littlevillagechamber.org\/about\/careers\/#breadcrumb"},"inLanguage":"es","potentialAction":[{"@type":"ReadAction","target":["https:\/\/littlevillagechamber.org\/about\/careers\/"]}]},{"@type":"BreadcrumbList","@id":"https:\/\/littlevillagechamber.org\/about\/careers\/#breadcrumb","itemListElement":[{"@type":"ListItem","position":1,"name":"Home","item":"https:\/\/littlevillagechamber.org\/"},{"@type":"ListItem","position":2,"name":"About Us","item":"https:\/\/littlevillagechamber.org\/about\/"},{"@type":"ListItem","position":3,"name":"Careers"}]},{"@type":"WebSite","@id":"https:\/\/littlevillagechamber.org\/#website","url":"https:\/\/littlevillagechamber.org\/","name":"La C\u00e1mara de Comercio de La Villita","description":"Tu M\u00e9xico, Tu Chicago!","publisher":{"@id":"https:\/\/littlevillagechamber.org\/#organization"},"potentialAction":[{"@type":"SearchAction","target":{"@type":"EntryPoint","urlTemplate":"https:\/\/littlevillagechamber.org\/?s={search_term_string}"},"query-input":{"@type":"PropertyValueSpecification","valueRequired":true,"valueName":"search_term_string"}}],"inLanguage":"es"},{"@type":"Organization","@id":"https:\/\/littlevillagechamber.org\/#organization","name":"La C\u00e1mara de Comercio de La Villita","url":"https:\/\/littlevillagechamber.org\/","logo":{"@type":"ImageObject","inLanguage":"es","@id":"https:\/\/littlevillagechamber.org\/#\/schema\/logo\/image\/","url":"https:\/\/littlevillagechamber.org\/wp-content\/uploads\/LVCC.png","contentUrl":"https:\/\/littlevillagechamber.org\/wp-content\/uploads\/LVCC.png","width":300,"height":257,"caption":"Little Village Chamber of Commerce"},"image":{"@id":"https:\/\/littlevillagechamber.org\/#\/schema\/logo\/image\/"}}]}},"_links":{"self":[{"href":"https:\/\/littlevillagechamber.org\/es\/wp-json\/wp\/v2\/pages\/26654","targetHints":{"allow":["GET"]}}],"collection":[{"href":"https:\/\/littlevillagechamber.org\/es\/wp-json\/wp\/v2\/pages"}],"about":[{"href":"https:\/\/littlevillagechamber.org\/es\/wp-json\/wp\/v2\/types\/page"}],"author":[{"embeddable":true,"href":"https:\/\/littlevillagechamber.org\/es\/wp-json\/wp\/v2\/users\/3"}],"replies":[{"embeddable":true,"href":"https:\/\/littlevillagechamber.org\/es\/wp-json\/wp\/v2\/comments?post=26654"}],"version-history":[{"count":0,"href":"https:\/\/littlevillagechamber.org\/es\/wp-json\/wp\/v2\/pages\/26654\/revisions"}],"up":[{"embeddable":true,"href":"https:\/\/littlevillagechamber.org\/es\/wp-json\/wp\/v2\/pages\/368"}],"wp:attachment":[{"href":"https:\/\/littlevillagechamber.org\/es\/wp-json\/wp\/v2\/media?parent=26654"}],"curies":[{"name":"wp","href":"https:\/\/api.w.org\/{rel}","templated":true}]}}