{"id":25241,"date":"2020-04-23T17:14:22","date_gmt":"2020-04-23T22:14:22","guid":{"rendered":"https:\/\/lvccf.wpengine.com\/?page_id=25241"},"modified":"2024-03-13T22:43:46","modified_gmt":"2024-03-14T03:43:46","slug":"testimonials","status":"publish","type":"page","link":"https:\/\/littlevillagechamber.org\/es\/about\/testimonials\/","title":{"rendered":"Testimonios"},"content":{"rendered":"<h1>Testimonios<\/h1>\t\t\t\n\t\t\t\t<img decoding=\"async\" src=\"https:\/\/littlevillagechamber.org\/wp-content\/uploads\/Catedral-Cafe-Logo-1024x767.png\" alt=\"Catedral Cafe Logo\" title=\"Catedral Cafe Logo\" itemprop=\"image\"  \/>\n\t\t\t<h3>La catedral<\/h3>\t\t\t\n\t\t\t\t<p>La C\u00e1mara de Comercio de La Villita nos ha apoyado, desde resolver peque\u00f1as cosas, obtener informaci\u00f3n importante hasta obtener becas de la ciudad para seguir creciendo y ayudarnos a dar m\u00e1s empleos en la comunidad. Estoy muy agradecido por el apoyo que brindan a nuestro negocio. y a toda la comunidad.<\/p>\n<p><strong>Ambrosio Gonzalez<br \/><\/strong><em>Due\u00f1a<\/em><\/p>\n\t\t\t<a href=\"https:\/\/www.chefambrociogonzalez.com\/new-index\" target=\"_blank\" rel=\"noopener\" role=\"button\" aria-label=\"M\u00e1s informaci\u00f3n\">\n\t\t\t\t\t\t\tM\u00e1s informaci\u00f3n\n\t\t<\/a>\n\t\t\t<h3>Marca FourStar<\/h3>\t\t\t\n\t\t\t\t<p>FourStar Branding se siente honrado y agradecido por la oportunidad de colaborar con la C\u00e1mara de Comercio de Little Village bajo el liderazgo de Blanca Soto, Directora Ejecutiva y la Fundaci\u00f3n de la Comunidad de Little Village Kim Close, Directora de Programaci\u00f3n. A trav\u00e9s de nuestra colaboraci\u00f3n, podemos lanzar nuestro Programa Branding Hub que sirve a nuestra comunidad de peque\u00f1as empresas de Little Village. A medida que continuamos navegando por nuestra Asociaci\u00f3n de Negocios de Color, FourStar Branding continuar\u00e1 potenciando, encendiendo, aumentando y promoviendo nuestra comunidad empresarial de Little Village a un est\u00e1ndar m\u00e1s alto en la industria de la publicidad.<\/p>\n<p><strong>Patricia Aguilar<br \/><\/strong><em>Presidente y Fundadora<\/em><\/p>\n\t\t\t<a href=\"https:\/\/fourstarbranding.com\/\" target=\"_blank\" rel=\"noopener\" role=\"button\" aria-label=\"M\u00e1s informaci\u00f3n\">\n\t\t\t\t\t\t\tM\u00e1s informaci\u00f3n\n\t\t<\/a>\n\t\t\t\t<img decoding=\"async\" src=\"https:\/\/littlevillagechamber.org\/wp-content\/uploads\/FourStar-Logo-1024x884.jpg\" alt=\"FourStar Logo\" title=\"Logotipo de cuatro estrellas\" itemprop=\"image\"  \/>\n\t\t\t\t<img decoding=\"async\" src=\"https:\/\/littlevillagechamber.org\/wp-content\/uploads\/La-Orquidea-Logo.jpg\" alt=\"La Orquidea Logo\" title=\"La Orquidea Logo\" itemprop=\"image\"  \/>\n\t\t\t<h3>La orquidea<\/h3>\t\t\t\n\t\t\t\t<p>La C\u00e1mara de Comercio de La Villita no solo ha sido un apoyo para el crecimiento y la expansi\u00f3n de Florer\u00eda La Orqu\u00eddea, sino que personalmente me ha ayudado a forzarme como emprendedor y l\u00edder en la comunidad latina. El equipo de la C\u00e1mara de Comercio de La Villita se ha enfocado en apoyarnos continuamente y ense\u00f1arnos a creer en nuestros sue\u00f1os e ideales para proporcionar empleos en nuestra comunidad y servir como mentores para j\u00f3venes emprendedores. Adem\u00e1s de brindarnos servicios, programas e inversiones para continuar el desarrollo de nuestros negocios. Me enorgullece formar parte de este equipo cuya misi\u00f3n es promover, ayudar y difundir el crecimiento de nuestra comunidad. Estoy muy agradecido por creer en m\u00ed y en el equipo de La Orquidea Florist. Muchas gracias!<\/p>\n<p><strong>Jos\u00e9 Gutierrez<br \/><\/strong><em>Due\u00f1a<\/em><\/p>\n\t\t\t<a href=\"http:\/\/www.laorquideachicago.com\/\" target=\"_blank\" rel=\"noopener\" role=\"button\" aria-label=\"M\u00e1s informaci\u00f3n\">\n\t\t\t\t\t\t\tM\u00e1s informaci\u00f3n\n\t\t<\/a>\n\t\t\t<h3>Urban Warriors<\/h3>\t\t\t\n\t\t\t\t<p>&#8220;The Little Village Chamber of Commerce has been an invaluable partner to Urban Warriors. Their advocacy and collaboration have amplified our impact in the community, connecting us with resources, opportunities, and networks that have enriched our programs and empowered our participants. Together, we are shaping the future of Little Village, empowering young people to become leaders, achievers, and champions.&#8221;<\/p>\n<p><strong>Rey Raigoza<br \/><\/strong><em>Fundador\/Director Ejecutivo<\/em><\/p>\n\t\t\t<a href=\"https:\/\/www.urbanwarriorsyouth.org\/\" target=\"_blank\" rel=\"noopener\" role=\"button\" aria-label=\"M\u00e1s informaci\u00f3n\">\n\t\t\t\t\t\t\tM\u00e1s informaci\u00f3n\n\t\t<\/a>\n\t\t\t\t<img decoding=\"async\" src=\"https:\/\/littlevillagechamber.org\/wp-content\/uploads\/Urban_Warriors.jpg\" alt=\"Urban_Warriors\" title=\"Urban_Warriors\" itemprop=\"image\"  \/>\n\t\t\t\t<a href=\"https:\/\/www.niceandcleanmaids.com\/\" target=\"_self\" itemprop=\"url\" rel=\"noopener\">\n\t\t\t\t<img decoding=\"async\" src=\"https:\/\/littlevillagechamber.org\/wp-content\/uploads\/Nice_Clean_Maids.jpg\" alt=\"Nice_Clean_Maids\" title=\"Nice_Clean_Maids\" itemprop=\"image\"  \/>\n\t\t\t\t\t\t<\/a>\n\t\t\t<h3>Nice and Clean Maids Services<\/h3>\t\t\t\n\t\t\t\t<p>A meeting with The Little Village Chamber of Commerce started our business growth. Under Blanca Soto&#8217;s and her team&#8217;s guidance, we had the necessary strategies and tools to accelerate our goals. In just under two years, we achieved what had eluded us for the past two decades since the inception of our cleaning company.<\/p>\n<p>La C\u00e1mara de Comercio de La Villita jug\u00f3 un papel fundamental en nuestro \u00e9xito. Su meticulosa atenci\u00f3n a los detalles y su asistencia en diversos procedimientos, desde registros municipales hasta asuntos comerciales, fue invaluable. Su asesoramiento experto cambi\u00f3 las reglas del juego y nos ayud\u00f3 a casi triplicar los ingresos de nuestro negocio.<\/p>\n<p>We owe a debt of gratitude to the La Villita Chamber of Commerce for their unwavering support. Approaching this institution, which promotes the well-being of our business community, was one of our best decisions as entrepreneurs. If you&#8217;re a business owner committed to growth, this is the place to turn your aspirations into reality.<\/p>\n<p><strong>Alejandro and Carmen Abaunza<\/strong><br \/><em>Propietarios<\/em><\/p>\n\t\t\t<a href=\"https:\/\/www.niceandcleanmaids.com\/\" target=\"_blank\" rel=\"noopener\" role=\"button\" aria-label=\"M\u00e1s informaci\u00f3n\">\n\t\t\t\t\t\t\tM\u00e1s informaci\u00f3n\n\t\t<\/a>\n\t\t\t<h3>El Churro Shop<\/h3>\t\t\t\n\t\t\t\t<p>&#8220;The Little Village Chamber of Commerce has been a great part of our development and success in our short time of being open. From day one they have been very open and helpful with any question or concern that we had. Jen, Blanca, and Sarai have always been more than willing to help in any way they can and if for some reason they can&#8217;t they always point you in the right direction.\u00a0<\/p>\n<p>They show true care for the neighborhood and its businesses, they truly want to help develop and aid in the growth. We at El Churro Shop are very grateful for everything they have done for us and sincerely look forward to continuing and growing our relationship with them. We look forward to continuing our membership with them.&#8221;<\/p>\n<p><strong>Aldo J. Rios<\/strong><br \/><em>Chef\/ Due\u00f1o<\/em><\/p>\n\t\t\t<a href=\"https:\/\/www.facebook.com\/elchurroshop\/\" target=\"_blank\" rel=\"noopener\" role=\"button\" aria-label=\"M\u00e1s informaci\u00f3n\">\n\t\t\t\t\t\t\tM\u00e1s informaci\u00f3n\n\t\t<\/a>\n\t\t\t\t<img decoding=\"async\" src=\"https:\/\/littlevillagechamber.org\/wp-content\/uploads\/EL_Churro_logo.jpg\" alt=\"El Churro Shop\" title=\"EL_Churro_logo\" itemprop=\"image\"  \/>\n\t\t\t\t<a href=\"https:\/\/www.niceandcleanmaids.com\/\" target=\"_self\" itemprop=\"url\" rel=\"noopener\">\n\t\t\t\t<img decoding=\"async\" src=\"https:\/\/littlevillagechamber.org\/wp-content\/uploads\/Special-Events-Management-logo.webp\" alt=\"Special_Events_Management\" title=\"Special-Events-Management-logo\" itemprop=\"image\"  \/>\n\t\t\t\t\t\t<\/a>\n\t\t\t<h3>Special Events Management<\/h3>\t\t\t\n\t\t\t\t<p>The Little Village Chamber of Commerce is one of the best customer service and resource agencies in the city.\u00a0 Their programs for business are excellent and their networking is an invaluable tool to meet local business and share ideas.\u00a0 The staff is always polite and energetic to help including the marketing and promotion of individual business as well as the community in general.\u00a0 The chamber and its staff have constantly been helpful as a liaison to the alderman&#8217;s office, the Chicago Police Department and to various city departments to help businesses in the community maneuver through the various levels of government.\u00a0 I have been working with the chamber for over 25 years and appreciate everything they do.\u00a0 You always get five-star service.<\/p>\n<p><strong>Hank Zemola<br \/><\/strong><em>Director Ejecutivo, Chicago Special Events Management<\/em><\/p>\n\t\t\t<a href=\"https:\/\/chicagoevents.com\/\" target=\"_blank\" rel=\"noopener\" role=\"button\" aria-label=\"M\u00e1s informaci\u00f3n\">\n\t\t\t\t\t\t\tM\u00e1s informaci\u00f3n\n\t\t<\/a>\n\t\t\t<h3>Artesan\u00edas Elena<\/h3>\t\t\t\n\t\t\t\t<p>Desde la apertura de mi tienda, Artesan\u00edas Elena, he recibido el apoyo de la C\u00e1mara de Comercio de La Villita, en sus diferentes capacidades. He visto c\u00f3mo ha crecido para brindar amplia informaci\u00f3n de los negocios existentes y dar la bienvenida a los nuevos negocios.\u00a0<\/p>\n<p>Cada semana espero con ansias las noticias en el sitio web, que incluyen: qu\u00e9 servicios brindan las empresas; adem\u00e1s de actividades en el barrio u otros lugares.\u00a0<\/p>\n<p>\u00a1Felicitaciones por los festivales auspiciados por la C\u00e1mara, el Desayuno VIP, el Desfile del D\u00eda de la Independencia, la Posada Navide\u00f1a y otras actividades, con un personal incre\u00edble para llevar a cabo esos grandes eventos!<\/p>\n<p>Me siento orgullosa de conocer a esas grandes damas: Jennifer Aguilar, Blanca Soto, Sarai Guerrero, \u00a1que gran equipo! Inteligente, eficiente, trabajar con los miembros de la junta de la C\u00e1mara para continuar la visi\u00f3n que tenemos para nuestra comunidad de continuar haciendo de La Villita un vecindario de elecci\u00f3n.\u00a0<\/p>\n<p><strong>Elena Dur\u00e1n<\/strong><br \/><em>Due\u00f1a<\/em><\/p>\n\t\t\t<a href=\"https:\/\/www.facebook.com\/p\/Artesanias-Elena-100063607656929\/\" target=\"_blank\" rel=\"noopener\" role=\"button\" aria-label=\"M\u00e1s informaci\u00f3n\">\n\t\t\t\t\t\t\tM\u00e1s informaci\u00f3n\n\t\t<\/a>\n\t\t\t\t<img decoding=\"async\" src=\"https:\/\/littlevillagechamber.org\/wp-content\/uploads\/Artesanias-Elena-logo.png\" alt=\"Artesanias-Elena-logo\" title=\"Artesanias-Elena-logo\" itemprop=\"image\"  \/>","protected":false},"excerpt":{"rendered":"<p>Testimonials La Catedral La Villita Chamber of Commerce has supported us, from solving small things, obtaining important information to obtaining scholarships from the city to continue growing and helping us to give more jobs in the community. I am very grateful for the support they provide to our business. and to the whole community. Ambrosio [&hellip;]<\/p>\n","protected":false},"author":3,"featured_media":0,"parent":368,"menu_order":0,"comment_status":"closed","ping_status":"closed","template":"","meta":{"site-sidebar-layout":"no-sidebar","site-content-layout":"page-builder","ast-site-content-layout":"default","site-content-style":"default","site-sidebar-style":"default","ast-global-header-display":"","ast-banner-title-visibility":"","ast-main-header-display":"","ast-hfb-above-header-display":"","ast-hfb-below-header-display":"","ast-hfb-mobile-header-display":"","site-post-title":"disabled","ast-breadcrumbs-content":"","ast-featured-img":"disabled","footer-sml-layout":"","ast-disable-related-posts":"","theme-transparent-header-meta":"default","adv-header-id-meta":"","stick-header-meta":"default","header-above-stick-meta":"","header-main-stick-meta":"","header-below-stick-meta":"","astra-migrate-meta-layouts":"default","ast-page-background-enabled":"default","ast-page-background-meta":{"desktop":{"background-color":"","background-image":"","background-repeat":"repeat","background-position":"center center","background-size":"auto","background-attachment":"scroll","background-type":"","background-media":"","overlay-type":"","overlay-color":"","overlay-opacity":"","overlay-gradient":""},"tablet":{"background-color":"","background-image":"","background-repeat":"repeat","background-position":"center center","background-size":"auto","background-attachment":"scroll","background-type":"","background-media":"","overlay-type":"","overlay-color":"","overlay-opacity":"","overlay-gradient":""},"mobile":{"background-color":"","background-image":"","background-repeat":"repeat","background-position":"center center","background-size":"auto","background-attachment":"scroll","background-type":"","background-media":"","overlay-type":"","overlay-color":"","overlay-opacity":"","overlay-gradient":""}},"ast-content-background-meta":{"desktop":{"background-color":"var(--ast-global-color-5)","background-image":"","background-repeat":"repeat","background-position":"center center","background-size":"auto","background-attachment":"scroll","background-type":"","background-media":"","overlay-type":"","overlay-color":"","overlay-opacity":"","overlay-gradient":""},"tablet":{"background-color":"var(--ast-global-color-5)","background-image":"","background-repeat":"repeat","background-position":"center center","background-size":"auto","background-attachment":"scroll","background-type":"","background-media":"","overlay-type":"","overlay-color":"","overlay-opacity":"","overlay-gradient":""},"mobile":{"background-color":"var(--ast-global-color-5)","background-image":"","background-repeat":"repeat","background-position":"center center","background-size":"auto","background-attachment":"scroll","background-type":"","background-media":"","overlay-type":"","overlay-color":"","overlay-opacity":"","overlay-gradient":""}},"footnotes":""},"class_list":["post-25241","page","type-page","status-publish","hentry"],"yoast_head":"<!-- This site is optimized with the Yoast SEO plugin v27.3 - https:\/\/yoast.com\/product\/yoast-seo-wordpress\/ -->\n<title>Testimonials - Little Village Chamber of Commerce<\/title>\n<meta name=\"robots\" content=\"index, follow, max-snippet:-1, max-image-preview:large, max-video-preview:-1\" \/>\n<link rel=\"canonical\" href=\"https:\/\/littlevillagechamber.org\/es\/about\/testimonials\/\" \/>\n<meta property=\"og:locale\" content=\"es_MX\" \/>\n<meta property=\"og:type\" content=\"article\" \/>\n<meta property=\"og:title\" content=\"Testimonials - Little Village Chamber of Commerce\" \/>\n<meta property=\"og:description\" content=\"Testimonials La Catedral La Villita Chamber of Commerce has supported us, from solving small things, obtaining important information to obtaining scholarships from the city to continue growing and helping us to give more jobs in the community. I am very grateful for the support they provide to our business. and to the whole community. Ambrosio [&hellip;]\" \/>\n<meta property=\"og:url\" content=\"https:\/\/littlevillagechamber.org\/es\/about\/testimonials\/\" \/>\n<meta property=\"og:site_name\" content=\"Little Village Chamber of Commerce\" \/>\n<meta property=\"article:modified_time\" content=\"2024-03-14T03:43:46+00:00\" \/>\n<meta property=\"og:image\" content=\"https:\/\/littlevillagechamber.org\/wp-content\/uploads\/Catedral-Cafe-Logo-1024x767.png\" \/>\n<meta name=\"twitter:card\" content=\"summary_large_image\" \/>\n<meta name=\"twitter:label1\" content=\"Tiempo de lectura\" \/>\n\t<meta name=\"twitter:data1\" content=\"5 minutos\" \/>\n<script type=\"application\/ld+json\" class=\"yoast-schema-graph\">{\"@context\":\"https:\\\/\\\/schema.org\",\"@graph\":[{\"@type\":\"WebPage\",\"@id\":\"https:\\\/\\\/littlevillagechamber.org\\\/about\\\/testimonials\\\/\",\"url\":\"https:\\\/\\\/littlevillagechamber.org\\\/about\\\/testimonials\\\/\",\"name\":\"Testimonials - Little Village Chamber of Commerce\",\"isPartOf\":{\"@id\":\"https:\\\/\\\/littlevillagechamber.org\\\/#website\"},\"primaryImageOfPage\":{\"@id\":\"https:\\\/\\\/littlevillagechamber.org\\\/about\\\/testimonials\\\/#primaryimage\"},\"image\":{\"@id\":\"https:\\\/\\\/littlevillagechamber.org\\\/about\\\/testimonials\\\/#primaryimage\"},\"thumbnailUrl\":\"https:\\\/\\\/littlevillagechamber.org\\\/wp-content\\\/uploads\\\/Catedral-Cafe-Logo-1024x767.png\",\"datePublished\":\"2020-04-23T22:14:22+00:00\",\"dateModified\":\"2024-03-14T03:43:46+00:00\",\"breadcrumb\":{\"@id\":\"https:\\\/\\\/littlevillagechamber.org\\\/about\\\/testimonials\\\/#breadcrumb\"},\"inLanguage\":\"es\",\"potentialAction\":[{\"@type\":\"ReadAction\",\"target\":[\"https:\\\/\\\/littlevillagechamber.org\\\/about\\\/testimonials\\\/\"]}]},{\"@type\":\"ImageObject\",\"inLanguage\":\"es\",\"@id\":\"https:\\\/\\\/littlevillagechamber.org\\\/about\\\/testimonials\\\/#primaryimage\",\"url\":\"https:\\\/\\\/littlevillagechamber.org\\\/wp-content\\\/uploads\\\/Catedral-Cafe-Logo-1024x767.png\",\"contentUrl\":\"https:\\\/\\\/littlevillagechamber.org\\\/wp-content\\\/uploads\\\/Catedral-Cafe-Logo-1024x767.png\"},{\"@type\":\"BreadcrumbList\",\"@id\":\"https:\\\/\\\/littlevillagechamber.org\\\/about\\\/testimonials\\\/#breadcrumb\",\"itemListElement\":[{\"@type\":\"ListItem\",\"position\":1,\"name\":\"Home\",\"item\":\"https:\\\/\\\/littlevillagechamber.org\\\/\"},{\"@type\":\"ListItem\",\"position\":2,\"name\":\"About Us\",\"item\":\"https:\\\/\\\/littlevillagechamber.org\\\/about\\\/\"},{\"@type\":\"ListItem\",\"position\":3,\"name\":\"Testimonials\"}]},{\"@type\":\"WebSite\",\"@id\":\"https:\\\/\\\/littlevillagechamber.org\\\/#website\",\"url\":\"https:\\\/\\\/littlevillagechamber.org\\\/\",\"name\":\"Little Village Chamber of Commerce\",\"description\":\"Tu Mexico, Tu Chicago!\",\"publisher\":{\"@id\":\"https:\\\/\\\/littlevillagechamber.org\\\/#organization\"},\"potentialAction\":[{\"@type\":\"SearchAction\",\"target\":{\"@type\":\"EntryPoint\",\"urlTemplate\":\"https:\\\/\\\/littlevillagechamber.org\\\/?s={search_term_string}\"},\"query-input\":{\"@type\":\"PropertyValueSpecification\",\"valueRequired\":true,\"valueName\":\"search_term_string\"}}],\"inLanguage\":\"es\"},{\"@type\":\"Organization\",\"@id\":\"https:\\\/\\\/littlevillagechamber.org\\\/#organization\",\"name\":\"Little Village Chamber of Commerce\",\"url\":\"https:\\\/\\\/littlevillagechamber.org\\\/\",\"logo\":{\"@type\":\"ImageObject\",\"inLanguage\":\"es\",\"@id\":\"https:\\\/\\\/littlevillagechamber.org\\\/#\\\/schema\\\/logo\\\/image\\\/\",\"url\":\"https:\\\/\\\/littlevillagechamber.org\\\/wp-content\\\/uploads\\\/LVCC.png\",\"contentUrl\":\"https:\\\/\\\/littlevillagechamber.org\\\/wp-content\\\/uploads\\\/LVCC.png\",\"width\":300,\"height\":257,\"caption\":\"Little Village Chamber of Commerce\"},\"image\":{\"@id\":\"https:\\\/\\\/littlevillagechamber.org\\\/#\\\/schema\\\/logo\\\/image\\\/\"}}]}<\/script>\n<!-- \/ Yoast SEO plugin. -->","yoast_head_json":{"title":"Testimonials - Little Village Chamber of Commerce","robots":{"index":"index","follow":"follow","max-snippet":"max-snippet:-1","max-image-preview":"max-image-preview:large","max-video-preview":"max-video-preview:-1"},"canonical":"https:\/\/littlevillagechamber.org\/es\/about\/testimonials\/","og_locale":"es_MX","og_type":"article","og_title":"Testimonials - Little Village Chamber of Commerce","og_description":"Testimonials La Catedral La Villita Chamber of Commerce has supported us, from solving small things, obtaining important information to obtaining scholarships from the city to continue growing and helping us to give more jobs in the community. I am very grateful for the support they provide to our business. and to the whole community. Ambrosio [&hellip;]","og_url":"https:\/\/littlevillagechamber.org\/es\/about\/testimonials\/","og_site_name":"Little Village Chamber of Commerce","article_modified_time":"2024-03-14T03:43:46+00:00","og_image":[{"url":"https:\/\/littlevillagechamber.org\/wp-content\/uploads\/Catedral-Cafe-Logo-1024x767.png","type":"","width":"","height":""}],"twitter_card":"summary_large_image","twitter_misc":{"Tiempo de lectura":"5 minutos"},"schema":{"@context":"https:\/\/schema.org","@graph":[{"@type":"WebPage","@id":"https:\/\/littlevillagechamber.org\/about\/testimonials\/","url":"https:\/\/littlevillagechamber.org\/about\/testimonials\/","name":"Testimonials - Little Village Chamber of Commerce","isPartOf":{"@id":"https:\/\/littlevillagechamber.org\/#website"},"primaryImageOfPage":{"@id":"https:\/\/littlevillagechamber.org\/about\/testimonials\/#primaryimage"},"image":{"@id":"https:\/\/littlevillagechamber.org\/about\/testimonials\/#primaryimage"},"thumbnailUrl":"https:\/\/littlevillagechamber.org\/wp-content\/uploads\/Catedral-Cafe-Logo-1024x767.png","datePublished":"2020-04-23T22:14:22+00:00","dateModified":"2024-03-14T03:43:46+00:00","breadcrumb":{"@id":"https:\/\/littlevillagechamber.org\/about\/testimonials\/#breadcrumb"},"inLanguage":"es","potentialAction":[{"@type":"ReadAction","target":["https:\/\/littlevillagechamber.org\/about\/testimonials\/"]}]},{"@type":"ImageObject","inLanguage":"es","@id":"https:\/\/littlevillagechamber.org\/about\/testimonials\/#primaryimage","url":"https:\/\/littlevillagechamber.org\/wp-content\/uploads\/Catedral-Cafe-Logo-1024x767.png","contentUrl":"https:\/\/littlevillagechamber.org\/wp-content\/uploads\/Catedral-Cafe-Logo-1024x767.png"},{"@type":"BreadcrumbList","@id":"https:\/\/littlevillagechamber.org\/about\/testimonials\/#breadcrumb","itemListElement":[{"@type":"ListItem","position":1,"name":"Home","item":"https:\/\/littlevillagechamber.org\/"},{"@type":"ListItem","position":2,"name":"About Us","item":"https:\/\/littlevillagechamber.org\/about\/"},{"@type":"ListItem","position":3,"name":"Testimonials"}]},{"@type":"WebSite","@id":"https:\/\/littlevillagechamber.org\/#website","url":"https:\/\/littlevillagechamber.org\/","name":"La C\u00e1mara de Comercio de La Villita","description":"Tu M\u00e9xico, Tu Chicago!","publisher":{"@id":"https:\/\/littlevillagechamber.org\/#organization"},"potentialAction":[{"@type":"SearchAction","target":{"@type":"EntryPoint","urlTemplate":"https:\/\/littlevillagechamber.org\/?s={search_term_string}"},"query-input":{"@type":"PropertyValueSpecification","valueRequired":true,"valueName":"search_term_string"}}],"inLanguage":"es"},{"@type":"Organization","@id":"https:\/\/littlevillagechamber.org\/#organization","name":"La C\u00e1mara de Comercio de La Villita","url":"https:\/\/littlevillagechamber.org\/","logo":{"@type":"ImageObject","inLanguage":"es","@id":"https:\/\/littlevillagechamber.org\/#\/schema\/logo\/image\/","url":"https:\/\/littlevillagechamber.org\/wp-content\/uploads\/LVCC.png","contentUrl":"https:\/\/littlevillagechamber.org\/wp-content\/uploads\/LVCC.png","width":300,"height":257,"caption":"Little Village Chamber of Commerce"},"image":{"@id":"https:\/\/littlevillagechamber.org\/#\/schema\/logo\/image\/"}}]}},"_links":{"self":[{"href":"https:\/\/littlevillagechamber.org\/es\/wp-json\/wp\/v2\/pages\/25241","targetHints":{"allow":["GET"]}}],"collection":[{"href":"https:\/\/littlevillagechamber.org\/es\/wp-json\/wp\/v2\/pages"}],"about":[{"href":"https:\/\/littlevillagechamber.org\/es\/wp-json\/wp\/v2\/types\/page"}],"author":[{"embeddable":true,"href":"https:\/\/littlevillagechamber.org\/es\/wp-json\/wp\/v2\/users\/3"}],"replies":[{"embeddable":true,"href":"https:\/\/littlevillagechamber.org\/es\/wp-json\/wp\/v2\/comments?post=25241"}],"version-history":[{"count":0,"href":"https:\/\/littlevillagechamber.org\/es\/wp-json\/wp\/v2\/pages\/25241\/revisions"}],"up":[{"embeddable":true,"href":"https:\/\/littlevillagechamber.org\/es\/wp-json\/wp\/v2\/pages\/368"}],"wp:attachment":[{"href":"https:\/\/littlevillagechamber.org\/es\/wp-json\/wp\/v2\/media?parent=25241"}],"curies":[{"name":"wp","href":"https:\/\/api.w.org\/{rel}","templated":true}]}}