{"id":25225,"date":"2020-04-23T17:01:44","date_gmt":"2020-04-23T22:01:44","guid":{"rendered":"https:\/\/lvccf.wpengine.com\/?page_id=25225"},"modified":"2026-03-04T20:41:12","modified_gmt":"2026-03-05T02:41:12","slug":"programs","status":"publish","type":"page","link":"https:\/\/littlevillagechamber.org\/es\/programs\/","title":{"rendered":"Programas"},"content":{"rendered":"<h1>Programas<\/h1>\t\t\t\n\t\t\t\t<a href=\"https:\/\/www.chicago.gov\/city\/en\/depts\/bacp\/sbc\/neighborhoodbusinessdevcenters.html\" target=\"_self\"  itemprop=\"url\">\n\t\t\t\t<img decoding=\"async\" src=\"https:\/\/littlevillagechamber.org\/wp-content\/uploads\/BACP.jpg\" alt=\"BACP\" title=\"BACP\" itemprop=\"image\"  \/>\n\t\t\t\t\t\t<\/a>\n\t\t\t<h3>BACP&#8217;s NBDC Partnership<\/h3>\t\t\t\n\t\t\t\t<p>La C\u00e1mara de Comercio de Little Village se est\u00e1 asociando con el Departamento de Asuntos Comerciales y Protecci\u00f3n al Consumidor (BACP) de la Ciudad de Chicago para brindar apoyo hiperlocal a propietarios de negocios y emprendedores emergentes a trav\u00e9s del programa de Centros de Desarrollo Comercial Vecinal (NBDC).<\/p>\n<p>\u00a1La C\u00e1mara de Comercio de Little Village se compromete a ayudarlo a hacer crecer su peque\u00f1a empresa brind\u00e1ndole las herramientas para respaldar su viaje empresarial!<\/p>\n\t\t\t<a href=\"https:\/\/www.chicago.gov\/city\/en\/depts\/bacp\/sbc\/neighborhoodbusinessdevcenters.html\" title=\"M\u00e1s informaci\u00f3n\" target=\"_blank\" rel=\"noopener\"  role=\"button\" aria-label=\"M\u00e1s informaci\u00f3n\">\n\t\t\t\t\t\t\tM\u00e1s informaci\u00f3n\n\t\t<\/a>\n\t\t\t<a href=\"https:\/\/littlevillagechamber.org\/wp-content\/uploads\/BACP_NBDC_LVCC-2023-Webpage-Content-1.pdf\" title=\"M\u00c1S INFORMACI\u00d3N: CONTRATO DE SERVICIO\" target=\"_blank\" rel=\"noopener\"  role=\"button\" aria-label=\"M\u00c1S INFORMACI\u00d3N: CONTRATO DE SERVICIO \">\n\t\t\t\t\t\t\tM\u00c1S INFORMACI\u00d3N: CONTRATO DE SERVICIO \n\t\t<\/a>\n\t\t\t\t<img decoding=\"async\" src=\"https:\/\/littlevillagechamber.org\/wp-content\/uploads\/nof.png\" alt=\"nof\" title=\"nof\" itemprop=\"image\"  \/>\n\t\t\t\t<img decoding=\"async\" src=\"https:\/\/littlevillagechamber.org\/wp-content\/uploads\/chicago-seal.png__200x123_q85_subsampling-2.png\" alt=\"chicago seal.png 200x123 q85 subsampling 2\" title=\"chicago seal.png 200x123 q85 subsampling 2\" itemprop=\"image\"  \/>\n\t\t\t<h3>Fondo de Oportunidad Vecinal<\/h3>\t\t\t\n\t\t\t\t<p>Grants that help strengthen commercial corridors in Chicago&#8217;s South, Southwest and West Sides.<\/p>\n<p>Para obtener m\u00e1s informaci\u00f3n sobre los talleres para Neighborhood Opportunity Fund, env\u00ede un correo electr\u00f3nico <a href=\"https:\/\/littlevillagechamber.org\/wp-content\/uploads\/LVCC_Calendar_2026_1080px-02.jpg\">info@littlevillagechamber.org<\/a><\/p>\n\t\t\t<a href=\"https:\/\/neighborhoodopportunityfund.com\/\" title=\"M\u00e1s informaci\u00f3n\" target=\"_blank\" rel=\"noopener\"  role=\"button\" aria-label=\"M\u00e1s informaci\u00f3n\">\n\t\t\t\t\t\t\tM\u00e1s informaci\u00f3n\n\t\t<\/a>\n\t\t\t\t<img decoding=\"async\" src=\"https:\/\/littlevillagechamber.org\/wp-content\/uploads\/LVCC-MAM_Poster_1080x1396_SP.jpg\" alt=\"LVCC-MAM_Poster_1080x1396\" title=\"LVCC-MAM_Poster_1080x1396\" itemprop=\"image\"  \/>\n\t\t\t<h3>DE LA MANOBusiness Advisory Program<\/h3>\t\t\t\n<p>Las peque\u00f1as empresas forman la base de nuestra econom\u00eda y enriquecen a nuestras comunidades con bienes esenciales, servicios vitales, oportunidades de empleo y sitios sociales vibrantes. Con nuestro programa De la Mano y guiados por consultores profesionales que quieren nutrir nuestros vecindarios, inspirando a otros a embarcarse en sus propios viajes empresariales.<\/p>\nIn support of this spirit, the Little Village Chamber of Commerce presents an advisory program offering a wealth of insights and expertise across diverse fields. Whether you&#8217;re a budding entrepreneur or an established business owner within our community, we&#8217;re here to empower your success.\n\u00a0\n\u2022\u00a0 Business Planning\u00a0\n\u2022\u00a0 Financial Management\u00a0\n\u2022\u00a0 Marketing and Branding\u00a0\n\u2022\u00a0 Innovation and Growth\u00a0\n\u2022\u00a0 Risk Management\u00a0\n\u2022\u00a0 Operational Efficiency\u00a0\n\u2022\u00a0 and MORE&#8230;\n\u00a0\n\t\t\t<a href=\"https:\/\/littlevillagechamber.org\/wp-content\/uploads\/LVCC_Calendar_2026_1080px-02.jpg\" title=\"Programar una cita\" target=\"_blank\" rel=\"noopener\"  role=\"button\" aria-label=\"Programar una cita\">\n\t\t\t\t\t\t\tProgramar una cita\n\t\t<\/a>\n\t\t\t\t<img decoding=\"async\" src=\"https:\/\/littlevillagechamber.org\/wp-content\/uploads\/SSA25_500px.jpg\" alt=\"SSA25_500px\" title=\"SSA25_500px\" itemprop=\"image\"  \/>\n\t\t\t<h3>\u00c1rea Especial de Servicio #25 (SSA #25)<\/h3>\t\t\t\n\t\t\t\t<p>Special Service Area #25 (SSA #25) is a taxing district that is an economic development tool. Created by state statute and city ordinance, SSA&#8217;s are an additional real estate property tax levy that funds additional services beyond municipal services in a defined district.<\/p>\n<p>SSA&#8217;s, often known as Business Improvement Districts in other cities, provide a fair and transparent way to finance and manage programs to create, maintain and manage clean, attractive and competitive commercial districts.<\/p>\n<p>Durante los \u00faltimos a\u00f1os, el SSA #25 ha ayudado a las organizaciones comunitarias a ejecutar sus eventos especiales en un esfuerzo por crear tr\u00e1fico en nuestro distrito comercial. El Ayuntamiento de Chicago cre\u00f3 el Little Village SSA #25 el 17 de diciembre de 2003, y sus l\u00edmites se expandieron el 12 de noviembre de 2008.<\/p>\n\t\t\t<a href=\"https:\/\/littlevillagechamber.org\/es\/ssa25\/\" title=\"M\u00c1S INFORMACION\" target=\"_blank\" rel=\"noopener\"  role=\"button\" aria-label=\"M\u00c1S INFORMACION\">\n\t\t\t\t\t\t\tM\u00c1S INFORMACION\n\t\t<\/a>\n\t\t\t\t<a href=\"https:\/\/equitablebizgrowth.org\/\" target=\"_self\"  itemprop=\"url\">\n\t\t\t\t<img decoding=\"async\" src=\"https:\/\/littlevillagechamber.org\/wp-content\/uploads\/FEBG_Logo-500x201.jpg\" alt=\"The Fund for Equitable Business Growth\" title=\"FEBG_Logo\" itemprop=\"image\"  \/>\n\t\t\t\t\t\t<\/a>\n\t\t\t<h3>El Fondo para el Crecimiento Empresarial Equitativo<\/h3>\t\t\t\n\t\t\t\t<p>Nuestra nueva colaboraci\u00f3n con FEBG es una fondo de financiaci\u00f3n que re\u00fane a instituciones filantr\u00f3picas como una sola entidad para proporcionar financiaci\u00f3n a todo el ecosistema que apoya a emprendedores de color en la regi\u00f3n de Chicago.<\/p>\n<p>La C\u00e1mara de Comercio de La Villita se asocia con otros actores comunitarios como FEBG que buscan identificar oportunidades para cerrar las brechas de oportunidades para la comunidad hispana.\u00a0<\/p>\n\t\t\t<a href=\"https:\/\/equitablebizgrowth.org\/\" title=\"M\u00e1s informaci\u00f3n\" target=\"_blank\" rel=\"noopener\"  role=\"button\" aria-label=\"M\u00e1s informaci\u00f3n\">\n\t\t\t\t\t\t\tM\u00e1s informaci\u00f3n\n\t\t<\/a>\n\t\t\t\t<a href=\"https:\/\/www.chicago.gov\/city\/en\/depts\/bacp\/provdrs\/bus\/alerts\/2018\/june\/Chicagobusinessdirect.html\" target=\"_self\"  itemprop=\"url\">\n\t\t\t\t<img decoding=\"async\" src=\"https:\/\/littlevillagechamber.org\/wp-content\/uploads\/Chicago_Business_Direct.jpg\" alt=\"Chicago_Business_Direct\" title=\"Chicago_Business_Direct\" itemprop=\"image\"  \/>\n\t\t\t\t\t\t<\/a>\n\t\t\t<h3>Chicago Business Direct<\/h3>\t\t\t\n\t\t\t\t<p><strong>Chicago Business Direct<\/strong> permite a los propietarios de empresas y\/o sus representantes legales solicitar licencias comerciales de la ciudad de Chicago, renovar licencias comerciales y certificaciones de dispositivos de pesaje\/medici\u00f3n, presentar declaraciones de impuestos y realizar pagos de impuestos en l\u00ednea.<\/p>\n\t\t\t<a href=\"https:\/\/www.chicago.gov\/city\/en\/depts\/bacp\/provdrs\/bus\/alerts\/2018\/june\/Chicagobusinessdirect.html\" title=\"M\u00e1s informaci\u00f3n\" target=\"_blank\" rel=\"noopener\"  role=\"button\" aria-label=\"M\u00e1s informaci\u00f3n\">\n\t\t\t\t\t\t\tM\u00e1s informaci\u00f3n\n\t\t<\/a>","protected":false},"excerpt":{"rendered":"<p>Programs BACP&#8217;s NBDC Partnership Little Village Chamber of Commerce is partnering with the City of Chicago, Department of Business Affairs and Consumer Protection (BACP), to provide hyper-local support to business owners and start-up entrepreneurs through the Neighborhood Business Development Centers (NBDC) program. Little Village Chamber of Commerce is committed to helping you grow your small [&hellip;]<\/p>\n","protected":false},"author":3,"featured_media":0,"parent":0,"menu_order":0,"comment_status":"closed","ping_status":"closed","template":"","meta":{"site-sidebar-layout":"no-sidebar","site-content-layout":"page-builder","ast-site-content-layout":"default","site-content-style":"default","site-sidebar-style":"default","ast-global-header-display":"","ast-banner-title-visibility":"","ast-main-header-display":"","ast-hfb-above-header-display":"","ast-hfb-below-header-display":"","ast-hfb-mobile-header-display":"","site-post-title":"disabled","ast-breadcrumbs-content":"","ast-featured-img":"disabled","footer-sml-layout":"","ast-disable-related-posts":"","theme-transparent-header-meta":"default","adv-header-id-meta":"","stick-header-meta":"default","header-above-stick-meta":"","header-main-stick-meta":"","header-below-stick-meta":"","astra-migrate-meta-layouts":"default","ast-page-background-enabled":"default","ast-page-background-meta":{"desktop":{"background-color":"","background-image":"","background-repeat":"repeat","background-position":"center center","background-size":"auto","background-attachment":"scroll","background-type":"","background-media":"","overlay-type":"","overlay-color":"","overlay-opacity":"","overlay-gradient":""},"tablet":{"background-color":"","background-image":"","background-repeat":"repeat","background-position":"center center","background-size":"auto","background-attachment":"scroll","background-type":"","background-media":"","overlay-type":"","overlay-color":"","overlay-opacity":"","overlay-gradient":""},"mobile":{"background-color":"","background-image":"","background-repeat":"repeat","background-position":"center center","background-size":"auto","background-attachment":"scroll","background-type":"","background-media":"","overlay-type":"","overlay-color":"","overlay-opacity":"","overlay-gradient":""}},"ast-content-background-meta":{"desktop":{"background-color":"var(--ast-global-color-5)","background-image":"","background-repeat":"repeat","background-position":"center center","background-size":"auto","background-attachment":"scroll","background-type":"","background-media":"","overlay-type":"","overlay-color":"","overlay-opacity":"","overlay-gradient":""},"tablet":{"background-color":"var(--ast-global-color-5)","background-image":"","background-repeat":"repeat","background-position":"center center","background-size":"auto","background-attachment":"scroll","background-type":"","background-media":"","overlay-type":"","overlay-color":"","overlay-opacity":"","overlay-gradient":""},"mobile":{"background-color":"var(--ast-global-color-5)","background-image":"","background-repeat":"repeat","background-position":"center center","background-size":"auto","background-attachment":"scroll","background-type":"","background-media":"","overlay-type":"","overlay-color":"","overlay-opacity":"","overlay-gradient":""}},"footnotes":""},"class_list":["post-25225","page","type-page","status-publish","hentry"],"yoast_head":"<!-- This site is optimized with the Yoast SEO plugin v27.3 - https:\/\/yoast.com\/product\/yoast-seo-wordpress\/ -->\n<title>Programs - Little Village Chamber of Commerce<\/title>\n<meta name=\"robots\" content=\"index, follow, max-snippet:-1, max-image-preview:large, max-video-preview:-1\" \/>\n<link rel=\"canonical\" href=\"https:\/\/littlevillagechamber.org\/es\/programs\/\" \/>\n<meta property=\"og:locale\" content=\"es_MX\" \/>\n<meta property=\"og:type\" content=\"article\" \/>\n<meta property=\"og:title\" content=\"Programs - Little Village Chamber of Commerce\" \/>\n<meta property=\"og:description\" content=\"Programs BACP&#8217;s NBDC Partnership Little Village Chamber of Commerce is partnering with the City of Chicago, Department of Business Affairs and Consumer Protection (BACP), to provide hyper-local support to business owners and start-up entrepreneurs through the Neighborhood Business Development Centers (NBDC) program. Little Village Chamber of Commerce is committed to helping you grow your small [&hellip;]\" \/>\n<meta property=\"og:url\" content=\"https:\/\/littlevillagechamber.org\/es\/programs\/\" \/>\n<meta property=\"og:site_name\" content=\"Little Village Chamber of Commerce\" \/>\n<meta property=\"article:modified_time\" content=\"2026-03-05T02:41:12+00:00\" \/>\n<meta property=\"og:image\" content=\"https:\/\/littlevillagechamber.org\/wp-content\/uploads\/BACP.jpg\" \/>\n<meta name=\"twitter:card\" content=\"summary_large_image\" \/>\n<meta name=\"twitter:label1\" content=\"Tiempo de lectura\" \/>\n\t<meta name=\"twitter:data1\" content=\"4 minutos\" \/>\n<script type=\"application\/ld+json\" class=\"yoast-schema-graph\">{\"@context\":\"https:\\\/\\\/schema.org\",\"@graph\":[{\"@type\":\"WebPage\",\"@id\":\"https:\\\/\\\/littlevillagechamber.org\\\/programs\\\/\",\"url\":\"https:\\\/\\\/littlevillagechamber.org\\\/programs\\\/\",\"name\":\"Programs - Little Village Chamber of Commerce\",\"isPartOf\":{\"@id\":\"https:\\\/\\\/littlevillagechamber.org\\\/#website\"},\"primaryImageOfPage\":{\"@id\":\"https:\\\/\\\/littlevillagechamber.org\\\/programs\\\/#primaryimage\"},\"image\":{\"@id\":\"https:\\\/\\\/littlevillagechamber.org\\\/programs\\\/#primaryimage\"},\"thumbnailUrl\":\"https:\\\/\\\/littlevillagechamber.org\\\/wp-content\\\/uploads\\\/BACP.jpg\",\"datePublished\":\"2020-04-23T22:01:44+00:00\",\"dateModified\":\"2026-03-05T02:41:12+00:00\",\"breadcrumb\":{\"@id\":\"https:\\\/\\\/littlevillagechamber.org\\\/programs\\\/#breadcrumb\"},\"inLanguage\":\"es\",\"potentialAction\":[{\"@type\":\"ReadAction\",\"target\":[\"https:\\\/\\\/littlevillagechamber.org\\\/programs\\\/\"]}]},{\"@type\":\"ImageObject\",\"inLanguage\":\"es\",\"@id\":\"https:\\\/\\\/littlevillagechamber.org\\\/programs\\\/#primaryimage\",\"url\":\"https:\\\/\\\/littlevillagechamber.org\\\/wp-content\\\/uploads\\\/BACP.jpg\",\"contentUrl\":\"https:\\\/\\\/littlevillagechamber.org\\\/wp-content\\\/uploads\\\/BACP.jpg\"},{\"@type\":\"BreadcrumbList\",\"@id\":\"https:\\\/\\\/littlevillagechamber.org\\\/programs\\\/#breadcrumb\",\"itemListElement\":[{\"@type\":\"ListItem\",\"position\":1,\"name\":\"Home\",\"item\":\"https:\\\/\\\/littlevillagechamber.org\\\/\"},{\"@type\":\"ListItem\",\"position\":2,\"name\":\"Programs\"}]},{\"@type\":\"WebSite\",\"@id\":\"https:\\\/\\\/littlevillagechamber.org\\\/#website\",\"url\":\"https:\\\/\\\/littlevillagechamber.org\\\/\",\"name\":\"Little Village Chamber of Commerce\",\"description\":\"Tu Mexico, Tu Chicago!\",\"publisher\":{\"@id\":\"https:\\\/\\\/littlevillagechamber.org\\\/#organization\"},\"potentialAction\":[{\"@type\":\"SearchAction\",\"target\":{\"@type\":\"EntryPoint\",\"urlTemplate\":\"https:\\\/\\\/littlevillagechamber.org\\\/?s={search_term_string}\"},\"query-input\":{\"@type\":\"PropertyValueSpecification\",\"valueRequired\":true,\"valueName\":\"search_term_string\"}}],\"inLanguage\":\"es\"},{\"@type\":\"Organization\",\"@id\":\"https:\\\/\\\/littlevillagechamber.org\\\/#organization\",\"name\":\"Little Village Chamber of Commerce\",\"url\":\"https:\\\/\\\/littlevillagechamber.org\\\/\",\"logo\":{\"@type\":\"ImageObject\",\"inLanguage\":\"es\",\"@id\":\"https:\\\/\\\/littlevillagechamber.org\\\/#\\\/schema\\\/logo\\\/image\\\/\",\"url\":\"https:\\\/\\\/littlevillagechamber.org\\\/wp-content\\\/uploads\\\/LVCC.png\",\"contentUrl\":\"https:\\\/\\\/littlevillagechamber.org\\\/wp-content\\\/uploads\\\/LVCC.png\",\"width\":300,\"height\":257,\"caption\":\"Little Village Chamber of Commerce\"},\"image\":{\"@id\":\"https:\\\/\\\/littlevillagechamber.org\\\/#\\\/schema\\\/logo\\\/image\\\/\"}}]}<\/script>\n<!-- \/ Yoast SEO plugin. -->","yoast_head_json":{"title":"Programs - Little Village Chamber of Commerce","robots":{"index":"index","follow":"follow","max-snippet":"max-snippet:-1","max-image-preview":"max-image-preview:large","max-video-preview":"max-video-preview:-1"},"canonical":"https:\/\/littlevillagechamber.org\/es\/programs\/","og_locale":"es_MX","og_type":"article","og_title":"Programs - Little Village Chamber of Commerce","og_description":"Programs BACP&#8217;s NBDC Partnership Little Village Chamber of Commerce is partnering with the City of Chicago, Department of Business Affairs and Consumer Protection (BACP), to provide hyper-local support to business owners and start-up entrepreneurs through the Neighborhood Business Development Centers (NBDC) program. Little Village Chamber of Commerce is committed to helping you grow your small [&hellip;]","og_url":"https:\/\/littlevillagechamber.org\/es\/programs\/","og_site_name":"Little Village Chamber of Commerce","article_modified_time":"2026-03-05T02:41:12+00:00","og_image":[{"url":"https:\/\/littlevillagechamber.org\/wp-content\/uploads\/BACP.jpg","type":"","width":"","height":""}],"twitter_card":"summary_large_image","twitter_misc":{"Tiempo de lectura":"4 minutos"},"schema":{"@context":"https:\/\/schema.org","@graph":[{"@type":"WebPage","@id":"https:\/\/littlevillagechamber.org\/programs\/","url":"https:\/\/littlevillagechamber.org\/programs\/","name":"Programs - Little Village Chamber of Commerce","isPartOf":{"@id":"https:\/\/littlevillagechamber.org\/#website"},"primaryImageOfPage":{"@id":"https:\/\/littlevillagechamber.org\/programs\/#primaryimage"},"image":{"@id":"https:\/\/littlevillagechamber.org\/programs\/#primaryimage"},"thumbnailUrl":"https:\/\/littlevillagechamber.org\/wp-content\/uploads\/BACP.jpg","datePublished":"2020-04-23T22:01:44+00:00","dateModified":"2026-03-05T02:41:12+00:00","breadcrumb":{"@id":"https:\/\/littlevillagechamber.org\/programs\/#breadcrumb"},"inLanguage":"es","potentialAction":[{"@type":"ReadAction","target":["https:\/\/littlevillagechamber.org\/programs\/"]}]},{"@type":"ImageObject","inLanguage":"es","@id":"https:\/\/littlevillagechamber.org\/programs\/#primaryimage","url":"https:\/\/littlevillagechamber.org\/wp-content\/uploads\/BACP.jpg","contentUrl":"https:\/\/littlevillagechamber.org\/wp-content\/uploads\/BACP.jpg"},{"@type":"BreadcrumbList","@id":"https:\/\/littlevillagechamber.org\/programs\/#breadcrumb","itemListElement":[{"@type":"ListItem","position":1,"name":"Home","item":"https:\/\/littlevillagechamber.org\/"},{"@type":"ListItem","position":2,"name":"Programs"}]},{"@type":"WebSite","@id":"https:\/\/littlevillagechamber.org\/#website","url":"https:\/\/littlevillagechamber.org\/","name":"La C\u00e1mara de Comercio de La Villita","description":"Tu M\u00e9xico, Tu Chicago!","publisher":{"@id":"https:\/\/littlevillagechamber.org\/#organization"},"potentialAction":[{"@type":"SearchAction","target":{"@type":"EntryPoint","urlTemplate":"https:\/\/littlevillagechamber.org\/?s={search_term_string}"},"query-input":{"@type":"PropertyValueSpecification","valueRequired":true,"valueName":"search_term_string"}}],"inLanguage":"es"},{"@type":"Organization","@id":"https:\/\/littlevillagechamber.org\/#organization","name":"La C\u00e1mara de Comercio de La Villita","url":"https:\/\/littlevillagechamber.org\/","logo":{"@type":"ImageObject","inLanguage":"es","@id":"https:\/\/littlevillagechamber.org\/#\/schema\/logo\/image\/","url":"https:\/\/littlevillagechamber.org\/wp-content\/uploads\/LVCC.png","contentUrl":"https:\/\/littlevillagechamber.org\/wp-content\/uploads\/LVCC.png","width":300,"height":257,"caption":"Little Village Chamber of Commerce"},"image":{"@id":"https:\/\/littlevillagechamber.org\/#\/schema\/logo\/image\/"}}]}},"_links":{"self":[{"href":"https:\/\/littlevillagechamber.org\/es\/wp-json\/wp\/v2\/pages\/25225","targetHints":{"allow":["GET"]}}],"collection":[{"href":"https:\/\/littlevillagechamber.org\/es\/wp-json\/wp\/v2\/pages"}],"about":[{"href":"https:\/\/littlevillagechamber.org\/es\/wp-json\/wp\/v2\/types\/page"}],"author":[{"embeddable":true,"href":"https:\/\/littlevillagechamber.org\/es\/wp-json\/wp\/v2\/users\/3"}],"replies":[{"embeddable":true,"href":"https:\/\/littlevillagechamber.org\/es\/wp-json\/wp\/v2\/comments?post=25225"}],"version-history":[{"count":2,"href":"https:\/\/littlevillagechamber.org\/es\/wp-json\/wp\/v2\/pages\/25225\/revisions"}],"predecessor-version":[{"id":31832,"href":"https:\/\/littlevillagechamber.org\/es\/wp-json\/wp\/v2\/pages\/25225\/revisions\/31832"}],"wp:attachment":[{"href":"https:\/\/littlevillagechamber.org\/es\/wp-json\/wp\/v2\/media?parent=25225"}],"curies":[{"name":"wp","href":"https:\/\/api.w.org\/{rel}","templated":true}]}}