{"id":25224,"date":"2020-04-23T16:57:55","date_gmt":"2020-04-23T21:57:55","guid":{"rendered":"https:\/\/lvccf.wpengine.com\/?page_id=25224"},"modified":"2026-03-31T23:40:04","modified_gmt":"2026-04-01T04:40:04","slug":"membership","status":"publish","type":"page","link":"https:\/\/littlevillagechamber.org\/es\/membership\/","title":{"rendered":"Afiliaci\u00f3n"},"content":{"rendered":"<h1>Afiliaci\u00f3n<\/h1>\t\t\t\n\t\t\t<h2>Beneficios para miembros<\/h2>\t\t\t\n\t\t\t<h3>Redes Profesionales<\/h3>\t\t\t\n\t<ul>\n\t\t<li>\t\t\t\t\n\t\t<p>Eventos de conexiones profesionales<\/p>\n<\/li><li>\t\t\t\t\n\t\t<p>Participaci\u00f3n en proyectos para promover y mejorar nuestra \u00e1rea comercial; acceso a las reuniones del comit\u00e9<\/p><\/li><li>\t\t\t\t\n\t\t<p>Referencias comerciales y orientaci\u00f3n al consumidor.<\/p><\/li>\t<\/ul>\n\t\t\t<h3>Recursos<\/h3>\t\t\t\n\t<ul>\n\t\t<li>\t\t\t\t\n\t\t<p>Asesoramiento empresarial, informaci\u00f3n y referencias.<\/p><\/li><li>\t\t\t\t\n\t\t<p>Talleres mensuales<\/p><\/li><li>\t\t\t\t\n\t\t<p>Laboratorio de computaci\u00f3n con acceso a internet<\/p><\/li><li>\t\t\t\t\n\t\t<p>Espacio de oficina para reuniones, seminarios y talleres *<\/p><\/li><li>\t\t\t\t\n\t\t<p>Copiadora, fax y esc\u00e1ner de acceso *<\/p><\/li>\t<\/ul>\n\t\t\t\t<p>*Pueden aplicarse restricciones y tarifas adicionales<\/p>\n\t\t\t<h2>Hazte miembro<\/h2>\t\t\t\n\t\t\t\t<p>La\u00a0<strong>La C\u00e1mara de Comercio de La Villita<\/strong>\u00a0ofrece un\u00a0<strong>sistema de niveles de membres\u00eda<\/strong>\u00a0<strong>System<\/strong>\u00a0designed to meet businesses where they are and support their growth. All members receive core benefits such as advocacy, business support, networking, and access to resources. As membership levels increase, additional opportunities unlock-including enhanced visibility, marketing promotion, event participation, and leadership engagement. This structure ensures equity, sustainability, and clear value at every level, allowing members to choose the tier that best aligns with their goals and capacity while staying connected to our vibrant business community.<\/p>\n<p><strong>para hacerse miembro o renovar su membres\u00eda, por favor comun\u00edquese con\u00a0<a href=\"https:\/\/littlevillagechamber.org\/wp-content\/uploads\/LVCC_Calendar_2026_1080px-02.jpg\">alfredo@littlevillagechamber.org<\/a><\/strong><\/p>\n<figure data-animation-delay=\"0\" data-animation-duration=\"2\" itemscope itemtype=\"https:\/\/schema.org\/ImageObject\">\n\t\t\t\t<a href=\"https:\/\/littlevillagechamber.org\/wp-content\/uploads\/LVCC_Calendar_2026_1080px-02.jpg\"  target=\"_blank\" rel=\"noopener\"  itemprop=\"url\">\n\t\t\t\t<img decoding=\"async\" src=\"https:\/\/littlevillagechamber.org\/wp-content\/uploads\/LVCC_Memberships_2026_1080px-01-1.jpg\" alt=\"LVCC_Memberships_2026_1080px-01\" height=\"1350\" width=\"1080\" title=\"LVCC_Memberships_2026_1080px-01\" onerror=\"this.style.display='none'\" loading=\"lazy\" \/>\n\t\t\t\t<\/a>\n\t<\/figure>","protected":false},"excerpt":{"rendered":"<p>Membership Member Benefits Networking Networking events Involvement in projects to promote and enhance our commercial area; access to committee meetings Business referrals and consumer guidance Resources Business counseling, information and referrals Monthly workshops Computer lab with internet access Office space for meetings, seminars and workshops* Copier, fax machine and scanner access * *Restrictions and fees [&hellip;]<\/p>\n","protected":false},"author":3,"featured_media":0,"parent":0,"menu_order":0,"comment_status":"closed","ping_status":"closed","template":"","meta":{"site-sidebar-layout":"no-sidebar","site-content-layout":"page-builder","ast-site-content-layout":"default","site-content-style":"default","site-sidebar-style":"default","ast-global-header-display":"","ast-banner-title-visibility":"","ast-main-header-display":"","ast-hfb-above-header-display":"","ast-hfb-below-header-display":"","ast-hfb-mobile-header-display":"","site-post-title":"disabled","ast-breadcrumbs-content":"","ast-featured-img":"disabled","footer-sml-layout":"","ast-disable-related-posts":"","theme-transparent-header-meta":"default","adv-header-id-meta":"","stick-header-meta":"default","header-above-stick-meta":"","header-main-stick-meta":"","header-below-stick-meta":"","astra-migrate-meta-layouts":"default","ast-page-background-enabled":"default","ast-page-background-meta":{"desktop":{"background-color":"","background-image":"","background-repeat":"repeat","background-position":"center center","background-size":"auto","background-attachment":"scroll","background-type":"","background-media":"","overlay-type":"","overlay-color":"","overlay-opacity":"","overlay-gradient":""},"tablet":{"background-color":"","background-image":"","background-repeat":"repeat","background-position":"center center","background-size":"auto","background-attachment":"scroll","background-type":"","background-media":"","overlay-type":"","overlay-color":"","overlay-opacity":"","overlay-gradient":""},"mobile":{"background-color":"","background-image":"","background-repeat":"repeat","background-position":"center center","background-size":"auto","background-attachment":"scroll","background-type":"","background-media":"","overlay-type":"","overlay-color":"","overlay-opacity":"","overlay-gradient":""}},"ast-content-background-meta":{"desktop":{"background-color":"var(--ast-global-color-5)","background-image":"","background-repeat":"repeat","background-position":"center center","background-size":"auto","background-attachment":"scroll","background-type":"","background-media":"","overlay-type":"","overlay-color":"","overlay-opacity":"","overlay-gradient":""},"tablet":{"background-color":"var(--ast-global-color-5)","background-image":"","background-repeat":"repeat","background-position":"center center","background-size":"auto","background-attachment":"scroll","background-type":"","background-media":"","overlay-type":"","overlay-color":"","overlay-opacity":"","overlay-gradient":""},"mobile":{"background-color":"var(--ast-global-color-5)","background-image":"","background-repeat":"repeat","background-position":"center center","background-size":"auto","background-attachment":"scroll","background-type":"","background-media":"","overlay-type":"","overlay-color":"","overlay-opacity":"","overlay-gradient":""}},"footnotes":""},"class_list":["post-25224","page","type-page","status-publish","hentry"],"yoast_head":"<!-- This site is optimized with the Yoast SEO plugin v27.3 - https:\/\/yoast.com\/product\/yoast-seo-wordpress\/ -->\n<title>Membership - Little Village Chamber of Commerce<\/title>\n<meta name=\"robots\" content=\"index, follow, max-snippet:-1, max-image-preview:large, max-video-preview:-1\" \/>\n<link rel=\"canonical\" href=\"https:\/\/littlevillagechamber.org\/es\/membership\/\" \/>\n<meta property=\"og:locale\" content=\"es_MX\" \/>\n<meta property=\"og:type\" content=\"article\" \/>\n<meta property=\"og:title\" content=\"Membership - Little Village Chamber of Commerce\" \/>\n<meta property=\"og:description\" content=\"Membership Member Benefits Networking Networking events Involvement in projects to promote and enhance our commercial area; access to committee meetings Business referrals and consumer guidance Resources Business counseling, information and referrals Monthly workshops Computer lab with internet access Office space for meetings, seminars and workshops* Copier, fax machine and scanner access * *Restrictions and fees [&hellip;]\" \/>\n<meta property=\"og:url\" content=\"https:\/\/littlevillagechamber.org\/es\/membership\/\" \/>\n<meta property=\"og:site_name\" content=\"Little Village Chamber of Commerce\" \/>\n<meta property=\"article:modified_time\" content=\"2026-04-01T04:40:04+00:00\" \/>\n<meta property=\"og:image\" content=\"https:\/\/littlevillagechamber.org\/wp-content\/uploads\/LVCC_Memberships_2026_1080px-01-1.jpg\" \/>\n<meta name=\"twitter:card\" content=\"summary_large_image\" \/>\n<meta name=\"twitter:label1\" content=\"Tiempo de lectura\" \/>\n\t<meta name=\"twitter:data1\" content=\"1 minuto\" \/>\n<script type=\"application\/ld+json\" class=\"yoast-schema-graph\">{\"@context\":\"https:\\\/\\\/schema.org\",\"@graph\":[{\"@type\":\"WebPage\",\"@id\":\"https:\\\/\\\/littlevillagechamber.org\\\/membership\\\/\",\"url\":\"https:\\\/\\\/littlevillagechamber.org\\\/membership\\\/\",\"name\":\"Membership - Little Village Chamber of Commerce\",\"isPartOf\":{\"@id\":\"https:\\\/\\\/littlevillagechamber.org\\\/#website\"},\"primaryImageOfPage\":{\"@id\":\"https:\\\/\\\/littlevillagechamber.org\\\/membership\\\/#primaryimage\"},\"image\":{\"@id\":\"https:\\\/\\\/littlevillagechamber.org\\\/membership\\\/#primaryimage\"},\"thumbnailUrl\":\"https:\\\/\\\/littlevillagechamber.org\\\/wp-content\\\/uploads\\\/LVCC_Memberships_2026_1080px-01-1.jpg\",\"datePublished\":\"2020-04-23T21:57:55+00:00\",\"dateModified\":\"2026-04-01T04:40:04+00:00\",\"breadcrumb\":{\"@id\":\"https:\\\/\\\/littlevillagechamber.org\\\/membership\\\/#breadcrumb\"},\"inLanguage\":\"es\",\"potentialAction\":[{\"@type\":\"ReadAction\",\"target\":[\"https:\\\/\\\/littlevillagechamber.org\\\/membership\\\/\"]}]},{\"@type\":\"ImageObject\",\"inLanguage\":\"es\",\"@id\":\"https:\\\/\\\/littlevillagechamber.org\\\/membership\\\/#primaryimage\",\"url\":\"https:\\\/\\\/littlevillagechamber.org\\\/wp-content\\\/uploads\\\/LVCC_Memberships_2026_1080px-01-1.jpg\",\"contentUrl\":\"https:\\\/\\\/littlevillagechamber.org\\\/wp-content\\\/uploads\\\/LVCC_Memberships_2026_1080px-01-1.jpg\"},{\"@type\":\"BreadcrumbList\",\"@id\":\"https:\\\/\\\/littlevillagechamber.org\\\/membership\\\/#breadcrumb\",\"itemListElement\":[{\"@type\":\"ListItem\",\"position\":1,\"name\":\"Home\",\"item\":\"https:\\\/\\\/littlevillagechamber.org\\\/\"},{\"@type\":\"ListItem\",\"position\":2,\"name\":\"Membership\"}]},{\"@type\":\"WebSite\",\"@id\":\"https:\\\/\\\/littlevillagechamber.org\\\/#website\",\"url\":\"https:\\\/\\\/littlevillagechamber.org\\\/\",\"name\":\"Little Village Chamber of Commerce\",\"description\":\"Tu Mexico, Tu Chicago!\",\"publisher\":{\"@id\":\"https:\\\/\\\/littlevillagechamber.org\\\/#organization\"},\"potentialAction\":[{\"@type\":\"SearchAction\",\"target\":{\"@type\":\"EntryPoint\",\"urlTemplate\":\"https:\\\/\\\/littlevillagechamber.org\\\/?s={search_term_string}\"},\"query-input\":{\"@type\":\"PropertyValueSpecification\",\"valueRequired\":true,\"valueName\":\"search_term_string\"}}],\"inLanguage\":\"es\"},{\"@type\":\"Organization\",\"@id\":\"https:\\\/\\\/littlevillagechamber.org\\\/#organization\",\"name\":\"Little Village Chamber of Commerce\",\"url\":\"https:\\\/\\\/littlevillagechamber.org\\\/\",\"logo\":{\"@type\":\"ImageObject\",\"inLanguage\":\"es\",\"@id\":\"https:\\\/\\\/littlevillagechamber.org\\\/#\\\/schema\\\/logo\\\/image\\\/\",\"url\":\"https:\\\/\\\/littlevillagechamber.org\\\/wp-content\\\/uploads\\\/LVCC.png\",\"contentUrl\":\"https:\\\/\\\/littlevillagechamber.org\\\/wp-content\\\/uploads\\\/LVCC.png\",\"width\":300,\"height\":257,\"caption\":\"Little Village Chamber of Commerce\"},\"image\":{\"@id\":\"https:\\\/\\\/littlevillagechamber.org\\\/#\\\/schema\\\/logo\\\/image\\\/\"}}]}<\/script>\n<!-- \/ Yoast SEO plugin. -->","yoast_head_json":{"title":"Membership - Little Village Chamber of Commerce","robots":{"index":"index","follow":"follow","max-snippet":"max-snippet:-1","max-image-preview":"max-image-preview:large","max-video-preview":"max-video-preview:-1"},"canonical":"https:\/\/littlevillagechamber.org\/es\/membership\/","og_locale":"es_MX","og_type":"article","og_title":"Membership - Little Village Chamber of Commerce","og_description":"Membership Member Benefits Networking Networking events Involvement in projects to promote and enhance our commercial area; access to committee meetings Business referrals and consumer guidance Resources Business counseling, information and referrals Monthly workshops Computer lab with internet access Office space for meetings, seminars and workshops* Copier, fax machine and scanner access * *Restrictions and fees [&hellip;]","og_url":"https:\/\/littlevillagechamber.org\/es\/membership\/","og_site_name":"Little Village Chamber of Commerce","article_modified_time":"2026-04-01T04:40:04+00:00","og_image":[{"url":"https:\/\/littlevillagechamber.org\/wp-content\/uploads\/LVCC_Memberships_2026_1080px-01-1.jpg","type":"","width":"","height":""}],"twitter_card":"summary_large_image","twitter_misc":{"Tiempo de lectura":"1 minuto"},"schema":{"@context":"https:\/\/schema.org","@graph":[{"@type":"WebPage","@id":"https:\/\/littlevillagechamber.org\/membership\/","url":"https:\/\/littlevillagechamber.org\/membership\/","name":"Membership - Little Village Chamber of Commerce","isPartOf":{"@id":"https:\/\/littlevillagechamber.org\/#website"},"primaryImageOfPage":{"@id":"https:\/\/littlevillagechamber.org\/membership\/#primaryimage"},"image":{"@id":"https:\/\/littlevillagechamber.org\/membership\/#primaryimage"},"thumbnailUrl":"https:\/\/littlevillagechamber.org\/wp-content\/uploads\/LVCC_Memberships_2026_1080px-01-1.jpg","datePublished":"2020-04-23T21:57:55+00:00","dateModified":"2026-04-01T04:40:04+00:00","breadcrumb":{"@id":"https:\/\/littlevillagechamber.org\/membership\/#breadcrumb"},"inLanguage":"es","potentialAction":[{"@type":"ReadAction","target":["https:\/\/littlevillagechamber.org\/membership\/"]}]},{"@type":"ImageObject","inLanguage":"es","@id":"https:\/\/littlevillagechamber.org\/membership\/#primaryimage","url":"https:\/\/littlevillagechamber.org\/wp-content\/uploads\/LVCC_Memberships_2026_1080px-01-1.jpg","contentUrl":"https:\/\/littlevillagechamber.org\/wp-content\/uploads\/LVCC_Memberships_2026_1080px-01-1.jpg"},{"@type":"BreadcrumbList","@id":"https:\/\/littlevillagechamber.org\/membership\/#breadcrumb","itemListElement":[{"@type":"ListItem","position":1,"name":"Home","item":"https:\/\/littlevillagechamber.org\/"},{"@type":"ListItem","position":2,"name":"Membership"}]},{"@type":"WebSite","@id":"https:\/\/littlevillagechamber.org\/#website","url":"https:\/\/littlevillagechamber.org\/","name":"La C\u00e1mara de Comercio de La Villita","description":"Tu M\u00e9xico, Tu Chicago!","publisher":{"@id":"https:\/\/littlevillagechamber.org\/#organization"},"potentialAction":[{"@type":"SearchAction","target":{"@type":"EntryPoint","urlTemplate":"https:\/\/littlevillagechamber.org\/?s={search_term_string}"},"query-input":{"@type":"PropertyValueSpecification","valueRequired":true,"valueName":"search_term_string"}}],"inLanguage":"es"},{"@type":"Organization","@id":"https:\/\/littlevillagechamber.org\/#organization","name":"La C\u00e1mara de Comercio de La Villita","url":"https:\/\/littlevillagechamber.org\/","logo":{"@type":"ImageObject","inLanguage":"es","@id":"https:\/\/littlevillagechamber.org\/#\/schema\/logo\/image\/","url":"https:\/\/littlevillagechamber.org\/wp-content\/uploads\/LVCC.png","contentUrl":"https:\/\/littlevillagechamber.org\/wp-content\/uploads\/LVCC.png","width":300,"height":257,"caption":"Little Village Chamber of Commerce"},"image":{"@id":"https:\/\/littlevillagechamber.org\/#\/schema\/logo\/image\/"}}]}},"_links":{"self":[{"href":"https:\/\/littlevillagechamber.org\/es\/wp-json\/wp\/v2\/pages\/25224","targetHints":{"allow":["GET"]}}],"collection":[{"href":"https:\/\/littlevillagechamber.org\/es\/wp-json\/wp\/v2\/pages"}],"about":[{"href":"https:\/\/littlevillagechamber.org\/es\/wp-json\/wp\/v2\/types\/page"}],"author":[{"embeddable":true,"href":"https:\/\/littlevillagechamber.org\/es\/wp-json\/wp\/v2\/users\/3"}],"replies":[{"embeddable":true,"href":"https:\/\/littlevillagechamber.org\/es\/wp-json\/wp\/v2\/comments?post=25224"}],"version-history":[{"count":10,"href":"https:\/\/littlevillagechamber.org\/es\/wp-json\/wp\/v2\/pages\/25224\/revisions"}],"predecessor-version":[{"id":31984,"href":"https:\/\/littlevillagechamber.org\/es\/wp-json\/wp\/v2\/pages\/25224\/revisions\/31984"}],"wp:attachment":[{"href":"https:\/\/littlevillagechamber.org\/es\/wp-json\/wp\/v2\/media?parent=25224"}],"curies":[{"name":"wp","href":"https:\/\/api.w.org\/{rel}","templated":true}]}}